{"id":7699,"date":"2017-05-26T19:23:16","date_gmt":"2017-05-26T16:23:16","guid":{"rendered":"https:\/\/www.pensiuneambient.ro\/?page_id=7699"},"modified":"2023-11-14T19:56:41","modified_gmt":"2023-11-14T17:56:41","slug":"evenimente-in-brasov","status":"publish","type":"page","link":"https:\/\/www.pensiuneambient.ro\/ro\/hotel_services\/evenimente-in-brasov\/","title":{"rendered":"Evenimente \u00een Bra\u015fov"},"content":{"rendered":"<p><\/p>\n<p>[vc_row css=&#8221;.vc_custom_1495630713246{margin-bottom: -150px !important;}&#8221;][vc_column width=&#8221;1\/3&#8243;][vc_column_text]<\/p>\n<h1 style=\"text-align: center;\"><small>V\u0103 invit\u0103m s\u0103 descoperi\u0163i evenimente, spectacole, expozi\u0163ii, opere de teatru de excep\u0163ie!<\/small><\/h1>\n<p style=\"text-align: center;\">\u00cen afar\u0103 de a fi unul dintre cele mai frumoase ora\u015fe din Rom\u00e2nia \u015fi un important obiectiv turistic pentru oamenii din \u00eentreaga lume, Bra\u015fovul este un loc special care \u00ee\u015fi surprinde de fiecare dat\u0103 spectatorii. Situat la poalele muntelui T\u00e2mpa, ora\u015ful \u00eens\u0103\u015fi este un spectacol pentru vedere, at\u00e2t datorit\u0103 bijuteriilor istorice \u015fi cotidiene care \u00ee\u015fi fac veacul aici, c\u00e2t \u015fi datorit\u0103 activit\u0103\u0163ilor localnicilor care \u015ftiu s\u0103 \u00ee\u015fi pre\u0163uiasc\u0103 comoara.<\/p>\n<p>[\/vc_column_text][\/vc_column][vc_column width=&#8221;1\/5&#8243; css=&#8221;.vc_custom_1659255491661{margin-top: 40px !important;}&#8221;][vc_single_image image=&#8221;7655&#8243; alignment=&#8221;center&#8221; onclick=&#8221;custom_link&#8221; img_link_target=&#8221;_blank&#8221; link=&#8221;http:\/\/cultura.brasovcity.ro\/ro\/calendar-evenimente\/&#8221; css=&#8221;.vc_custom_1495627575386{margin-top: -20px !important;}&#8221;][vc_column_text css=&#8221;.vc_custom_1495819423310{margin-top: -25px !important;}&#8221;]<\/p>\n<p style=\"text-align: center;\"><strong><span style=\"color: #7c0021;\">EVENIMENTE \u00ceN BRA\u015eOV<\/span><\/strong><\/p>\n<p>[\/vc_column_text][\/vc_column][vc_column width=&#8221;1\/5&#8243; css=&#8221;.vc_custom_1659255486126{margin-top: 50px !important;}&#8221;][vc_raw_html]JTNDY2VudGVyJTNFJTNDZGl2JTIwc3R5bGUlM0QlMjJkaXNwbGF5JTNBYmxvY2slM0IlMjBwb3NpdGlvbiUzQXN0YXRpYyUzQiUyMHdpZHRoJTNBJTIwODVweCUzQiUyMG1hcmdpbiUzQTNweCUyMDAlM0IlMjBwYWRkaW5nJTNBJTIwMCUzQiUyMGZvbnQtZmFtaWx5JTNBJTIwQXJpYWwlMkMlMjBUYWhvbWElMkMlMjBWZXJkYW5hJTJDJTIwSGVsdmV0aWNhJTJDJTIwc2Fucy1zZXJpZiUzQiUyMGZvbnQtc2l6ZSUzQSUyMDEycHglM0IlMjB0ZXh0LWFsaWduJTNBJTIwY2VudGVyJTNCJTIyJTNFJTNDYSUyMGhyZWYlM0QlMjJodHRwJTNBJTJGJTJGd3d3LnR1cmlzdGluZm8ucm8lMkZicmFzb3YlMkZjYXphcmUtYnJhc292JTJGcGVuc2l1bmVhX2FtYmllbnQtYzExOTYzLmh0bWwlMjIlMjB0aXRsZSUzRCUyMlBlbnNpdW5lYSUyMEFtYmllbnQlMjBCcmElQzglOTlvdiUyMHBlJTIwVFVSSVNUJTIwSU5GTyUyMC5ybyUyMiUyMHRhcmdldCUzRCUyMl9zZWxmJTIyJTIwJTNFJTNDaW1nJTIwc3JjJTNEJTIyaHR0cHMlM0ElMkYlMkZ3d3cudHVyaXN0aW5mby5ybyUyRmltYWdlcyUyRmxvZ28ucG5nJTIyJTIwd2lkdGglM0QlMjI4NSUyMiUyMGhlaWdodCUzRCUyMjg1JTIyJTIwYWx0JTNEJTIyQ2F6YXJlJTIwaG90ZWx1cmklMjBwZW5zaXVuaSUyMHBlJTIwdHVyaXN0aW5mby5ybyUyMiUyMHN0eWxlJTNEJTIyYm9yZGVyJTNBMCUzQiUyMiUyMCUyMCUyRiUzRSUzQyUyRmElM0UlM0NkaXYlMjBzdHlsZSUzRCUyMm1hcmdpbiUzQTNweCUyMDAlMjAwJTIwMCUzQiUyMiUzRSUzQ2ElMjBocmVmJTNEJTIyaHR0cHMlM0ElMkYlMkZ3d3cudHVyaXN0aW5mby5ybyUyRmJyYXNvdiUyRmNhemFyZS1ob3RlbHVyaS12aWxlLXBlbnNpdW5pLWJyYXNvdi5odG1sJTIyJTIwdGl0bGUlM0QlMjJhbHRlJTIwaG90ZWx1cmklMjBzaSUyMHBlbnNpdW5pJTIwaW4lMjBCcmElQzglOTlvdiUyMiUyMHRhcmdldCUzRCUyMl9zZWxmJTIyJTIwc3R5bGUlM0QlMjJjb2xvciUzQSUyMCUyMzNCNTk5OCUzQiUyMGN1cnNvciUzQXBvaW50ZXIlM0IlMjIlM0VDYXphcmUlMjBCcmElQzglOTlvdiUzQyUyRmElM0UlM0MlMkZkaXYlM0UlM0MlMkZkaXYlM0UlM0MlMkZjZW50ZXIlM0U=[\/vc_raw_html][\/vc_column][vc_column width=&#8221;1\/5&#8243; css=&#8221;.vc_custom_1659255497856{margin-top: 70px !important;}&#8221;][vc_single_image image=&#8221;7754&#8243; alignment=&#8221;center&#8221; onclick=&#8221;custom_link&#8221; img_link_target=&#8221;_blank&#8221; link=&#8221;https:\/\/ghidlocal.com\/brasov\/evenimente\/&#8221; css=&#8221;.vc_custom_1497885726439{margin-top: -20px !important;}&#8221;][vc_column_text css=&#8221;.vc_custom_1497885745374{margin-top: -25px !important;}&#8221;]<\/p>\n<p style=\"text-align: center;\"><strong><span style=\"color: #7c0021;\">GHID LOCAL BRA\u015eOV<\/span><\/strong><\/p>\n<p>[\/vc_column_text][\/vc_column][\/vc_row][vc_row css=&#8221;.vc_custom_1495819113707{margin-top: 50px !important;margin-bottom: -150px !important;}&#8221;][vc_column][vc_separator color=&#8221;custom&#8221; style=&#8221;shadow&#8221; border_width=&#8221;2&#8243; accent_color=&#8221;#7c0021&#8243;][\/vc_column][\/vc_row][vc_row css=&#8221;.vc_custom_1495823631238{margin-top: 40px !important;}&#8221;][vc_column width=&#8221;1\/2&#8243; css=&#8221;.vc_custom_1495627794964{margin-top: 40px !important;}&#8221;][vc_single_image image=&#8221;7654&#8243; img_size=&#8221;medium&#8221; alignment=&#8221;center&#8221;][vc_raw_html]JTNDY2VudGVyJTNFJTNDYSUyMGhyZWYlM0QlMjJodHRwcyUzQSUyRiUyRmIyYi50cmlwaWdvLnJvJTJGYjJjJTJGQU1CJTJGb3RoZXIlMkZzZWFyY2glMjIlM0UlM0NpbWclMjBjbGFzcyUzRCUyMndwLWltYWdlLTg1MjMlMjBhbGlnbmNlbnRlciUyMiUyMHNyYyUzRCUyMmh0dHBzJTNBJTJGJTJGd3d3LmhvdGVsYW1iaWVudC5ybyUyRndwLWNvbnRlbnQlMkZ1cGxvYWRzJTJGMjAyMiUyRjA4JTJGZXpnaWYuY29tLWdpZi1tYWtlci5naWYlMjIlMjBhbHQlM0QlMjIlMjIlMjB3aWR0aCUzRCUyMjIyOSUyMiUyMGhlaWdodCUzRCUyMjIyOSUyMiUyMCUyRiUzRSUzQyUyRmElM0UlM0MlMkZjZW50ZXIlM0U=[\/vc_raw_html][\/vc_column][vc_column width=&#8221;1\/2&#8243;][vc_images_carousel images=&#8221;7727,7728,7730,7729&#8243; onclick=&#8221;link_no&#8221;][\/vc_column][\/vc_row][vc_row css=&#8221;.vc_custom_1470399456447{margin-top: -200px !important;}&#8221;][vc_column][vc_raw_html]JTNDc2NyaXB0JTIwdHlwZSUzRCUyMnRleHQlMkZqYXZhc2NyaXB0JTIyJTIwc3JjJTNEJTIyaHR0cHMlM0ElMkYlMkZvcGVuLnVwcGVyYm9va2luZy5jb20lMkZhbWJpZW50cGVuc2l1bmUlMkZCb29raW5nLmpzJTNGbG9jYWxlJTNEcm8lMjIlM0UlM0MlMkZzY3JpcHQlM0U=[\/vc_raw_html][\/vc_column][\/vc_row]<\/p>\n<p><\/p>","protected":false},"excerpt":{"rendered":"<p>[vc_row css=&#8221;.vc_custom_1495630713246{margin-bottom: -150px !important;}&#8221;][vc_column width=&#8221;1\/3&#8243;][vc_column_text] V\u0103 invit\u0103m s\u0103 descoperi\u0163i evenimente, spectacole, expozi\u0163ii, opere de teatru de excep\u0163ie! \u00cen afar\u0103 de [&hellip;]<\/p>\n","protected":false},"author":2,"featured_media":0,"parent":11,"menu_order":8,"comment_status":"closed","ping_status":"closed","template":"","meta":{"footnotes":""},"yst_prominent_words":[],"class_list":["post-7699","page","type-page","status-publish","hentry"],"yoast_head":"<!-- This site is optimized with the Yoast SEO Premium plugin v14.0.2 - https:\/\/yoast.com\/wordpress\/plugins\/seo\/ -->\n<title>Evenimente \u00een Bra\u015fov - Ambient Pensiune https:\/\/www.pensiuneambient.ro\/en\/ne - Bra\u0219ov - Rezerv\u0103 la cel mai bun pre\u021b pentru propriet\u0103\u0163ile Ambient<\/title>\n<meta name=\"robots\" content=\"index, follow\" \/>\n<meta name=\"googlebot\" content=\"index, follow, max-snippet:-1, max-image-preview:large, max-video-preview:-1\" \/>\n<meta name=\"bingbot\" content=\"index, follow, max-snippet:-1, max-image-preview:large, max-video-preview:-1\" \/>\n<link rel=\"canonical\" href=\"https:\/\/www.pensiuneambient.ro\/hotel_services\/evenimente-in-brasov\/\" \/>\n<meta property=\"og:locale\" content=\"ro_RO\" \/>\n<meta property=\"og:type\" content=\"article\" \/>\n<meta property=\"og:title\" content=\"[:ro]Evenimente \u00een Bra\u015fov[:en]Events in Brasov[:es]Eventos en Brasov[:de]Veranstaltungen in Brasov[:] - Ambient Pensiune https:\/\/www.pensiuneambient.ro\/en\/ne - Bra\u0219ov - Rezerv\u0103 la cel mai bun pre\u021b pentru propriet\u0103\u0163ile Ambient\" \/>\n<meta property=\"og:description\" content=\"[vc_row css=&#8221;.vc_custom_1495630713246{margin-bottom: -150px !important;}&#8221;][vc_column width=&#8221;1\/3&#8243;][vc_column_text] V\u0103 invit\u0103m s\u0103 descoperi\u0163i evenimente, spectacole, expozi\u0163ii, opere de teatru de excep\u0163ie! \u00cen afar\u0103 de [&hellip;]\" \/>\n<meta property=\"og:url\" content=\"https:\/\/www.pensiuneambient.ro\/hotel_services\/evenimente-in-brasov\/\" \/>\n<meta property=\"og:site_name\" content=\"Ambient Pensiune https:\/\/www.pensiuneambient.ro\/en\/ne - Bra\u0219ov - Rezerv\u0103 la cel mai bun pre\u021b pentru propriet\u0103\u0163ile Ambient\" \/>\n<meta property=\"article:modified_time\" content=\"2023-11-14T17:56:41+00:00\" \/>\n<meta name=\"twitter:card\" content=\"summary_large_image\" \/>\n<script type=\"application\/ld+json\" class=\"yoast-schema-graph\">{\"@context\":\"https:\/\/schema.org\",\"@graph\":[{\"@type\":\"WebSite\",\"@id\":\"https:\/\/www.pensiuneambient.ro\/ro\/#website\",\"url\":\"https:\/\/www.pensiuneambient.ro\/ro\/\",\"name\":\"Ambient Pensiune https:\/\/www.pensiuneambient.ro\/en\/ne - Bra\\u0219ov - Rezerv\\u0103 la cel mai bun pre\\u021b pentru propriet\\u0103\\u0163ile Ambient\",\"description\":\"Site-ul oficial\",\"potentialAction\":[{\"@type\":\"SearchAction\",\"target\":\"https:\/\/www.pensiuneambient.ro\/ro\/?s={search_term_string}\",\"query-input\":\"required name=search_term_string\"}],\"inLanguage\":\"ro-RO\"},{\"@type\":\"WebPage\",\"@id\":\"https:\/\/www.pensiuneambient.ro\/hotel_services\/evenimente-in-brasov\/#webpage\",\"url\":\"https:\/\/www.pensiuneambient.ro\/hotel_services\/evenimente-in-brasov\/\",\"name\":\"[:ro]Evenimente \\u00een Bra\\u015fov[:en]Events in Brasov[:es]Eventos en Brasov[:de]Veranstaltungen in Brasov[:] - Ambient Pensiune https:\/\/www.pensiuneambient.ro\/en\/ne - Bra\\u0219ov - Rezerv\\u0103 la cel mai bun pre\\u021b pentru propriet\\u0103\\u0163ile Ambient\",\"isPartOf\":{\"@id\":\"https:\/\/www.pensiuneambient.ro\/ro\/#website\"},\"datePublished\":\"2017-05-26T16:23:16+00:00\",\"dateModified\":\"2023-11-14T17:56:41+00:00\",\"inLanguage\":\"ro-RO\",\"potentialAction\":[{\"@type\":\"ReadAction\",\"target\":[\"https:\/\/www.pensiuneambient.ro\/hotel_services\/evenimente-in-brasov\/\"]}]}]}<\/script>\n<!-- \/ Yoast SEO Premium plugin. -->","_links":{"self":[{"href":"https:\/\/www.pensiuneambient.ro\/ro\/wp-json\/wp\/v2\/pages\/7699","targetHints":{"allow":["GET"]}}],"collection":[{"href":"https:\/\/www.pensiuneambient.ro\/ro\/wp-json\/wp\/v2\/pages"}],"about":[{"href":"https:\/\/www.pensiuneambient.ro\/ro\/wp-json\/wp\/v2\/types\/page"}],"author":[{"embeddable":true,"href":"https:\/\/www.pensiuneambient.ro\/ro\/wp-json\/wp\/v2\/users\/2"}],"replies":[{"embeddable":true,"href":"https:\/\/www.pensiuneambient.ro\/ro\/wp-json\/wp\/v2\/comments?post=7699"}],"version-history":[{"count":48,"href":"https:\/\/www.pensiuneambient.ro\/ro\/wp-json\/wp\/v2\/pages\/7699\/revisions"}],"predecessor-version":[{"id":8406,"href":"https:\/\/www.pensiuneambient.ro\/ro\/wp-json\/wp\/v2\/pages\/7699\/revisions\/8406"}],"up":[{"embeddable":true,"href":"https:\/\/www.pensiuneambient.ro\/ro\/wp-json\/wp\/v2\/pages\/11"}],"wp:attachment":[{"href":"https:\/\/www.pensiuneambient.ro\/ro\/wp-json\/wp\/v2\/media?parent=7699"}],"wp:term":[{"taxonomy":"yst_prominent_words","embeddable":true,"href":"https:\/\/www.pensiuneambient.ro\/ro\/wp-json\/wp\/v2\/yst_prominent_words?post=7699"}],"curies":[{"name":"wp","href":"https:\/\/api.w.org\/{rel}","templated":true}]}}