{"id":3853,"date":"2016-07-03T22:34:47","date_gmt":"2016-07-03T22:34:47","guid":{"rendered":"http:\/\/www.hotelsperformance.com\/sitehotper\/hotels\/ambient\/?page_id=3853"},"modified":"2025-12-19T22:20:51","modified_gmt":"2025-12-19T20:20:51","slug":"transfers","status":"publish","type":"page","link":"https:\/\/www.pensiuneambient.ro\/ro\/hotel_services\/transfers\/","title":{"rendered":"Transferuri &#038; Excursii"},"content":{"rendered":"<p>[vc_row full_width=&#8221;stretch_row&#8221; position=&#8221;right center&#8221; css=&#8221;.vc_custom_1468783841296{background-position: 0 0 !important;background-repeat: no-repeat !important;}&#8221;][vc_column width=&#8221;1\/2&#8243;][vc_column_text]<\/p>\n<h2><small>CU AMBIENT, DRUMUL ESTE U\u015eOR DE PARCURS<br \/>\n<\/small><span style=\"color: #7c0021;\">TRANSFERURI &amp; EXCURSII<\/span><\/h2>\n<p class=\"lead\">\u015etim c\u0103 pe durata vizitei dumneavoastr\u0103 timpul este foarte important \u015fi de aceea oferim servicii de transport \u015fi v\u0103 punem la dispozi\u0163ie o flota modern\u0103 de vehicule \u015fi un personal de conduc\u0103tori auto profesioni\u015fti care vorbesc diferite limbi pentru a nu trebui s\u0103 v\u0103 preocupa\u0163i de trafic, s\u0103 alege\u0163i cel mai bun traseu sau parcare, \u015foferii no\u015ftri vor face toate acestea pentru dumneavoastr\u0103.<\/p>\n<p>[\/vc_column_text][\/vc_column][vc_column width=&#8221;1\/2&#8243;][vc_single_image image=&#8221;7002&#8243; img_size=&#8221;450&#215;450&#8243; alignment=&#8221;center&#8221; css=&#8221;.vc_custom_1473782757936{margin-top: -90px !important;}&#8221;][\/vc_column][\/vc_row][vc_row full_width=&#8221;stretch_row&#8221; css=&#8221;.vc_custom_1472655696143{margin-top: -200px !important;margin-bottom: -110px !important;background-position: center !important;background-repeat: no-repeat !important;background-size: cover !important;}&#8221;][vc_column width=&#8221;1\/2&#8243;][vc_images_carousel images=&#8221;4557,4559,4558,4560,4556&#8243; speed=&#8221;8888&#8243;][\/vc_column][vc_column width=&#8221;1\/2&#8243;][vc_column_text]<\/p>\n<h2><small>NE ADAPT\u0102M NECESIT\u0102\u0162ILOR DUMNEVOASTR\u0102<\/small><span style=\"color: #7c0021;\">AMPL\u0102 GAM\u0102 DE AUTOMOBILE<\/span><\/h2>\n<p class=\"yiv0610475995lead\">Ambient v\u0103 ofer\u0103 transferuri standard \u015fi de clas\u0103 business din aeroportul din Bucure\u015fti \u015fi Sibiu pentru orice fel de nevoie; c\u0103l\u0103torie de afaceri, vizitarea atrac\u0163iilor turistice, evenimente speciale sau vacan\u0163e \u015fi ofer\u0103 o gama larg\u0103 de vehicule pentru a acoperi toate nevoile de transport care pot ap\u0103rea \u00een timpul sejurului dumneavoastr\u0103 \u00een Bra\u015fov.<\/p>\n<ul class=\"yiv0610475995list-pointer\">\n<li><strong>Clasa Confort:\u00a0<\/strong>Mercedes Clasa C, Volkswagen Passat (sau similar), p\u00e2n\u0103 la 3 persoane<\/li>\n<li><strong>Clasa Business:\u00a0<\/strong>Mercedes Clasa S, Jaguar XJ, Limuzina (sau similar), p\u00e2n\u0103 la 3 persoane<\/li>\n<li><strong>Grupuri:<\/strong>\u00a0Hyundai H1 (sau similar), p\u00e2n\u0103 la 7 persoane<\/li>\n<\/ul>\n<p>[\/vc_column_text][\/vc_column][\/vc_row][vc_row full_width=&#8221;stretch_row&#8221; css=&#8221;.vc_custom_1474566252915{margin-top: -30px !important;margin-bottom: -130px !important;background-color: #ffffff !important;background-position: center !important;background-repeat: no-repeat !important;background-size: cover !important;}&#8221;][vc_column width=&#8221;2\/3&#8243; el_class=&#8221;white-box content-padding text-uppercase&#8221; offset=&#8221;vc_col-sm-offset-2&#8243; css=&#8221;.vc_custom_1472643890425{margin-top: -50px !important;background-color: rgba(255,255,255,0.24) !important;*background-color: rgb(255,255,255) !important;}&#8221;]<ul class=\"list-services \"><li><h3><a href=\"#transfers\">TRANSFERURI DE LA AEROPORT<small>DIRECT DE LA AEROPORTURILE DIN ORA\u015eELE BUCURE\u015eTI \u015eI SIBIU<\/small><\/a><\/h3><\/li><li><h3><a href=\"#excursiones\">EXCURSII \u015eI DRUME\u0162II<small>DESCOPERI\u0162I BRA\u015eOVUL \u015eI \u00ceMPREJURIMILE<\/small><\/a><\/h3><\/li><li><h3><a href=\"#transporte\">SERVICII PERSONALIZATE<small>SOFERI PROFESIONI\u0218TI PENTRU AFACERI SI EVENIMENTE<\/small><\/a><\/h3><\/li><\/ul>[\/vc_column][\/vc_row][vc_row full_width=&#8221;stretch_row_content_no_spaces&#8221; css=&#8221;.vc_custom_1468797283313{margin-top: -50px !important;}&#8221;][vc_column][vc_raw_html]JTNDYSUyMG5hbWUlM0QlMjJ0cmFuc2ZlcnMlMjIlM0UlM0MlMkZhJTNF[\/vc_raw_html][\/vc_column][\/vc_row][vc_row full_width=&#8221;stretch_row&#8221; css=&#8221;.vc_custom_1472602049645{margin-top: -130px !important;background-image: url(https:\/\/www.pensiuneambient.ro\/wp-content\/uploads\/2016\/07\/tr2pensiuneambient.jpg?id=6445) !important;background-position: center !important;background-repeat: no-repeat !important;background-size: cover !important;}&#8221;][vc_column width=&#8221;1\/2&#8243; offset=&#8221;vc_col-sm-offset-3&#8243;][vc_column_text css=&#8221;.vc_custom_1766175648817{margin-left: 25px !important;background-color: rgba(255,255,255,0.89) !important;*background-color: rgb(255,255,255) !important;}&#8221; el_class=&#8221;white-box content-padding&#8221;]<\/p>\n<h2 class=\"text-uppercase text-center\" style=\"text-align: center;\">TRANSFERURI DIN ORA\u015eELE BUCURE\u015eTI \u015eI SIBIU<\/h2>\n<p style=\"text-align: center;\">Direct de la aeroport, f\u0103r\u0103 s\u0103 v\u0103 preocupa\u021bi pentru nimic( timp estimat al c\u0103l\u0103toriei: 3 ore).<\/p>\n<table class=\"table table-responsive\">\n<tbody>\n<tr>\n<td class=\"text-left\"><strong>Clasa Confort<\/strong><br \/>\n<small>Mercedes Clasa C, Volkswagen Passat (sau similar), p\u00e2n\u0103 la 4 persoane. Pre\u021b pe traiect.<\/small><\/td>\n<td class=\"text-right\">130 \u20ac<\/td>\n<\/tr>\n<tr>\n<td class=\"text-left\"><strong>Clasa Business<\/strong><br \/>\n<small>Mercedes Clasa S, Jaguar XJ, Limuzina (sau similar), p\u00e2n\u0103 la 4 persoane. Pre\u021b pe traiect.<\/small><\/td>\n<td class=\"text-right\">150 \u20ac<\/td>\n<\/tr>\n<tr>\n<td class=\"text-left\"><strong>Grupuri<\/strong><br \/>\n<small>Hyundai H1 (sau similar), p\u00e2n\u0103 la 7 persoane. Pre\u021b pe traiect.<\/small><\/td>\n<td class=\"text-right\">150 \u20ac<\/td>\n<\/tr>\n<tr>\n<td class=\"text-left\"><strong>Bra\u0219ov \u2013 Cristian <\/strong>(navet\u0103 AMBIENT MANSION, 15 minute)<br \/>\n<small><strong>Clasa Confort<\/strong>, p\u00e2n\u0103 la 4 persoane. Pre\u021b pe traiect:<\/small><\/td>\n<td class=\"text-right\">20 \u20ac<\/td>\n<\/tr>\n<tr>\n<td class=\"text-left\"><strong>Bra\u0219ov \u2013 Cristian <\/strong>(navet\u0103 AMBIENT MANSION, 15 minute)<br \/>\n<small><strong>Grupuri<\/strong>, p\u00e2n\u0103 la 7 persoane. Pre\u021b pe traiect:<\/small><\/td>\n<td class=\"text-right\">40 \u20ac<\/td>\n<\/tr>\n<tr>\n<td class=\"text-left\"><strong>Brasov \u2013 Bucuresti <\/strong>(OTP) Aeroport<br \/>\n<small><strong>Grupuri<\/strong>, p\u00e2n\u0103 la 3 persoane. Pre\u021b pe traiect:<\/small><\/td>\n<td class=\"text-right\">130 \u20ac<\/td>\n<\/tr>\n<tr>\n<td class=\"text-left\"><strong>Brasov \u2013 Bucuresti <\/strong>(OTP) Aeroport<br \/>\n<small><strong>Grupuri<\/strong>, p\u00e2n\u0103 la 7 persoane. Pre\u021b pe traiect:<\/small><\/td>\n<td class=\"text-right\">150 \u20ac<\/td>\n<\/tr>\n<tr>\n<td class=\"text-left\"><strong>Brasov \u2013 <\/strong><strong>Sibiu <\/strong>(SBZ) Aeroport<br \/>\n<small><strong>Grupuri<\/strong>, p\u00e2n\u0103 la 3 persoane. Pre\u021b pe traiect:<\/small><\/td>\n<td class=\"text-right\">130 \u20ac<\/td>\n<\/tr>\n<tr>\n<td class=\"text-left\"><strong>Brasov \u2013 <\/strong><strong>Sibiu <\/strong>(SBZ) Aeroport<br \/>\n<small><strong>Grupuri<\/strong>, p\u00e2n\u0103 la 7 persoane. Pre\u021b pe traiect:<\/small><\/td>\n<td class=\"text-right\">150 \u20ac<\/td>\n<\/tr>\n<\/tbody>\n<\/table>\n<p>[\/vc_column_text][\/vc_column][\/vc_row][vc_row full_width=&#8221;stretch_row_content_no_spaces&#8221; css=&#8221;.vc_custom_1468797349678{margin-top: -50px !important;margin-bottom: -150px !important;}&#8221;][vc_column][vc_raw_html]JTNDYSUyMG5hbWUlM0QlMjJleGN1cnNpb25lcyUyMiUzRSUzQyUyRmElM0U=[\/vc_raw_html][\/vc_column][\/vc_row][vc_row][vc_column css=&#8221;.vc_custom_1472411947038{margin-top: 120px !important;margin-bottom: -120px !important;}&#8221;][vc_separator color=&#8221;custom&#8221; style=&#8221;shadow&#8221; accent_color=&#8221;#7c0021&#8243; css=&#8221;.vc_custom_1472409763378{margin-top: -120px !important;}&#8221;][\/vc_column][\/vc_row][vc_row full_width=&#8221;stretch_row&#8221; css=&#8221;.vc_custom_1474566531553{margin-bottom: -90px !important;background-image: url(https:\/\/www.pensiuneambient.ro\/wp-content\/uploads\/2016\/07\/excursii4ambient.jpg?id=6487) !important;background-position: center !important;background-repeat: no-repeat !important;background-size: cover !important;}&#8221;][vc_column width=&#8221;1\/2&#8243; offset=&#8221;vc_col-sm-offset-3&#8243;][vc_column_text el_class=&#8221;white-box content-padding&#8221;]<\/p>\n<h2 class=\"text-uppercase text-center\" style=\"text-align: center;\">EXCURSII<\/h2>\n<p style=\"text-align: center;\">Preturile includ toate impozitele, dar nu includ parcarea, pr\u00e2nzul sau cina, serviciul de ghid sau alte servicii. Sunt implicate vehiculele din Clasa Confort (3 pasageri) si Grupuri (pan\u0103 la 7 persoane). Pentru mai mult de \u0219apte persoane, v\u0103 rugam s\u0103 consulta\u021bi echipa noastr\u0103, pre\u021burile pot varia.<\/p>\n<table class=\"table table-responsive\">\n<tbody>\n<tr>\n<td class=\"text-left\"><\/td>\n<td class=\"text-left\"><strong>3 pasageri<\/strong><\/td>\n<td class=\"text-left\"><strong>7 pasageri<\/strong><\/td>\n<\/tr>\n<tr>\n<td class=\"text-left\"><strong>Bra\u0219ov &#8211; Bran <\/strong>(Castelul Bran)<strong> &#8211; Bra\u0219ov &#8211;\u00a0<\/strong>(4 ore)<\/td>\n<td class=\"text-left\">75 \u20ac<\/td>\n<td class=\"text-left\">95 \u20ac<\/td>\n<\/tr>\n<tr>\n<td class=\"text-left\"><strong>Bra\u0219ov &#8211; Predeal &#8211; Sinaia <\/strong>(Castelul Pele\u0219)<strong> &#8211; Bra\u0219ov &#8211; <\/strong>(4 ore)<\/td>\n<td class=\"text-left\">80 \u20ac<\/td>\n<td class=\"text-left\">100 \u20ac<\/td>\n<\/tr>\n<tr>\n<td class=\"text-left\"><strong>Bra\u0219ov &#8211; Sighi\u0219oara <\/strong>(Cel mai vechi ora\u0219 medieval)<strong> &#8211; Bra\u0219ov &#8211; <\/strong>(7 ore)<\/td>\n<td class=\"text-left\">120 \u20ac<\/td>\n<td class=\"text-left\">145 \u20ac<\/td>\n<\/tr>\n<tr>\n<td class=\"text-left\"><strong>Bra\u0219ov &#8211; R\u00e2\u0219nov <\/strong>(Cetate)<strong> &#8211; Bran &#8211; Poiana Bra\u0219ov &#8211; Bra\u0219ov &#8211; <\/strong>(5 ore)<\/td>\n<td class=\"text-left\">95 \u20ac<\/td>\n<td class=\"text-left\">120 \u20ac<\/td>\n<\/tr>\n<tr>\n<td class=\"text-left\"><strong>Bra\u0219ov &#8211; F\u0103g\u0103ra\u0219 \u2013 M\u0103n\u0103stirea S\u00e2mb\u0103t\u0103 <\/strong><strong>&#8211; Bra\u0219ov &#8211; <\/strong>(5 ore)<\/td>\n<td class=\"text-left\">85 \u20ac<\/td>\n<td class=\"text-left\">105 \u20ac<\/td>\n<\/tr>\n<tr>\n<td class=\"text-left\"><strong>Bra\u0219ov &#8211; Prejmer\u00a0<\/strong><strong>&#8211; Harman <\/strong>(Bisericile Fortificate Saxone)<strong>\u00a0&#8211; Bra\u0219ov &#8211; <\/strong>(3 ore)<\/td>\n<td class=\"text-left\">75 \u20ac<\/td>\n<td class=\"text-left\">95 \u20ac<\/td>\n<\/tr>\n<tr>\n<td class=\"text-left\"><strong>Bra\u0219ov &#8211; M\u0103n\u0103stirea\u00a0rupestr\u0103\u00a0\u015einca\u00a0Veche<\/strong><strong>\u00a0&#8211; Bra\u0219ov &#8211; <\/strong>(4 ore)<\/td>\n<td class=\"text-left\">75 \u20ac<\/td>\n<td class=\"text-left\">95 \u20ac<\/td>\n<\/tr>\n<tr>\n<td class=\"text-left\"><strong>Bra\u0219ov &#8211; Viscri<\/strong> (Sat tradi\u021bional, retragerea prin\u021bului Charles de Wales)\u00a0<strong>&#8211; Bra\u0219ov &#8211; <\/strong>(6 ore)<\/td>\n<td class=\"text-left\">95 \u20ac<\/td>\n<td class=\"text-left\">115 \u20ac<\/td>\n<\/tr>\n<tr>\n<td class=\"text-left\"><strong>Brasov \u2013 Poiana Brasov<\/strong> sau <strong>Poiana Brasov \u2013 Brasov<\/strong><\/td>\n<td class=\"text-left\">25 \u20ac<\/td>\n<td class=\"text-left\">50 \u20ac<\/td>\n<\/tr>\n<tr>\n<td class=\"text-left\"><strong>Brasov \u2013 Aeroport Ghimbav (GHV) <\/strong>sau <strong>Aeroport <\/strong><strong>Ghimbav (GHV) <\/strong><strong>\u00a0\u2013 Brasov<\/strong><\/td>\n<td class=\"text-left\">30 \u20ac<\/td>\n<td class=\"text-left\">60 \u20ac<\/td>\n<\/tr>\n<\/tbody>\n<\/table>\n<p><strong>Ghid<\/strong>: de la 50 \u20ac \/ jum\u0103tate de zi, 100 \u20ac \/ zi \u00eentreag\u0103<\/p>\n<p><strong>Servicii Business<\/strong>: Jaguar XJL sau Mercedes S class \u2013 acela\u0219i pre\u021b ca cel pentru 3 pasageri\u00a0+ EXTRA 20 \u20ac \/ traiect[\/vc_column_text][\/vc_column][\/vc_row][vc_row full_width=&#8221;stretch_row_content_no_spaces&#8221;][vc_column][vc_raw_html]JTNDYSUyMG5hbWUlM0QlMjJ0cmFuc3BvcnRlJTIyJTNFJTNDJTJGYSUzRQ==[\/vc_raw_html][\/vc_column][\/vc_row][vc_row][vc_column css=&#8221;.vc_custom_1472411947038{margin-top: 120px !important;margin-bottom: -120px !important;}&#8221;][vc_separator color=&#8221;custom&#8221; style=&#8221;shadow&#8221; accent_color=&#8221;#7c0021&#8243; css=&#8221;.vc_custom_1472640255349{margin-top: -250px !important;}&#8221;][\/vc_column][\/vc_row][vc_row css=&#8221;.vc_custom_1472640413157{margin-top: -300px !important;}&#8221;][vc_column width=&#8221;1\/2&#8243; offset=&#8221;vc_col-sm-offset-3&#8243; css=&#8221;.vc_custom_1472640463923{margin-top: -60px !important;}&#8221;][vc_column_text el_class=&#8221;text-center&#8221;]<\/p>\n<h2 class=\"text-uppercase text-center\" style=\"text-align: center;\">RENT A CAR \u015eI SERVICII PERSONALIZATE<\/h2>\n<p style=\"text-align: center;\">Serviciu Rent a Car \u2013 de la 20\u20ac\/zi<\/p>\n<p style=\"text-align: center;\">Servicii Personalizate \u2013 Consulta\u021bi echipa noastr\u0103, ne adapt\u0103m nevoilor dumneavoastr\u0103<\/p>\n<p>[\/vc_column_text][\/vc_column][\/vc_row][vc_row css=&#8221;.vc_custom_1474566582962{margin-bottom: -390px !important;}&#8221;][vc_column css=&#8221;.vc_custom_1472411947038{margin-top: 120px !important;margin-bottom: -120px !important;}&#8221;][vc_separator color=&#8221;custom&#8221; style=&#8221;shadow&#8221; accent_color=&#8221;#7c0021&#8243; css=&#8221;.vc_custom_1472640729153{margin-top: -250px !important;margin-bottom: -30px !important;}&#8221;][\/vc_column][\/vc_row][vc_row css=&#8221;.vc_custom_1470397530640{margin-bottom: -200px !important;}&#8221;][vc_column][vc_raw_html]JTNDc2NyaXB0JTIwdHlwZSUzRCUyMnRleHQlMkZqYXZhc2NyaXB0JTIyJTIwc3JjJTNEJTIyaHR0cHMlM0ElMkYlMkZvcGVuLnVwcGVyYm9va2luZy5jb20lMkZhbWJpZW50cGVuc2l1bmUlMkZCb29raW5nLmpzJTNGbG9jYWxlJTNEcm8lMjIlM0UlM0MlMkZzY3JpcHQlM0U=[\/vc_raw_html][\/vc_column][\/vc_row]<\/p>","protected":false},"excerpt":{"rendered":"<p>[vc_row full_width=&#8221;stretch_row&#8221; position=&#8221;right center&#8221; css=&#8221;.vc_custom_1468783841296{background-position: 0 0 !important;background-repeat: no-repeat !important;}&#8221;][vc_column width=&#8221;1\/2&#8243;][vc_column_text] CU AMBIENT, DRUMUL ESTE U\u015eOR DE PARCURS TRANSFERURI &amp; [&hellip;]<\/p>\n","protected":false},"author":1,"featured_media":0,"parent":11,"menu_order":2,"comment_status":"closed","ping_status":"closed","template":"","meta":{"footnotes":""},"yst_prominent_words":[],"class_list":["post-3853","page","type-page","status-publish","hentry"],"yoast_head":"<!-- This site is optimized with the Yoast SEO Premium plugin v14.0.2 - https:\/\/yoast.com\/wordpress\/plugins\/seo\/ -->\n<title>Transferuri &amp; Excursii - Ambient Pensiune https:\/\/www.pensiuneambient.ro\/en\/ne - Bra\u0219ov - Rezerv\u0103 la cel mai bun pre\u021b pentru propriet\u0103\u0163ile Ambient<\/title>\n<meta name=\"robots\" content=\"index, follow\" \/>\n<meta name=\"googlebot\" content=\"index, follow, max-snippet:-1, max-image-preview:large, max-video-preview:-1\" \/>\n<meta name=\"bingbot\" content=\"index, follow, max-snippet:-1, max-image-preview:large, max-video-preview:-1\" \/>\n<link rel=\"canonical\" href=\"https:\/\/www.pensiuneambient.ro\/hotel_services\/transfers\/\" \/>\n<meta property=\"og:locale\" content=\"ro_RO\" \/>\n<meta property=\"og:type\" content=\"article\" \/>\n<meta property=\"og:title\" content=\"[:ro]Transferuri &amp; Excursii[:en]Transfers &amp; Excursions[:es]Transfers &amp; Excursiones[:de]Transfers &amp; Ausfl\u00fcge[:] - Ambient Pensiune https:\/\/www.pensiuneambient.ro\/en\/ne - Bra\u0219ov - Rezerv\u0103 la cel mai bun pre\u021b pentru propriet\u0103\u0163ile Ambient\" \/>\n<meta property=\"og:description\" content=\"[vc_row full_width=&#8221;stretch_row&#8221; position=&#8221;right center&#8221; css=&#8221;.vc_custom_1468783841296{background-position: 0 0 !important;background-repeat: no-repeat !important;}&#8221;][vc_column width=&#8221;1\/2&#8243;][vc_column_text] CU AMBIENT, DRUMUL ESTE U\u015eOR DE PARCURS TRANSFERURI &amp; [&hellip;]\" \/>\n<meta property=\"og:url\" content=\"https:\/\/www.pensiuneambient.ro\/hotel_services\/transfers\/\" \/>\n<meta property=\"og:site_name\" content=\"Ambient Pensiune https:\/\/www.pensiuneambient.ro\/en\/ne - Bra\u0219ov - Rezerv\u0103 la cel mai bun pre\u021b pentru propriet\u0103\u0163ile Ambient\" \/>\n<meta property=\"article:modified_time\" content=\"2025-12-19T20:20:51+00:00\" \/>\n<meta name=\"twitter:card\" content=\"summary_large_image\" \/>\n<script type=\"application\/ld+json\" class=\"yoast-schema-graph\">{\"@context\":\"https:\/\/schema.org\",\"@graph\":[{\"@type\":\"WebSite\",\"@id\":\"https:\/\/www.pensiuneambient.ro\/ro\/#website\",\"url\":\"https:\/\/www.pensiuneambient.ro\/ro\/\",\"name\":\"Ambient Pensiune https:\/\/www.pensiuneambient.ro\/en\/ne - Bra\\u0219ov - Rezerv\\u0103 la cel mai bun pre\\u021b pentru propriet\\u0103\\u0163ile Ambient\",\"description\":\"Site-ul oficial\",\"potentialAction\":[{\"@type\":\"SearchAction\",\"target\":\"https:\/\/www.pensiuneambient.ro\/ro\/?s={search_term_string}\",\"query-input\":\"required name=search_term_string\"}],\"inLanguage\":\"ro-RO\"},{\"@type\":\"WebPage\",\"@id\":\"https:\/\/www.pensiuneambient.ro\/hotel_services\/transfers\/#webpage\",\"url\":\"https:\/\/www.pensiuneambient.ro\/hotel_services\/transfers\/\",\"name\":\"[:ro]Transferuri & Excursii[:en]Transfers & Excursions[:es]Transfers & Excursiones[:de]Transfers & Ausfl\\u00fcge[:] - Ambient Pensiune https:\/\/www.pensiuneambient.ro\/en\/ne - Bra\\u0219ov - Rezerv\\u0103 la cel mai bun pre\\u021b pentru propriet\\u0103\\u0163ile Ambient\",\"isPartOf\":{\"@id\":\"https:\/\/www.pensiuneambient.ro\/ro\/#website\"},\"datePublished\":\"2016-07-03T22:34:47+00:00\",\"dateModified\":\"2025-12-19T20:20:51+00:00\",\"inLanguage\":\"ro-RO\",\"potentialAction\":[{\"@type\":\"ReadAction\",\"target\":[\"https:\/\/www.pensiuneambient.ro\/hotel_services\/transfers\/\"]}]}]}<\/script>\n<!-- \/ Yoast SEO Premium plugin. -->","_links":{"self":[{"href":"https:\/\/www.pensiuneambient.ro\/ro\/wp-json\/wp\/v2\/pages\/3853","targetHints":{"allow":["GET"]}}],"collection":[{"href":"https:\/\/www.pensiuneambient.ro\/ro\/wp-json\/wp\/v2\/pages"}],"about":[{"href":"https:\/\/www.pensiuneambient.ro\/ro\/wp-json\/wp\/v2\/types\/page"}],"author":[{"embeddable":true,"href":"https:\/\/www.pensiuneambient.ro\/ro\/wp-json\/wp\/v2\/users\/1"}],"replies":[{"embeddable":true,"href":"https:\/\/www.pensiuneambient.ro\/ro\/wp-json\/wp\/v2\/comments?post=3853"}],"version-history":[{"count":40,"href":"https:\/\/www.pensiuneambient.ro\/ro\/wp-json\/wp\/v2\/pages\/3853\/revisions"}],"predecessor-version":[{"id":8643,"href":"https:\/\/www.pensiuneambient.ro\/ro\/wp-json\/wp\/v2\/pages\/3853\/revisions\/8643"}],"up":[{"embeddable":true,"href":"https:\/\/www.pensiuneambient.ro\/ro\/wp-json\/wp\/v2\/pages\/11"}],"wp:attachment":[{"href":"https:\/\/www.pensiuneambient.ro\/ro\/wp-json\/wp\/v2\/media?parent=3853"}],"wp:term":[{"taxonomy":"yst_prominent_words","embeddable":true,"href":"https:\/\/www.pensiuneambient.ro\/ro\/wp-json\/wp\/v2\/yst_prominent_words?post=3853"}],"curies":[{"name":"wp","href":"https:\/\/api.w.org\/{rel}","templated":true}]}}