{"id":3515,"date":"2016-06-23T12:15:10","date_gmt":"2016-06-23T12:15:10","guid":{"rendered":"http:\/\/www.hotelsperformance.com\/sitehotper\/hotels\/ambient\/?page_id=3515"},"modified":"2017-04-11T01:01:00","modified_gmt":"2017-04-10T22:01:00","slug":"agencias-de-turismo","status":"publish","type":"page","link":"https:\/\/www.pensiuneambient.ro\/ro\/contact\/agencias-de-turismo\/","title":{"rendered":"Agen\u0163ii de turism"},"content":{"rendered":"<p>[vc_row][vc_column][vc_column_text]<\/p>\n<h2 style=\"text-align: center;\"><span style=\"color: #7c0021;\">UN PARTENER DE INCREDERE<\/span><small>AMBIENT PENSIUNE<\/small><\/h2>\n<p style=\"text-align: center;\">Pentru mai multe detalii, contracte sau acorduri, este necesar sa ne trimite\u021bi datele firmei \u0219i o cerere de colaborare prin fax sau e-mail. Ve\u021bi primi r\u0103spunsul nostru \u00een termen de cel mult 24 de ore. \u00a1Sper\u0103m s\u0103 lucram \u00eempreun\u0103!<\/p>\n<p style=\"text-align: center;\"><strong>Num\u0103r fax:<\/strong> 004-0268-547191<br \/>\n<strong>E-mail:<\/strong> office@pensiuneambient.ro<\/p>\n<p>[\/vc_column_text][\/vc_column][\/vc_row][vc_row css=&#8221;.vc_custom_1470431477746{margin-top: -200px !important;}&#8221;][vc_column][vc_raw_html]JTNDc2NyaXB0JTIwdHlwZSUzRCUyMnRleHQlMkZqYXZhc2NyaXB0JTIyJTIwc3JjJTNEJTIyaHR0cHMlM0ElMkYlMkZvcGVuLnVwcGVyYm9va2luZy5jb20lMkZhbWJpZW50cGVuc2l1bmUlMkZCb29raW5nLmpzJTNGbG9jYWxlJTNEcm8lMjIlM0UlM0MlMkZzY3JpcHQlM0U=[\/vc_raw_html][\/vc_column][\/vc_row]<\/p>","protected":false},"excerpt":{"rendered":"<p>[vc_row][vc_column][vc_column_text] UN PARTENER DE INCREDEREAMBIENT PENSIUNE Pentru mai multe detalii, contracte sau acorduri, este necesar sa ne trimite\u021bi datele firmei [&hellip;]<\/p>\n","protected":false},"author":1,"featured_media":0,"parent":20,"menu_order":2,"comment_status":"closed","ping_status":"closed","template":"","meta":{"footnotes":""},"yst_prominent_words":[],"class_list":["post-3515","page","type-page","status-publish","hentry"],"yoast_head":"<!-- This site is optimized with the Yoast SEO Premium plugin v14.0.2 - https:\/\/yoast.com\/wordpress\/plugins\/seo\/ -->\n<title>Agen\u0163ii de turism - Ambient Pensiune https:\/\/www.pensiuneambient.ro\/en\/ne - Bra\u0219ov - Rezerv\u0103 la cel mai bun pre\u021b pentru propriet\u0103\u0163ile Ambient<\/title>\n<meta name=\"description\" content=\"Pentru mai multe detalii, contracte sau acorduri, este necesar sa ne trimite\u021bi datele firmei \u0219i o cerere de colaborare prin fax sau e-mail.\" \/>\n<meta name=\"robots\" content=\"index, follow\" \/>\n<meta name=\"googlebot\" content=\"index, follow, max-snippet:-1, max-image-preview:large, max-video-preview:-1\" \/>\n<meta name=\"bingbot\" content=\"index, follow, max-snippet:-1, max-image-preview:large, max-video-preview:-1\" \/>\n<link rel=\"canonical\" href=\"https:\/\/www.pensiuneambient.ro\/ro\/contact\/agencias-de-turismo\/\" \/>\n<meta property=\"og:locale\" content=\"ro_RO\" \/>\n<meta property=\"og:type\" content=\"article\" \/>\n<meta property=\"og:title\" content=\"[:ro]Agen\u0163ii de turism[:en]Travel Agencies[:es]Agencias de Turismo[:de]Tourismusagenturen[:] - Ambient Pensiune https:\/\/www.pensiuneambient.ro\/en\/ne - Bra\u0219ov - Rezerv\u0103 la cel mai bun pre\u021b pentru propriet\u0103\u0163ile Ambient\" \/>\n<meta property=\"og:description\" content=\"Pentru mai multe detalii, contracte sau acorduri, este necesar sa ne trimite\u021bi datele firmei \u0219i o cerere de colaborare prin fax sau e-mail.\" \/>\n<meta property=\"og:url\" content=\"https:\/\/www.pensiuneambient.ro\/ro\/contact\/agencias-de-turismo\/\" \/>\n<meta property=\"og:site_name\" content=\"Ambient Pensiune https:\/\/www.pensiuneambient.ro\/en\/ne - Bra\u0219ov - Rezerv\u0103 la cel mai bun pre\u021b pentru propriet\u0103\u0163ile Ambient\" \/>\n<meta property=\"article:modified_time\" content=\"2017-04-10T22:01:00+00:00\" \/>\n<meta name=\"twitter:card\" content=\"summary_large_image\" \/>\n<script type=\"application\/ld+json\" class=\"yoast-schema-graph\">{\"@context\":\"https:\/\/schema.org\",\"@graph\":[{\"@type\":\"WebSite\",\"@id\":\"https:\/\/www.pensiuneambient.ro\/ro\/#website\",\"url\":\"https:\/\/www.pensiuneambient.ro\/ro\/\",\"name\":\"Ambient Pensiune https:\/\/www.pensiuneambient.ro\/en\/ne - Bra\\u0219ov - Rezerv\\u0103 la cel mai bun pre\\u021b pentru propriet\\u0103\\u0163ile Ambient\",\"description\":\"Site-ul oficial\",\"potentialAction\":[{\"@type\":\"SearchAction\",\"target\":\"https:\/\/www.pensiuneambient.ro\/ro\/?s={search_term_string}\",\"query-input\":\"required name=search_term_string\"}],\"inLanguage\":\"ro-RO\"},{\"@type\":\"WebPage\",\"@id\":\"https:\/\/www.pensiuneambient.ro\/ro\/contact\/agencias-de-turismo\/#webpage\",\"url\":\"https:\/\/www.pensiuneambient.ro\/ro\/contact\/agencias-de-turismo\/\",\"name\":\"[:ro]Agen\\u0163ii de turism[:en]Travel Agencies[:es]Agencias de Turismo[:de]Tourismusagenturen[:] - Ambient Pensiune https:\/\/www.pensiuneambient.ro\/en\/ne - Bra\\u0219ov - Rezerv\\u0103 la cel mai bun pre\\u021b pentru propriet\\u0103\\u0163ile Ambient\",\"isPartOf\":{\"@id\":\"https:\/\/www.pensiuneambient.ro\/ro\/#website\"},\"datePublished\":\"2016-06-23T12:15:10+00:00\",\"dateModified\":\"2017-04-10T22:01:00+00:00\",\"description\":\"Pentru mai multe detalii, contracte sau acorduri, este necesar sa ne trimite\\u021bi datele firmei \\u0219i o cerere de colaborare prin fax sau e-mail.\",\"inLanguage\":\"ro-RO\",\"potentialAction\":[{\"@type\":\"ReadAction\",\"target\":[\"https:\/\/www.pensiuneambient.ro\/ro\/contact\/agencias-de-turismo\/\"]}]}]}<\/script>\n<!-- \/ Yoast SEO Premium plugin. -->","_links":{"self":[{"href":"https:\/\/www.pensiuneambient.ro\/ro\/wp-json\/wp\/v2\/pages\/3515","targetHints":{"allow":["GET"]}}],"collection":[{"href":"https:\/\/www.pensiuneambient.ro\/ro\/wp-json\/wp\/v2\/pages"}],"about":[{"href":"https:\/\/www.pensiuneambient.ro\/ro\/wp-json\/wp\/v2\/types\/page"}],"author":[{"embeddable":true,"href":"https:\/\/www.pensiuneambient.ro\/ro\/wp-json\/wp\/v2\/users\/1"}],"replies":[{"embeddable":true,"href":"https:\/\/www.pensiuneambient.ro\/ro\/wp-json\/wp\/v2\/comments?post=3515"}],"version-history":[{"count":10,"href":"https:\/\/www.pensiuneambient.ro\/ro\/wp-json\/wp\/v2\/pages\/3515\/revisions"}],"predecessor-version":[{"id":7594,"href":"https:\/\/www.pensiuneambient.ro\/ro\/wp-json\/wp\/v2\/pages\/3515\/revisions\/7594"}],"up":[{"embeddable":true,"href":"https:\/\/www.pensiuneambient.ro\/ro\/wp-json\/wp\/v2\/pages\/20"}],"wp:attachment":[{"href":"https:\/\/www.pensiuneambient.ro\/ro\/wp-json\/wp\/v2\/media?parent=3515"}],"wp:term":[{"taxonomy":"yst_prominent_words","embeddable":true,"href":"https:\/\/www.pensiuneambient.ro\/ro\/wp-json\/wp\/v2\/yst_prominent_words?post=3515"}],"curies":[{"name":"wp","href":"https:\/\/api.w.org\/{rel}","templated":true}]}}