{"id":3499,"date":"2016-06-23T11:56:28","date_gmt":"2016-06-23T11:56:28","guid":{"rendered":"http:\/\/www.hotelsperformance.com\/sitehotper\/hotels\/ambient\/?page_id=3499"},"modified":"2022-05-26T21:53:31","modified_gmt":"2022-05-26T18:53:31","slug":"wellness","status":"publish","type":"page","link":"https:\/\/www.pensiuneambient.ro\/ro\/hotel_services\/wellness\/","title":{"rendered":"Masaje"},"content":{"rendered":"<p>[vc_row full_width=&#8221;stretch_row&#8221; position=&#8221;right center&#8221; css=&#8221;.vc_custom_1472810284476{margin-bottom: -100px !important;background-image: url(https:\/\/www.pensiuneambient.ro\/wp-content\/uploads\/2016\/06\/masajpensiuneambient1-1.jpg?id=6756) !important;background-position: 0 0 !important;background-repeat: no-repeat !important;}&#8221; el_class=&#8221;background-none-mobile&#8221;][vc_column width=&#8221;1\/2&#8243;][vc_column_text]<\/p>\n<h2><span style=\"color: #7c0021;\">O EXPERIEN\u0162\u0102 PENTRU SIM\u0162URI<\/span><\/h2>\n<p>\u015etim c\u0103 \u00een voiaj, noutatea, plimb\u0103rile printr-un ora\u015f nou, schimb\u0103rile de temperatur\u0103, ne pot genera uneori tensiune.<\/p>\n<p>Pentru c\u0103 Ambient se g\u00e2nde\u015fte \u00eentotdeauna la bun\u0103starea oaspe\u0163ilor s\u0103i,suntem \u00eenc\u00e2nta\u0163i s\u0103 v\u0103 putem oferi un moment de pace.<\/p>\n<p>Pentru a completa o \u015federe pl\u0103cut\u0103, v\u0103 invit\u0103m s\u0103 v\u0103 bucura\u0163i de masajul nostru de relaxare, care v\u0103 va ajuta s\u0103 elibera\u0163i tensiunea \u015fi v\u0103 va permite s\u0103 v\u0103 bucura\u0163i \u015fi mai mult de vizita dumneavoastr\u0103 \u00een ora\u015f.[\/vc_column_text][\/vc_column][\/vc_row][vc_row css=&#8221;.vc_custom_1472402986330{margin-top: -210px !important;}&#8221;][vc_column css=&#8221;.vc_custom_1472400360957{margin-top: 130px !important;margin-bottom: -80px !important;}&#8221;][vc_separator color=&#8221;custom&#8221; style=&#8221;shadow&#8221; accent_color=&#8221;#7c0021&#8243;][\/vc_column][\/vc_row][vc_row][vc_column][vc_raw_html]JTNDYSUyMG5hbWUlM0QlMjJzYXVuYSUyMiUzRSUzQyUyRmElM0U=[\/vc_raw_html][\/vc_column][\/vc_row][vc_row full_width=&#8221;stretch_row&#8221; parallax=&#8221;content-moving&#8221; css=&#8221;.vc_custom_1472424763548{margin-top: -350px !important;margin-bottom: -160px !important;background-image: url(https:\/\/www.pensiuneambient.ro\/wp-content\/uploads\/2016\/06\/masaj3ambient.jpg?id=6352) !important;background-position: center;background-repeat: no-repeat !important;background-size: cover !important;}&#8221; el_class=&#8221;content-padding-mobile-none&#8221;][vc_column width=&#8221;1\/2&#8243; el_class=&#8221;white-box content-padding-xs&#8221;][vc_column_text]<\/p>\n<h1><small><span style=\"color: #7c0021;\">MASAJ DE RELAXARE<\/span><\/small><\/h1>\n<p>Cu ajutorul masajului nostru, ve\u0163i ajunge la o stare fizic\u0103 \u015fi mental\u0103 pl\u0103cut\u0103 de relaxare.<\/p>\n<p>Se aplic\u0103 pe \u00eentregul corp, cu o presiune u\u015foar\u0103 \u015fi reduce tensiunea, durerile musculare u\u015foare, oferind o senza\u0163ie de calm. Datorit\u0103 aplic\u0103rii cu uleiuri esen\u0163iale, masajul ajut\u0103 de asemenea la hidratarea pielii.<\/p>\n<p>Masajul dureaz\u0103 50 de minute \u015fi are un cost de 40\u20ac per persoan\u0103, se efectueaz\u0103 \u00een camera oaspetelui \u0219i maseurul vine cu o mas\u0103 de masaj portabil\u0103[\/vc_column_text][\/vc_column][\/vc_row][vc_row][vc_column css=&#8221;.vc_custom_1472400413378{margin-top: 170px !important;margin-bottom: 10px !important;}&#8221;][vc_separator color=&#8221;custom&#8221; style=&#8221;shadow&#8221; accent_color=&#8221;#7c0021&#8243;][\/vc_column][\/vc_row][vc_row css=&#8221;.vc_custom_1470397530640{margin-bottom: -200px !important;}&#8221;][vc_column][vc_raw_html]JTNDc2NyaXB0JTIwdHlwZSUzRCUyMnRleHQlMkZqYXZhc2NyaXB0JTIyJTIwc3JjJTNEJTIyaHR0cHMlM0ElMkYlMkZvcGVuLnVwcGVyYm9va2luZy5jb20lMkZhbWJpZW50cGVuc2l1bmUlMkZCb29raW5nLmpzJTNGbG9jYWxlJTNEcm8lMjIlM0UlM0MlMkZzY3JpcHQlM0U=[\/vc_raw_html][\/vc_column][\/vc_row]<\/p>","protected":false},"excerpt":{"rendered":"<p>[vc_row full_width=&#8221;stretch_row&#8221; position=&#8221;right center&#8221; css=&#8221;.vc_custom_1472810284476{margin-bottom: -100px !important;background-image: url(https:\/\/www.pensiuneambient.ro\/wp-content\/uploads\/2016\/06\/masajpensiuneambient1-1.jpg?id=6756) !important;background-position: 0 0 !important;background-repeat: no-repeat !important;}&#8221; el_class=&#8221;background-none-mobile&#8221;][vc_column width=&#8221;1\/2&#8243;][vc_column_text] O EXPERIEN\u0162\u0102 PENTRU SIM\u0162URI [&hellip;]<\/p>\n","protected":false},"author":1,"featured_media":0,"parent":11,"menu_order":3,"comment_status":"closed","ping_status":"closed","template":"","meta":{"footnotes":""},"yst_prominent_words":[],"class_list":["post-3499","page","type-page","status-publish","hentry"],"yoast_head":"<!-- This site is optimized with the Yoast SEO Premium plugin v14.0.2 - https:\/\/yoast.com\/wordpress\/plugins\/seo\/ -->\n<title>Masaje - Ambient Pensiune https:\/\/www.pensiuneambient.ro\/en\/ne - Bra\u0219ov - Rezerv\u0103 la cel mai bun pre\u021b pentru propriet\u0103\u0163ile Ambient<\/title>\n<meta name=\"description\" content=\"{:ro}Micul nostru paradis v\u0103 a\u0219teapt\u0103 pentru a v\u0103 bucura de c\u00e2teva ore de odihn\u0103 \u0219i relax \u00een centrul nostru wellness, unde corpul \u0219i mintea sunt \u00een perfect\u0103 armonie.{:}\" \/>\n<meta name=\"robots\" content=\"index, follow\" \/>\n<meta name=\"googlebot\" content=\"index, follow, max-snippet:-1, max-image-preview:large, max-video-preview:-1\" \/>\n<meta name=\"bingbot\" content=\"index, follow, max-snippet:-1, max-image-preview:large, max-video-preview:-1\" \/>\n<link rel=\"canonical\" href=\"https:\/\/www.pensiuneambient.ro\/hotel_services\/wellness\/\" \/>\n<meta property=\"og:locale\" content=\"ro_RO\" \/>\n<meta property=\"og:type\" content=\"article\" \/>\n<meta property=\"og:title\" content=\"[:ro]Masaje[:en]Massage[:es]Masajes[:de]Massage[:] - Ambient Pensiune https:\/\/www.pensiuneambient.ro\/en\/ne - Bra\u0219ov - Rezerv\u0103 la cel mai bun pre\u021b pentru propriet\u0103\u0163ile Ambient\" \/>\n<meta property=\"og:description\" content=\"{:ro}Micul nostru paradis v\u0103 a\u0219teapt\u0103 pentru a v\u0103 bucura de c\u00e2teva ore de odihn\u0103 \u0219i relax \u00een centrul nostru wellness, unde corpul \u0219i mintea sunt \u00een perfect\u0103 armonie.{:}\" \/>\n<meta property=\"og:url\" content=\"https:\/\/www.pensiuneambient.ro\/hotel_services\/wellness\/\" \/>\n<meta property=\"og:site_name\" content=\"Ambient Pensiune https:\/\/www.pensiuneambient.ro\/en\/ne - Bra\u0219ov - Rezerv\u0103 la cel mai bun pre\u021b pentru propriet\u0103\u0163ile Ambient\" \/>\n<meta property=\"article:modified_time\" content=\"2022-05-26T18:53:31+00:00\" \/>\n<meta name=\"twitter:card\" content=\"summary_large_image\" \/>\n<script type=\"application\/ld+json\" class=\"yoast-schema-graph\">{\"@context\":\"https:\/\/schema.org\",\"@graph\":[{\"@type\":\"WebSite\",\"@id\":\"https:\/\/www.pensiuneambient.ro\/ro\/#website\",\"url\":\"https:\/\/www.pensiuneambient.ro\/ro\/\",\"name\":\"Ambient Pensiune https:\/\/www.pensiuneambient.ro\/en\/ne - Bra\\u0219ov - Rezerv\\u0103 la cel mai bun pre\\u021b pentru propriet\\u0103\\u0163ile Ambient\",\"description\":\"Site-ul oficial\",\"potentialAction\":[{\"@type\":\"SearchAction\",\"target\":\"https:\/\/www.pensiuneambient.ro\/ro\/?s={search_term_string}\",\"query-input\":\"required name=search_term_string\"}],\"inLanguage\":\"ro-RO\"},{\"@type\":\"WebPage\",\"@id\":\"https:\/\/www.pensiuneambient.ro\/hotel_services\/wellness\/#webpage\",\"url\":\"https:\/\/www.pensiuneambient.ro\/hotel_services\/wellness\/\",\"name\":\"[:ro]Masaje[:en]Massage[:es]Masajes[:de]Massage[:] - Ambient Pensiune https:\/\/www.pensiuneambient.ro\/en\/ne - Bra\\u0219ov - Rezerv\\u0103 la cel mai bun pre\\u021b pentru propriet\\u0103\\u0163ile Ambient\",\"isPartOf\":{\"@id\":\"https:\/\/www.pensiuneambient.ro\/ro\/#website\"},\"datePublished\":\"2016-06-23T11:56:28+00:00\",\"dateModified\":\"2022-05-26T18:53:31+00:00\",\"description\":\"{:ro}Micul nostru paradis v\\u0103 a\\u0219teapt\\u0103 pentru a v\\u0103 bucura de c\\u00e2teva ore de odihn\\u0103 \\u0219i relax \\u00een centrul nostru wellness, unde corpul \\u0219i mintea sunt \\u00een perfect\\u0103 armonie.{:}\",\"inLanguage\":\"ro-RO\",\"potentialAction\":[{\"@type\":\"ReadAction\",\"target\":[\"https:\/\/www.pensiuneambient.ro\/hotel_services\/wellness\/\"]}]}]}<\/script>\n<!-- \/ Yoast SEO Premium plugin. -->","_links":{"self":[{"href":"https:\/\/www.pensiuneambient.ro\/ro\/wp-json\/wp\/v2\/pages\/3499","targetHints":{"allow":["GET"]}}],"collection":[{"href":"https:\/\/www.pensiuneambient.ro\/ro\/wp-json\/wp\/v2\/pages"}],"about":[{"href":"https:\/\/www.pensiuneambient.ro\/ro\/wp-json\/wp\/v2\/types\/page"}],"author":[{"embeddable":true,"href":"https:\/\/www.pensiuneambient.ro\/ro\/wp-json\/wp\/v2\/users\/1"}],"replies":[{"embeddable":true,"href":"https:\/\/www.pensiuneambient.ro\/ro\/wp-json\/wp\/v2\/comments?post=3499"}],"version-history":[{"count":12,"href":"https:\/\/www.pensiuneambient.ro\/ro\/wp-json\/wp\/v2\/pages\/3499\/revisions"}],"predecessor-version":[{"id":8275,"href":"https:\/\/www.pensiuneambient.ro\/ro\/wp-json\/wp\/v2\/pages\/3499\/revisions\/8275"}],"up":[{"embeddable":true,"href":"https:\/\/www.pensiuneambient.ro\/ro\/wp-json\/wp\/v2\/pages\/11"}],"wp:attachment":[{"href":"https:\/\/www.pensiuneambient.ro\/ro\/wp-json\/wp\/v2\/media?parent=3499"}],"wp:term":[{"taxonomy":"yst_prominent_words","embeddable":true,"href":"https:\/\/www.pensiuneambient.ro\/ro\/wp-json\/wp\/v2\/yst_prominent_words?post=3499"}],"curies":[{"name":"wp","href":"https:\/\/api.w.org\/{rel}","templated":true}]}}