{"id":21,"date":"2014-09-14T09:20:42","date_gmt":"2014-09-14T09:20:42","guid":{"rendered":"http:\/\/localhost\/final-leisure\/?page_id=21"},"modified":"2021-07-14T12:46:16","modified_gmt":"2021-07-14T09:46:16","slug":"rooms-new","status":"publish","type":"page","link":"https:\/\/www.pensiuneambient.ro\/ro\/rooms-new\/","title":{"rendered":"Camere"},"content":{"rendered":"<p>[vc_row][vc_column width=&#8221;1\/2&#8243;][vc_column_text]<\/p>\n<p class=\"lead\">V\u0103 invit\u0103m s\u0103 descoperi\u0163i un loc special, unde v\u0103 pute\u0163i lasa r\u0103sf\u0103\u0163a\u0163i de confort \u015fi intimitate \u015fi v\u0103 pute\u0163i bucura de o aten\u0163ie de lux, oferit\u0103 cu dragoste \u015fi pasiune pentru detalii.<\/p>\n<h3><span style=\"color: #7c0021;\">Pensiunea Ambient reprezint\u0103 stil, rafinament \u015fi elegan\u0163\u0103 pentru orice anotimp.<\/span><\/h3>\n<p class=\"lead\">S\u0103 tr\u0103i\u0163i experien\u0163a uneia din amplele \u015fi luminoasele 23 de camere v\u0103 va face s\u0103 ajunge\u0163i la cel mai \u00eenalt nivel de bun\u0103stare.<\/p>\n<p class=\"lead\">Situat\u0103 \u00een inima Bra\u015fovului, un ora\u015f spectaculos, faimos pentru frumuse\u0163ea sa, istoria \u015fi oamenii extraordinari, Pensiunea Ambient v\u0103 va fascina prin originalitatea ei \u015fi design-ul clasic care se \u00eembin\u0103 cu mediul modern.<\/p>\n<p class=\"lead\">Pentru a completa experien\u0163a dumneavoastr\u0103, am selectat cu aten\u0163ie cele mai carismatice, ospitaliere \u015fi profesionale persoane din ora\u015f, care v\u0103 vor face \u015federea de neuitat \u015fi v\u0103 vor \u00eengriji cu cunoscuta afec\u0163iune \u015fi c\u0103ldur\u0103 cu care familia Ambient are grij\u0103 de oaspe\u0163ii s\u0103i.<\/p>\n<p>[\/vc_column_text][\/vc_column][vc_column width=&#8221;1\/2&#8243;][vc_single_image image=&#8221;6936&#8243; img_size=&#8221;large&#8221;][\/vc_column][\/vc_row][vc_row full_width=&#8221;stretch_row&#8221; parallax=&#8221;content-moving&#8221; css=&#8221;.vc_custom_1471884243049{margin-top: 0px !important;margin-bottom: 30px !important;background-image: url(https:\/\/www.pensiuneambient.ro\/wp-content\/uploads\/2014\/09\/amanecerpensiuneambient.jpg?id=5469) !important;background-position: center;background-repeat: no-repeat !important;background-size: cover !important;}&#8221;][vc_column width=&#8221;1\/2&#8243;][vc_column_text el_class=&#8221;white-box content-padding&#8221;]<\/p>\n<h2 id=\"cove\" class=\"text-uppercase\"><small>DE LA 79\u00a0\u20ac \/ NOAPTE<\/small>APARTAMENT DELUXE<small><\/small><\/h2>\n<p>Un spa\u0163iu magnific de 45m2 \u00een care tr\u0103iesc \u00een armonie luxul \u015fi lumina<\/p>\n<ul class=\"list-pointer\">\n<li>Pat King Size \u015fi dou\u0103 paturi individuale (capac\u00edtate pentru 4 persoane)<\/li>\n<li>Baie cu cabin\u0103 de du\u0219<\/li>\n<li>Minibar, WiFi gratuit, Serviciu de sp\u0103l\u0103torie, Parcare gratuit\u0103 monitorizat\u0103 electronic<\/li>\n<li>Mic dejun tip bufet inclus \u00een pre\u021b<\/li>\n<li>Telefon pentru apeluri na\u021bionale \u0219i interna\u021bionale<\/li>\n<\/ul>\n<p>&nbsp;<\/p>\n<p>[vc_btn title=&#8221;Rezerv\u0103 la cel mai bun pre\u0163&#8221; style=&#8221;custom&#8221; custom_background=&#8221;#7c0021&#8243; custom_text=&#8221;#ffffff&#8221; shape=&#8221;square&#8221; align=&#8221;left&#8221; i_icon_fontawesome=&#8221;fa fa-calendar&#8221; add_icon=&#8221;true&#8221; link=&#8221;url:https%3A%2F%2Fv6.upperbooking.com%2Fro%2Fbooking%2Fcity%2Fwrap%2Fambientpensiune%3Flocale%3Dro|||&#8221; custom_onclick=&#8221;true&#8221; custom_onclick_code=&#8221;Booking.Open({RoomID:24039}); return false;&#8221;][vc_btn title=&#8221;Vezi detalii camer\u0103&#8221; style=&#8221;flat&#8221; shape=&#8221;square&#8221; color=&#8221;black&#8221; align=&#8221;left&#8221; link=&#8221;url:%2Frooms%2Fsuite%2F|||&#8221;][\/vc_column_text][\/vc_column][vc_column width=&#8221;1\/2&#8243; css=&#8221;.vc_custom_1467673281560{padding-right: -15px !important;padding-bottom: -15px !important;padding-left: -15px !important;}&#8221;][vc_images_carousel images=&#8221;6935&#8243; onclick=&#8221;custom_link&#8221; hide_pagination_control=&#8221;yes&#8221; hide_prev_next_buttons=&#8221;yes&#8221; custom_links=&#8221;\/ro\/rooms\/suite\/&#8221; css=&#8221;.vc_custom_1474564659359{background-image: url(https:\/\/www.pensiuneambient.ro\/wp-content\/uploads\/2014\/09\/camerapensiuneambient.jpg?id=5404) !important;}&#8221;][\/vc_column][\/vc_row][vc_row full_width=&#8221;stretch_row&#8221; gap=&#8221;5&#8243; parallax=&#8221;content-moving&#8221; css=&#8221;.vc_custom_1471200873765{margin-bottom: 30px !important;background-image: url(https:\/\/www.pensiuneambient.ro\/wp-content\/uploads\/2014\/09\/pensiuneambientfamilie.jpg?id=5463) !important;background-position: center;background-repeat: no-repeat !important;background-size: cover !important;}&#8221;][vc_column width=&#8221;1\/2&#8243;][vc_images_carousel images=&#8221;7330&#8243; onclick=&#8221;custom_link&#8221; hide_pagination_control=&#8221;yes&#8221; hide_prev_next_buttons=&#8221;yes&#8221; custom_links=&#8221;\/ro\/rooms\/junior-suite\/&#8221;][\/vc_column][vc_column width=&#8221;1\/2&#8243;][vc_column_text el_class=&#8221;white-box content-padding&#8221;]<\/p>\n<h2 id=\"cove\" class=\"text-uppercase\"><small>DE LA 59\u00a0\u20ac \/ NOAPTE<\/small>APARTAMENT<br \/>\n<small><\/small><\/h2>\n<p>Un spa\u0163iu primitor de 30m2 de care s\u0103 v\u0103 bucura\u0163i cu prietenii sau familia<\/p>\n<ul class=\"list-pointer\">\n<li>Pat King Size \u0219i sofa extensibil\u0103 (capac\u00edtate pentru 3 persoane)<\/li>\n<li>Baie cu cabin\u0103 de du\u0219<\/li>\n<li>Minibar, WiFi gratuit, Serviciu de sp\u0103l\u0103torie, Parcare gratuit\u0103 monitorizat\u0103 electronic<\/li>\n<li>Mic dejun tip bufet inclus \u00een pre\u021b<\/li>\n<li>Telefon pentru apeluri na\u021bionale \u0219i interna\u021bionale<\/li>\n<\/ul>\n<p>&nbsp;<\/p>\n<p>[vc_btn title=&#8221;Rezerv\u0103 la cel mai bun pre\u0163&#8221; style=&#8221;custom&#8221; custom_background=&#8221;#7c0021&#8243; custom_text=&#8221;#ffffff&#8221; shape=&#8221;square&#8221; align=&#8221;left&#8221; i_icon_fontawesome=&#8221;fa fa-calendar&#8221; add_icon=&#8221;true&#8221; link=&#8221;url:https%3A%2F%2Fv6.upperbooking.com%2Fro%2Fbooking%2Fcity%2Fwrap%2Fambientpensiune%3Flocale%3Dro|||&#8221; custom_onclick=&#8221;true&#8221; custom_onclick_code=&#8221;Booking.Open({RoomID:24038}); return false;&#8221;][vc_btn title=&#8221;Vezi detalii camer\u0103&#8221; style=&#8221;flat&#8221; shape=&#8221;square&#8221; color=&#8221;black&#8221; align=&#8221;left&#8221; link=&#8221;url:%2Frooms%2Fjunior-suite%2F|||&#8221;][\/vc_column_text][\/vc_column][\/vc_row][vc_row full_width=&#8221;stretch_row&#8221; parallax=&#8221;content-moving&#8221; css=&#8221;.vc_custom_1471215927658{margin-bottom: 30px !important;background-image: url(https:\/\/www.pensiuneambient.ro\/wp-content\/uploads\/2014\/09\/cuplupensiuneambient.jpg?id=5483) !important;background-position: 0 0;background-repeat: no-repeat !important;}&#8221;][vc_column width=&#8221;1\/2&#8243;][vc_column_text el_class=&#8221;white-box content-padding&#8221;]<\/p>\n<h2 id=\"cove\" class=\"text-uppercase\"><small>DE LA 39\u00a0\u20ac \/ NOAPTE<\/small>DOUBLE\/TWIN\u00a0<small><\/small><\/h2>\n<p>Confort exclusiv \u00een 20m2 care poart\u0103 urma inconfundabil\u0103 a elegan\u0163ei<\/p>\n<ul class=\"list-pointer\">\n<li>Pat King-Size sau dou\u0103 paturi individuale<\/li>\n<li>Baie cu cabin\u0103 de du\u0219<\/li>\n<li>Minibar, WiFi gratuit, Serviciu de sp\u0103l\u0103torie, Parcare gratuit\u0103 monitorizat\u0103 electronic<\/li>\n<li>Mic dejun tip bufet inclus \u00een pre\u021b<\/li>\n<li>Telefon pentru apeluri na\u021bionale \u0219i interna\u021bionale<\/li>\n<\/ul>\n<p>&nbsp;<\/p>\n<p>[vc_btn title=&#8221;Rezerv\u0103 la cel mai bun pre\u0163&#8221; style=&#8221;custom&#8221; custom_background=&#8221;#7c0021&#8243; custom_text=&#8221;#ffffff&#8221; shape=&#8221;square&#8221; align=&#8221;left&#8221; i_icon_fontawesome=&#8221;fa fa-calendar&#8221; add_icon=&#8221;true&#8221; link=&#8221;url:https%3A%2F%2Fv6.upperbooking.com%2Fro%2Fbooking%2Fcity%2Fwrap%2Fambientpensiune%3Flocale%3Dro|||&#8221; custom_onclick=&#8221;true&#8221; custom_onclick_code=&#8221;Booking.Open({RoomID:24037}); return false;&#8221;][vc_btn title=&#8221;Vezi detalii camer\u0103&#8221; style=&#8221;flat&#8221; shape=&#8221;square&#8221; color=&#8221;black&#8221; align=&#8221;left&#8221; link=&#8221;url:%2Frooms%2Fdouble%2F|||&#8221;][\/vc_column_text][\/vc_column][vc_column width=&#8221;1\/2&#8243;][vc_images_carousel images=&#8221;6937&#8243; onclick=&#8221;custom_link&#8221; hide_pagination_control=&#8221;yes&#8221; hide_prev_next_buttons=&#8221;yes&#8221; custom_links=&#8221;\/ro\/rooms\/double\/&#8221;][\/vc_column][\/vc_row][vc_row full_width=&#8221;stretch_row&#8221; parallax=&#8221;content-moving&#8221; css=&#8221;.vc_custom_1471201546649{margin-bottom: 30px !important;background-image: url(https:\/\/www.pensiuneambient.ro\/wp-content\/uploads\/2014\/09\/dimineatapensiuneambient.jpg?id=5471) !important;background-position: 0 0;background-repeat: no-repeat !important;}&#8221;][vc_column width=&#8221;1\/2&#8243;][vc_images_carousel images=&#8221;7175&#8243; onclick=&#8221;custom_link&#8221; hide_pagination_control=&#8221;yes&#8221; hide_prev_next_buttons=&#8221;yes&#8221; custom_links=&#8221;\/ro\/rooms\/single\/&#8221;][\/vc_column][vc_column width=&#8221;1\/2&#8243;][vc_column_text el_class=&#8221;white-box content-padding&#8221;]<\/p>\n<h2 id=\"cove\" class=\"text-uppercase\"><small>DE LA 35\u00a0\u20ac \/ NOAPTE<\/small>SINGLE<small><\/small><\/h2>\n<p>Intimitate \u0219i pace \u00eentr-o atmosfer\u0103 cald\u0103<\/p>\n<ul class=\"list-pointer\">\n<li>Pat individual \u0219i 14m2 care eman\u0103 lini\u0219te<\/li>\n<li>Baie cu cabin\u0103 de du\u0219<\/li>\n<li>Minibar, WiFi gratuit, Serviciu de sp\u0103l\u0103torie, Parcare gratuit\u0103 monitorizat\u0103 electronic<\/li>\n<li>Mic dejun tip bufet inclus \u00een pre\u021b<\/li>\n<li>Telefon pentru apeluri na\u021bionale \u0219i interna\u021bionale<\/li>\n<\/ul>\n<p>&nbsp;<\/p>\n<p>[vc_btn title=&#8221;Rezerv\u0103 la cel mai bun pre\u0163&#8221; style=&#8221;custom&#8221; custom_background=&#8221;#7c0021&#8243; custom_text=&#8221;#ffffff&#8221; shape=&#8221;square&#8221; align=&#8221;left&#8221; i_icon_fontawesome=&#8221;fa fa-calendar&#8221; add_icon=&#8221;true&#8221; link=&#8221;url:https%3A%2F%2Fv6.upperbooking.com%2Fro%2Fbooking%2Fcity%2Fwrap%2Fambientpensiune%3Flocale%3Dro|||&#8221; custom_onclick=&#8221;true&#8221; custom_onclick_code=&#8221;Booking.Open({RoomID:24036}); return false;&#8221;][vc_btn title=&#8221;Vezi detalii camer\u0103&#8221; style=&#8221;flat&#8221; shape=&#8221;square&#8221; color=&#8221;black&#8221; align=&#8221;left&#8221; link=&#8221;url:%2Frooms%2Fsingle%2F|||&#8221;][\/vc_column_text][\/vc_column][\/vc_row][vc_row full_width=&#8221;stretch_row&#8221; css=&#8221;.vc_custom_1469096018841{margin-bottom: -20px !important;padding-top: 2.8rem !important;padding-bottom: 2.8rem !important;background-color: #f0f1f2 !important;}&#8221;][vc_column][vc_raw_html]JTNDZGl2JTIwY2xhc3MlM0QlMjJ3cGJfd3JhcHBlciUyMGJvb2tpbmclMjIlM0UlM0MlMkZkaXYlM0UlM0NzY3JpcHQlMjBzcmMlM0QlMjJodHRwcyUzQSUyRiUyRndpcy51cHBlcmJvb2tpbmcuY29tJTJGYW1iaWVudHBlbnNpdW5lJTJGYm9va2luZ2hvbWUlM0Zsb2NhbGUlM0RybyUyMiUyMGFzeW5jJTNFJTNDJTJGc2NyaXB0JTNF[\/vc_raw_html][\/vc_column][\/vc_row][vc_row][vc_column]<ul class=\"list-inline isotope-filter clearfix\" id=\"isotope-filter-1\"><li><strong>Camere<\/strong><\/li><li class=\"selected\" data-filter=\"*\"><a href=\"#\">Toate<\/a><\/li><li><a href=\"#\" data-filter=\".pat-king-size\">Pat King Size<\/a><\/li><li><a href=\"#\" data-filter=\".pana-la-4-persoane\"> P\u00e2n\u0103 La 4 Persoane<\/a><\/li><li><a href=\"#\" data-filter=\".pana-la-3-persoane\"> P\u00e2n\u0103 La 3 Persoane<\/a><\/li><li><a href=\"#\" data-filter=\".pana-la-2-persoane\"> P\u00e2n\u0103 La 2 Persoane<\/a><\/li><\/ul><br><div id=\"isotope-1\" class=\"isotope\" data-isotope-options=\"{ \"layoutMode\": \"horizontal\", \"itemSelector\": \".item\" }\"><div class=\"item toate pat-king-size pana-la-4-persoane pana-la-3-persoane pana-la-2-persoane\"><a href=\"\/rooms\/suite\/\" class=\"link-image\" ><img loading=\"lazy\" decoding=\"async\" width=\"300\" height=\"200\" src=\"https:\/\/www.pensiuneambient.ro\/wp-content\/uploads\/2014\/09\/camera2ambient-2-300x200-300x200.jpg\" class=\"attachment-medium size-medium\" alt=\"\" \/><\/a><div class=\"item-content\"><h4><a href='\/rooms\/suite\/' >Apartament Deluxe<\/a><\/h4>Pasiune pentru un spa\u0163iu de lux<\/div><\/div><div class=\"item toate pat-king-size pana-la-4-persoane pana-la-3-persoane pana-la-2-persoane\"><a href=\"\/rooms\/junior-suite\/\" class=\"link-image\" ><img loading=\"lazy\" decoding=\"async\" width=\"300\" height=\"200\" src=\"https:\/\/www.pensiuneambient.ro\/wp-content\/uploads\/2014\/09\/pequeapt-300x200.jpg\" class=\"attachment-medium size-medium\" alt=\"\" srcset=\"https:\/\/www.pensiuneambient.ro\/wp-content\/uploads\/2014\/09\/pequeapt-300x200.jpg 300w, https:\/\/www.pensiuneambient.ro\/wp-content\/uploads\/2014\/09\/pequeapt-768x512.jpg 768w, https:\/\/www.pensiuneambient.ro\/wp-content\/uploads\/2014\/09\/pequeapt.jpg 800w\" sizes=\"auto, (max-width: 300px) 100vw, 300px\" \/><\/a><div class=\"item-content\"><h4><a href='\/rooms\/junior-suite\/' >Apartament<\/a><\/h4>Prieteni \u0219i familii fericite<\/div><\/div><div class=\"item toate pat-king-size pana-la-2-persoane \"><a href=\"\/rooms\/double\/\" class=\"link-image\" ><img loading=\"lazy\" decoding=\"async\" width=\"300\" height=\"200\" src=\"https:\/\/www.pensiuneambient.ro\/wp-content\/uploads\/2014\/09\/doubpeqhome-300x200.jpg\" class=\"attachment-medium size-medium\" alt=\"\" srcset=\"https:\/\/www.pensiuneambient.ro\/wp-content\/uploads\/2014\/09\/doubpeqhome-300x200.jpg 300w, https:\/\/www.pensiuneambient.ro\/wp-content\/uploads\/2014\/09\/doubpeqhome-768x512.jpg 768w, https:\/\/www.pensiuneambient.ro\/wp-content\/uploads\/2014\/09\/doubpeqhome.jpg 800w\" sizes=\"auto, (max-width: 300px) 100vw, 300px\" \/><\/a><div class=\"item-content\"><h4><a href='\/rooms\/double\/' >Double<\/a><\/h4>Confort \u015fi c\u0103ldur\u0103<\/div><\/div><div class=\"item toate \"><a href=\"\/rooms\/single\/\" class=\"link-image\" ><img loading=\"lazy\" decoding=\"async\" width=\"300\" height=\"200\" src=\"https:\/\/www.pensiuneambient.ro\/wp-content\/uploads\/2014\/09\/singlehome-300x200.jpg\" class=\"attachment-medium size-medium\" alt=\"\" srcset=\"https:\/\/www.pensiuneambient.ro\/wp-content\/uploads\/2014\/09\/singlehome-300x200.jpg 300w, https:\/\/www.pensiuneambient.ro\/wp-content\/uploads\/2014\/09\/singlehome-768x512.jpg 768w, https:\/\/www.pensiuneambient.ro\/wp-content\/uploads\/2014\/09\/singlehome.jpg 800w\" sizes=\"auto, (max-width: 300px) 100vw, 300px\" \/><\/a><div class=\"item-content\"><h4><a href='\/rooms\/single\/' >Single<\/a><\/h4>Lini\u015fte \u015fi intimitate<\/div><\/div><\/div><script type='text\/javascript'>( function( $ ) { $( document ).ready(function() {\n\t\t\t\tvar container = $('#isotope-1')\n\t\t\t\tcontainer.imagesLoaded(function(){\n\t\t\t\t\tcontainer.isotope();\n\t\t\t\t\t$('#isotope-filter-1 a').on('click', function (e) {\n\t\t\t\t\t\te.preventDefault();\n\t\t\t\t\t\tvar filterValue = $(this).attr('data-filter');\n\t\t\t\t\t\t$('#isotope-1').isotope({ layoutMode: 'fitRows', filter: filterValue });\n\t\t\t\t\t\t$(this).parent().siblings().removeClass('selected');\n\t\t\t\t\t\t$(this).parent().addClass('selected');\n\t\t\t\t\t});\n\t\t\t\t});\n\t\t\t}); } )( jQuery );<\/script>[\/vc_column][\/vc_row]<\/p>","protected":false},"excerpt":{"rendered":"<p>[vc_row][vc_column width=&#8221;1\/2&#8243;][vc_column_text] V\u0103 invit\u0103m s\u0103 descoperi\u0163i un loc special, unde v\u0103 pute\u0163i lasa r\u0103sf\u0103\u0163a\u0163i de confort \u015fi intimitate \u015fi v\u0103 [&hellip;]<\/p>\n","protected":false},"author":1,"featured_media":0,"parent":0,"menu_order":3,"comment_status":"closed","ping_status":"closed","template":"","meta":{"footnotes":""},"yst_prominent_words":[],"class_list":["post-21","page","type-page","status-publish","hentry"],"yoast_head":"<!-- This site is optimized with the Yoast SEO Premium plugin v14.0.2 - https:\/\/yoast.com\/wordpress\/plugins\/seo\/ -->\n<title>Camere - Ambient Pensiune https:\/\/www.pensiuneambient.ro\/en\/ne - Bra\u0219ov - Rezerv\u0103 la cel mai bun pre\u021b pentru propriet\u0103\u0163ile Ambient<\/title>\n<meta name=\"description\" content=\"{:ro}Fiecare camer\u0103 v\u0103 va dezv\u0103lui o nou\u0103 lume ... o lume de culori, c\u0103ldura si intimitate, \u00a1o lume care v\u0103 ofer\u0103 experien\u021ba celui mai exclusive confort!{:}\" \/>\n<meta name=\"robots\" content=\"index, follow\" \/>\n<meta name=\"googlebot\" content=\"index, follow, max-snippet:-1, max-image-preview:large, max-video-preview:-1\" \/>\n<meta name=\"bingbot\" content=\"index, follow, max-snippet:-1, max-image-preview:large, max-video-preview:-1\" \/>\n<link rel=\"canonical\" href=\"https:\/\/www.pensiuneambient.ro\/rooms-new\/\" \/>\n<meta property=\"og:locale\" content=\"ro_RO\" \/>\n<meta property=\"og:type\" content=\"article\" \/>\n<meta property=\"og:title\" content=\"[:ro]Camere[:en]Rooms[:es]Habitaciones[:de]Zimmer[:] - Ambient Pensiune https:\/\/www.pensiuneambient.ro\/en\/ne - Bra\u0219ov - Rezerv\u0103 la cel mai bun pre\u021b pentru propriet\u0103\u0163ile Ambient\" \/>\n<meta property=\"og:description\" content=\"{:ro}Fiecare camer\u0103 v\u0103 va dezv\u0103lui o nou\u0103 lume ... o lume de culori, c\u0103ldura si intimitate, \u00a1o lume care v\u0103 ofer\u0103 experien\u021ba celui mai exclusive confort!{:}\" \/>\n<meta property=\"og:url\" content=\"https:\/\/www.pensiuneambient.ro\/rooms-new\/\" \/>\n<meta property=\"og:site_name\" content=\"Ambient Pensiune https:\/\/www.pensiuneambient.ro\/en\/ne - Bra\u0219ov - Rezerv\u0103 la cel mai bun pre\u021b pentru propriet\u0103\u0163ile Ambient\" \/>\n<meta property=\"article:modified_time\" content=\"2021-07-14T09:46:16+00:00\" \/>\n<meta name=\"twitter:card\" content=\"summary_large_image\" \/>\n<script type=\"application\/ld+json\" class=\"yoast-schema-graph\">{\"@context\":\"https:\/\/schema.org\",\"@graph\":[{\"@type\":\"WebSite\",\"@id\":\"https:\/\/www.pensiuneambient.ro\/ro\/#website\",\"url\":\"https:\/\/www.pensiuneambient.ro\/ro\/\",\"name\":\"Ambient Pensiune https:\/\/www.pensiuneambient.ro\/en\/ne - Bra\\u0219ov - Rezerv\\u0103 la cel mai bun pre\\u021b pentru propriet\\u0103\\u0163ile Ambient\",\"description\":\"Site-ul oficial\",\"potentialAction\":[{\"@type\":\"SearchAction\",\"target\":\"https:\/\/www.pensiuneambient.ro\/ro\/?s={search_term_string}\",\"query-input\":\"required name=search_term_string\"}],\"inLanguage\":\"ro-RO\"},{\"@type\":\"WebPage\",\"@id\":\"https:\/\/www.pensiuneambient.ro\/rooms-new\/#webpage\",\"url\":\"https:\/\/www.pensiuneambient.ro\/rooms-new\/\",\"name\":\"[:ro]Camere[:en]Rooms[:es]Habitaciones[:de]Zimmer[:] - Ambient Pensiune https:\/\/www.pensiuneambient.ro\/en\/ne - Bra\\u0219ov - Rezerv\\u0103 la cel mai bun pre\\u021b pentru propriet\\u0103\\u0163ile Ambient\",\"isPartOf\":{\"@id\":\"https:\/\/www.pensiuneambient.ro\/ro\/#website\"},\"datePublished\":\"2014-09-14T09:20:42+00:00\",\"dateModified\":\"2021-07-14T09:46:16+00:00\",\"description\":\"{:ro}Fiecare camer\\u0103 v\\u0103 va dezv\\u0103lui o nou\\u0103 lume ... o lume de culori, c\\u0103ldura si intimitate, \\u00a1o lume care v\\u0103 ofer\\u0103 experien\\u021ba celui mai exclusive confort!{:}\",\"inLanguage\":\"ro-RO\",\"potentialAction\":[{\"@type\":\"ReadAction\",\"target\":[\"https:\/\/www.pensiuneambient.ro\/rooms-new\/\"]}]}]}<\/script>\n<!-- \/ Yoast SEO Premium plugin. -->","_links":{"self":[{"href":"https:\/\/www.pensiuneambient.ro\/ro\/wp-json\/wp\/v2\/pages\/21","targetHints":{"allow":["GET"]}}],"collection":[{"href":"https:\/\/www.pensiuneambient.ro\/ro\/wp-json\/wp\/v2\/pages"}],"about":[{"href":"https:\/\/www.pensiuneambient.ro\/ro\/wp-json\/wp\/v2\/types\/page"}],"author":[{"embeddable":true,"href":"https:\/\/www.pensiuneambient.ro\/ro\/wp-json\/wp\/v2\/users\/1"}],"replies":[{"embeddable":true,"href":"https:\/\/www.pensiuneambient.ro\/ro\/wp-json\/wp\/v2\/comments?post=21"}],"version-history":[{"count":64,"href":"https:\/\/www.pensiuneambient.ro\/ro\/wp-json\/wp\/v2\/pages\/21\/revisions"}],"predecessor-version":[{"id":8225,"href":"https:\/\/www.pensiuneambient.ro\/ro\/wp-json\/wp\/v2\/pages\/21\/revisions\/8225"}],"wp:attachment":[{"href":"https:\/\/www.pensiuneambient.ro\/ro\/wp-json\/wp\/v2\/media?parent=21"}],"wp:term":[{"taxonomy":"yst_prominent_words","embeddable":true,"href":"https:\/\/www.pensiuneambient.ro\/ro\/wp-json\/wp\/v2\/yst_prominent_words?post=21"}],"curies":[{"name":"wp","href":"https:\/\/api.w.org\/{rel}","templated":true}]}}