{"id":3853,"date":"2016-07-03T22:34:47","date_gmt":"2016-07-03T22:34:47","guid":{"rendered":"http:\/\/www.hotelsperformance.com\/sitehotper\/hotels\/ambient\/?page_id=3853"},"modified":"2025-12-19T22:20:51","modified_gmt":"2025-12-19T20:20:51","slug":"transfers","status":"publish","type":"page","link":"https:\/\/www.pensiuneambient.ro\/es\/hotel_services\/transfers\/","title":{"rendered":"Transfers &#038; Excursiones"},"content":{"rendered":"<p>[vc_row full_width=&#8221;stretch_row&#8221; position=&#8221;right center&#8221; css=&#8221;.vc_custom_1468783841296{background-position: 0 0 !important;background-repeat: no-repeat !important;}&#8221;][vc_column width=&#8221;1\/2&#8243;][vc_column_text]<\/p>\n<h2><small>CON AMBIENT EL CAMINO ES FACIL DE RECORRER<br \/>\n<\/small><span style=\"color: #7c0021;\">TRANSFERS &amp; EXCURSIONES<\/span><\/h2>\n<p class=\"lead\">Sabemos que en los\u00a0viajes el tiempo es muy importante, por ello les ofrecemos servicios de transporte, ponemos a su disposici\u00f3n una moderna flota de veh\u00edculos y una plantilla de conductores profesionales que hablan diversos idiomas, para que usted se despreocupe del tr\u00e1fico, elegir la mejor ruta o el aparcamiento, su conductor lo har\u00e1 por usted.<\/p>\n<p>[\/vc_column_text][\/vc_column][vc_column width=&#8221;1\/2&#8243;][vc_single_image image=&#8221;7002&#8243; img_size=&#8221;450&#215;450&#8243; alignment=&#8221;center&#8221; css=&#8221;.vc_custom_1473782721306{margin-top: -90px !important;}&#8221;][\/vc_column][\/vc_row][vc_row full_width=&#8221;stretch_row&#8221; css=&#8221;.vc_custom_1472655696143{margin-top: -200px !important;margin-bottom: -110px !important;background-position: center !important;background-repeat: no-repeat !important;background-size: cover !important;}&#8221;][vc_column width=&#8221;1\/2&#8243;][vc_images_carousel images=&#8221;4557,4559,4558,4560,4556&#8243; speed=&#8221;8888&#8243;][\/vc_column][vc_column width=&#8221;1\/2&#8243;][vc_column_text]<\/p>\n<h2><small>NOS ADAPTAMOS A TUS NECESIDADES<\/small><span style=\"color: #7c0021;\">AMPLIA GAMA DE VEHICULOS<\/span><\/h2>\n<p class=\"lead\">Ambient les proporciona transfers normales y business class desde el aeropuerto de Bucarest y Sibiu para cualquier tipo de necesidad; viaje de negocios o bien para visitar los puntos tur\u00edsticos, eventos especiales, o vacaciones y pone a su disposici\u00f3n una amplia gama de veh\u00edculos, para cubrir todas las necesidades de transporte que le puedan surgir durante su estancia en Brasov.<\/p>\n<ul class=\"list-pointer\">\n<li><strong>Clase Confort:<\/strong> Mercedes clase C, Volkswagen Passat (o similar), hasta 4 personas<\/li>\n<li><strong>Clase Business:<\/strong> Mercedes Clase S, Jaguar XJ, Limusina (o similar), hasta 4 personas<\/li>\n<li><strong>Grupos:<\/strong> Hyundai H1 (o similar), hasta 7 personas<\/li>\n<\/ul>\n<p>[\/vc_column_text][\/vc_column][\/vc_row][vc_row full_width=&#8221;stretch_row&#8221; css=&#8221;.vc_custom_1474566811603{margin-top: -30px !important;margin-bottom: -130px !important;background-color: #ffffff !important;background-position: center !important;background-repeat: no-repeat !important;background-size: cover !important;}&#8221;][vc_column width=&#8221;2\/3&#8243; el_class=&#8221;white-box content-padding text-uppercase&#8221; offset=&#8221;vc_col-sm-offset-2&#8243; css=&#8221;.vc_custom_1472643890425{margin-top: -50px !important;background-color: rgba(255,255,255,0.24) !important;*background-color: rgb(255,255,255) !important;}&#8221;]<ul class=\"list-services \"><li><h3><a href=\"#transfers\">TRANSFERS DESDE EL AEROPUERTO<small>DIRECTO DESDE EL AEROPUERTO DE BUCAREST O SIBIU<\/small><\/a><\/h3><\/li><li><h3><a href=\"#excursiones\">EXCURSIONES Y OCIO<small>DESCUBRE BRASOV Y ALREDEDORES<\/small><\/a><\/h3><\/li><li><h3><a href=\"#transporte\">SERVICIOS PERSONALIZADOS<small>CHOFER PROFESIONALES PARA NEGOCIOS Y EVENTOS<\/small><\/a><\/h3><\/li><\/ul>[\/vc_column][\/vc_row][vc_row full_width=&#8221;stretch_row_content_no_spaces&#8221; css=&#8221;.vc_custom_1468797283313{margin-top: -50px !important;}&#8221;][vc_column][vc_raw_html]JTNDYSUyMG5hbWUlM0QlMjJ0cmFuc2ZlcnMlMjIlM0UlM0MlMkZhJTNF[\/vc_raw_html][\/vc_column][\/vc_row][vc_row full_width=&#8221;stretch_row&#8221; css=&#8221;.vc_custom_1472602049645{margin-top: -130px !important;background-image: url(https:\/\/www.pensiuneambient.ro\/wp-content\/uploads\/2016\/07\/tr2pensiuneambient.jpg?id=6445) !important;background-position: center !important;background-repeat: no-repeat !important;background-size: cover !important;}&#8221;][vc_column width=&#8221;1\/2&#8243; offset=&#8221;vc_col-sm-offset-3&#8243;][vc_column_text css=&#8221;.vc_custom_1766170324889{margin-left: 25px !important;background-color: rgba(255,255,255,0.89) !important;*background-color: rgb(255,255,255) !important;}&#8221; el_class=&#8221;white-box content-padding&#8221;]<\/p>\n<h2 class=\"text-uppercase text-center\" style=\"text-align: center;\">TRANSFERS DESDE LOS\u00a0AEROPUERTOS DE BUCAREST Y SIBIU<\/h2>\n<p style=\"text-align: center;\">Directos desde el aeropuerto, sin preocuparse por nada (tiempo estimado del trayecto; 3 horas).<\/p>\n<table class=\"table table-responsive\">\n<tbody>\n<tr>\n<td class=\"text-left\"><strong>Clase Confort<\/strong><br \/>\n<small>Mercedes Clase C, Volkswagen Passat (o similar), hasta 4 personas. Precio por trayecto.<\/small><\/td>\n<td class=\"text-right\">130 \u20ac<\/td>\n<\/tr>\n<tr>\n<td class=\"text-left\"><strong>Clase Business<\/strong><br \/>\n<small>Mercedes Clase S, Jaguar XJ, Limusina (o similar), hasta 4 personas. Precio por trayecto.<\/small><\/td>\n<td class=\"text-right\">150 \u20ac<\/td>\n<\/tr>\n<tr>\n<td class=\"text-left\"><strong>Grupos<\/strong><br \/>\n<small>Hyundai H1, hasta 7 personas. Precio por trayecto.<\/small><\/td>\n<td class=\"text-right\">150 \u20ac<\/td>\n<\/tr>\n<tr>\n<td class=\"text-left\"><strong>Brasov \u2013 Cristian <\/strong>(AMBIENT MANSION shuttle, 15 minutos)<br \/>\n<small><strong>Clase Confort<\/strong>, hasta 4 personas. Precio por trayecto.<\/small><\/td>\n<td class=\"text-right\">20 \u20ac<\/td>\n<\/tr>\n<tr>\n<td class=\"text-left\"><strong>Brasov \u2013 Cristian <\/strong>(AMBIENT MANSION shuttle, 15 minutos)<br \/>\n<small><strong>Grupos<\/strong>, hasta 7 personas. Precio por trayecto.<\/small><\/td>\n<td class=\"text-right\">40\u20ac<\/td>\n<\/tr>\n<tr>\n<td class=\"text-left\"><strong>Brasov \u2013 Bucuresti <\/strong>(OTP) Aeropuerto<br \/>\n<small><strong>Grupos<\/strong>, hasta 3 personas. Precio por trayecto.<\/small><\/td>\n<td class=\"text-right\">130 \u20ac<\/td>\n<\/tr>\n<tr>\n<td class=\"text-left\"><strong>Brasov \u2013 Bucuresti <\/strong>(OTP) Aeropuerto<br \/>\n<small><strong>Grupos<\/strong>, hasta 7 personas. Precio por trayecto.<\/small><\/td>\n<td class=\"text-right\">150 \u20ac<\/td>\n<\/tr>\n<tr>\n<td class=\"text-left\"><strong>Brasov \u2013 <\/strong><strong>Sibiu <\/strong>(SBZ) Aeropuerto<br \/>\n<small><strong>Grupos<\/strong>, hasta 3 personas. Precio por trayecto.<\/small><\/td>\n<td class=\"text-right\">130 \u20ac<\/td>\n<\/tr>\n<tr>\n<td class=\"text-left\"><strong>Brasov \u2013 <\/strong><strong>Sibiu <\/strong>(SBZ) Aeropuerto<br \/>\n<small><strong>Grupos<\/strong>, hasta 7 personas. Precio por trayecto.<\/small><\/td>\n<td class=\"text-right\">150 \u20ac<\/td>\n<\/tr>\n<\/tbody>\n<\/table>\n<p>[\/vc_column_text][\/vc_column][\/vc_row][vc_row full_width=&#8221;stretch_row_content_no_spaces&#8221; css=&#8221;.vc_custom_1468797349678{margin-top: -50px !important;margin-bottom: -150px !important;}&#8221;][vc_column][vc_raw_html]JTNDYSUyMG5hbWUlM0QlMjJleGN1cnNpb25lcyUyMiUzRSUzQyUyRmElM0U=[\/vc_raw_html][\/vc_column][\/vc_row][vc_row][vc_column css=&#8221;.vc_custom_1472411947038{margin-top: 120px !important;margin-bottom: -120px !important;}&#8221;][vc_separator color=&#8221;custom&#8221; style=&#8221;shadow&#8221; accent_color=&#8221;#7c0021&#8243; css=&#8221;.vc_custom_1472409763378{margin-top: -120px !important;}&#8221;][\/vc_column][\/vc_row][vc_row full_width=&#8221;stretch_row&#8221; css=&#8221;.vc_custom_1474566893867{margin-bottom: -90px !important;background-image: url(https:\/\/www.pensiuneambient.ro\/wp-content\/uploads\/2016\/07\/excursii4ambient.jpg?id=6487) !important;background-position: center !important;background-repeat: no-repeat !important;background-size: cover !important;}&#8221;][vc_column width=&#8221;1\/2&#8243; offset=&#8221;vc_col-sm-offset-3&#8243;][vc_column_text el_class=&#8221;white-box content-padding&#8221;]<\/p>\n<h2 class=\"text-uppercase text-center\" style=\"text-align: center;\">EXCURSIONES<\/h2>\n<p style=\"text-align: center;\">Los precios incluyen todos los impuestos, pero no incluyen aparcamiento, almuerzo o cena, guia o cualquier otro servicio. Veh\u00edculos de la Clase Confort (3 pasajeros) y Grupos (hasta 7 pasajeros). Para m\u00e1s de siete personas, los precios pueden variar, consulte a nuestro equipo.<\/p>\n<table class=\"table table-responsive\">\n<tbody>\n<tr>\n<td class=\"text-left\"><\/td>\n<td class=\"text-left\"><strong>3 pasajeros<\/strong><\/td>\n<td class=\"text-left\"><strong>7 pasajeros<\/strong><\/td>\n<\/tr>\n<tr>\n<td class=\"text-left\"><strong>Brasov &#8211; Bran <\/strong>(Castillo de Dracula)<strong> &#8211; Brasov &#8211;\u00a0<\/strong>(4 horas)<\/td>\n<td class=\"text-left\">75 \u20ac<\/td>\n<td class=\"text-left\">95 \u20ac<\/td>\n<\/tr>\n<tr>\n<td class=\"text-left\"><strong>Brasov &#8211; Predeal &#8211; Sinaia <\/strong>(Castillo de Peles)<strong> &#8211; Brasov &#8211; <\/strong>(4 horas)<\/td>\n<td class=\"text-left\">80 \u20ac<\/td>\n<td class=\"text-left\">100 \u20ac<\/td>\n<\/tr>\n<tr>\n<td class=\"text-left\"><strong>Brasov &#8211; Sighisoara <\/strong>(Antigua ciudad\u00a0medieval)<strong> &#8211; Brasov &#8211; <\/strong>(7 horas)<\/td>\n<td class=\"text-left\">120 \u20ac<\/td>\n<td class=\"text-left\">145 \u20ac<\/td>\n<\/tr>\n<tr>\n<td class=\"text-left\"><strong>Brasov &#8211; Rasnov <\/strong>(Fortaleza)<strong> &#8211; Bran &#8211; Poiana Brasov &#8211; Brasov &#8211; <\/strong>(5 horas)<\/td>\n<td class=\"text-left\">95 \u20ac<\/td>\n<td class=\"text-left\">120 \u20ac<\/td>\n<\/tr>\n<tr>\n<td class=\"text-left\"><strong>Brasov &#8211; Fagaras &#8211; Monasterio de Sambata\u00a0<\/strong><strong>&#8211; Brasov &#8211; <\/strong>(5 horas)<\/td>\n<td class=\"text-left\">85 \u20ac<\/td>\n<td class=\"text-left\">105 \u20ac<\/td>\n<\/tr>\n<tr>\n<td class=\"text-left\"><strong>Brasov &#8211; Prejmer\u00a0<\/strong><strong>&#8211; Harman <\/strong>(Iglesias fortificadas sajonas)<strong>\u00a0&#8211; Brasov &#8211; <\/strong>(3 horas)<\/td>\n<td class=\"text-left\">75 \u20ac<\/td>\n<td class=\"text-left\">95 \u20ac<\/td>\n<\/tr>\n<tr>\n<td class=\"text-left\"><strong>Brasov &#8211;\u00a0Monasterio de las cuevas \u015einca\u00a0Veche<\/strong><strong>\u00a0&#8211; Brasov &#8211; <\/strong>(4 horas)<\/td>\n<td class=\"text-left\">75 \u20ac<\/td>\n<td class=\"text-left\">95 \u20ac<\/td>\n<\/tr>\n<tr>\n<td class=\"text-left\"><strong>Brasov &#8211; Viscri <\/strong>(pueblo tradicional,\u00a0retiro de Carlos de Gales) <strong>&#8211;<\/strong><strong>\u00a0Brasov &#8211; <\/strong>(6 horas)<\/td>\n<td class=\"text-left\">95 \u20ac<\/td>\n<td class=\"text-left\">115 \u20ac<\/td>\n<\/tr>\n<tr>\n<td class=\"text-left\"><strong>Brasov \u2013 Poiana Brasov<\/strong> o <strong>Poiana Brasov \u2013 Brasov<\/strong><\/td>\n<td class=\"text-left\">25 \u20ac<\/td>\n<td class=\"text-left\">50 \u20ac<\/td>\n<\/tr>\n<tr>\n<td class=\"text-left\"><strong>Brasov \u2013 (GHV) Ghimbav Aeropuerto <\/strong>o <strong>(GHV) Ghimbav Aeropuerto <\/strong><strong>\u2013 Brasov<\/strong><\/td>\n<td class=\"text-left\">30 \u20ac<\/td>\n<td class=\"text-left\">60 \u20ac<\/td>\n<\/tr>\n<\/tbody>\n<\/table>\n<p><strong>Gu\u00eda<\/strong>: a partir de 50\u20ac\/medio d\u00eda, 100\u20ac\/d\u00eda completo<\/p>\n<p><strong>Servicios para empresas<\/strong>: Jaguar XJL o Mercedes Clase S \u2013 mismo precio que coche de 3 pasajeros + 20 \u20ac EXTRA \/ viaje[\/vc_column_text][\/vc_column][\/vc_row][vc_row full_width=&#8221;stretch_row_content_no_spaces&#8221;][vc_column][vc_raw_html]JTNDYSUyMG5hbWUlM0QlMjJ0cmFuc3BvcnRlJTIyJTNFJTNDJTJGYSUzRQ==[\/vc_raw_html][\/vc_column][\/vc_row][vc_row][vc_column css=&#8221;.vc_custom_1472411947038{margin-top: 120px !important;margin-bottom: -120px !important;}&#8221;][vc_separator color=&#8221;custom&#8221; style=&#8221;shadow&#8221; accent_color=&#8221;#7c0021&#8243; css=&#8221;.vc_custom_1472640255349{margin-top: -250px !important;}&#8221;][\/vc_column][\/vc_row][vc_row css=&#8221;.vc_custom_1474566830293{margin-top: -300px !important;}&#8221;][vc_column width=&#8221;1\/2&#8243; offset=&#8221;vc_col-sm-offset-3&#8243; css=&#8221;.vc_custom_1472640463923{margin-top: -60px !important;}&#8221;][vc_column_text el_class=&#8221;text-center&#8221;]<\/p>\n<h2 class=\"text-uppercase text-center\" style=\"text-align: center;\">RENT A CAR Y SERVICIOS PERSONALIZADOS<\/h2>\n<p style=\"text-align: center;\">Servicio Rent a Car \u2013 a partir de 20\u20ac\/dia<\/p>\n<p style=\"text-align: center;\">Servicios Personalizados \u2013 Consulte a nuestro equipo, nos adaptamos a sus necesidades<\/p>\n<p>[\/vc_column_text][\/vc_column][\/vc_row][vc_row css=&#8221;.vc_custom_1472640860611{margin-bottom: -350px !important;}&#8221;][vc_column css=&#8221;.vc_custom_1472411947038{margin-top: 120px !important;margin-bottom: -120px !important;}&#8221;][vc_separator color=&#8221;custom&#8221; style=&#8221;shadow&#8221; accent_color=&#8221;#7c0021&#8243; css=&#8221;.vc_custom_1472640729153{margin-top: -250px !important;margin-bottom: -30px !important;}&#8221;][\/vc_column][\/vc_row][vc_row css=&#8221;.vc_custom_1470397530640{margin-bottom: -200px !important;}&#8221;][vc_column][vc_raw_html]JTNDc2NyaXB0JTIwdHlwZSUzRCUyMnRleHQlMkZqYXZhc2NyaXB0JTIyJTIwc3JjJTNEJTIyaHR0cHMlM0ElMkYlMkZvcGVuLnVwcGVyYm9va2luZy5jb20lMkZhbWJpZW50cGVuc2l1bmUlMkZCb29raW5nLmpzJTNGbG9jYWxlJTNEZXMlMjIlM0UlM0MlMkZzY3JpcHQlM0U=[\/vc_raw_html][\/vc_column][\/vc_row]<\/p>","protected":false},"excerpt":{"rendered":"<p>[vc_row full_width=&#8221;stretch_row&#8221; position=&#8221;right center&#8221; css=&#8221;.vc_custom_1468783841296{background-position: 0 0 !important;background-repeat: no-repeat !important;}&#8221;][vc_column width=&#8221;1\/2&#8243;][vc_column_text] CON AMBIENT EL CAMINO ES FACIL DE RECORRER TRANSFERS [&hellip;]<\/p>\n","protected":false},"author":1,"featured_media":0,"parent":11,"menu_order":2,"comment_status":"closed","ping_status":"closed","template":"","meta":{"footnotes":""},"yst_prominent_words":[],"class_list":["post-3853","page","type-page","status-publish","hentry"],"yoast_head":"<!-- This site is optimized with the Yoast SEO Premium plugin v14.0.2 - https:\/\/yoast.com\/wordpress\/plugins\/seo\/ -->\n<title>Transfers &amp; Excursiones - Ambient Pension Brasov - Reserva al mejor precio las propriedades Ambient<\/title>\n<meta name=\"robots\" content=\"index, follow\" \/>\n<meta name=\"googlebot\" content=\"index, follow, max-snippet:-1, max-image-preview:large, max-video-preview:-1\" \/>\n<meta name=\"bingbot\" content=\"index, follow, max-snippet:-1, max-image-preview:large, max-video-preview:-1\" \/>\n<link rel=\"canonical\" href=\"https:\/\/www.pensiuneambient.ro\/hotel_services\/transfers\/\" \/>\n<meta property=\"og:locale\" content=\"es_ES\" \/>\n<meta property=\"og:type\" content=\"article\" \/>\n<meta property=\"og:title\" content=\"[:ro]Transferuri &amp; Excursii[:en]Transfers &amp; Excursions[:es]Transfers &amp; Excursiones[:de]Transfers &amp; Ausfl\u00fcge[:] - Ambient Pension Brasov - Reserva al mejor precio las propriedades Ambient\" \/>\n<meta property=\"og:description\" content=\"[vc_row full_width=&#8221;stretch_row&#8221; position=&#8221;right center&#8221; css=&#8221;.vc_custom_1468783841296{background-position: 0 0 !important;background-repeat: no-repeat !important;}&#8221;][vc_column width=&#8221;1\/2&#8243;][vc_column_text] CON AMBIENT EL CAMINO ES FACIL DE RECORRER TRANSFERS [&hellip;]\" \/>\n<meta property=\"og:url\" content=\"https:\/\/www.pensiuneambient.ro\/hotel_services\/transfers\/\" \/>\n<meta property=\"og:site_name\" content=\"Ambient Pension Brasov - Reserva al mejor precio las propriedades Ambient\" \/>\n<meta property=\"article:modified_time\" content=\"2025-12-19T20:20:51+00:00\" \/>\n<meta name=\"twitter:card\" content=\"summary_large_image\" \/>\n<script type=\"application\/ld+json\" class=\"yoast-schema-graph\">{\"@context\":\"https:\/\/schema.org\",\"@graph\":[{\"@type\":\"WebSite\",\"@id\":\"https:\/\/www.pensiuneambient.ro\/es\/#website\",\"url\":\"https:\/\/www.pensiuneambient.ro\/es\/\",\"name\":\"Ambient Pension Brasov - Reserva al mejor precio las propriedades Ambient\",\"description\":\"Site Oficial\",\"potentialAction\":[{\"@type\":\"SearchAction\",\"target\":\"https:\/\/www.pensiuneambient.ro\/es\/?s={search_term_string}\",\"query-input\":\"required name=search_term_string\"}],\"inLanguage\":\"es\"},{\"@type\":\"WebPage\",\"@id\":\"https:\/\/www.pensiuneambient.ro\/hotel_services\/transfers\/#webpage\",\"url\":\"https:\/\/www.pensiuneambient.ro\/hotel_services\/transfers\/\",\"name\":\"[:ro]Transferuri & Excursii[:en]Transfers & Excursions[:es]Transfers & Excursiones[:de]Transfers & Ausfl\\u00fcge[:] - Ambient Pension Brasov - Reserva al mejor precio las propriedades Ambient\",\"isPartOf\":{\"@id\":\"https:\/\/www.pensiuneambient.ro\/es\/#website\"},\"datePublished\":\"2016-07-03T22:34:47+00:00\",\"dateModified\":\"2025-12-19T20:20:51+00:00\",\"inLanguage\":\"es\",\"potentialAction\":[{\"@type\":\"ReadAction\",\"target\":[\"https:\/\/www.pensiuneambient.ro\/hotel_services\/transfers\/\"]}]}]}<\/script>\n<!-- \/ Yoast SEO Premium plugin. -->","_links":{"self":[{"href":"https:\/\/www.pensiuneambient.ro\/es\/wp-json\/wp\/v2\/pages\/3853","targetHints":{"allow":["GET"]}}],"collection":[{"href":"https:\/\/www.pensiuneambient.ro\/es\/wp-json\/wp\/v2\/pages"}],"about":[{"href":"https:\/\/www.pensiuneambient.ro\/es\/wp-json\/wp\/v2\/types\/page"}],"author":[{"embeddable":true,"href":"https:\/\/www.pensiuneambient.ro\/es\/wp-json\/wp\/v2\/users\/1"}],"replies":[{"embeddable":true,"href":"https:\/\/www.pensiuneambient.ro\/es\/wp-json\/wp\/v2\/comments?post=3853"}],"version-history":[{"count":40,"href":"https:\/\/www.pensiuneambient.ro\/es\/wp-json\/wp\/v2\/pages\/3853\/revisions"}],"predecessor-version":[{"id":8643,"href":"https:\/\/www.pensiuneambient.ro\/es\/wp-json\/wp\/v2\/pages\/3853\/revisions\/8643"}],"up":[{"embeddable":true,"href":"https:\/\/www.pensiuneambient.ro\/es\/wp-json\/wp\/v2\/pages\/11"}],"wp:attachment":[{"href":"https:\/\/www.pensiuneambient.ro\/es\/wp-json\/wp\/v2\/media?parent=3853"}],"wp:term":[{"taxonomy":"yst_prominent_words","embeddable":true,"href":"https:\/\/www.pensiuneambient.ro\/es\/wp-json\/wp\/v2\/yst_prominent_words?post=3853"}],"curies":[{"name":"wp","href":"https:\/\/api.w.org\/{rel}","templated":true}]}}