{"id":31,"date":"2014-09-14T09:21:57","date_gmt":"2014-09-14T09:21:57","guid":{"rendered":"http:\/\/localhost\/final-leisure\/?page_id=31"},"modified":"2017-04-11T22:19:11","modified_gmt":"2017-04-11T19:19:11","slug":"meeting-rooms","status":"publish","type":"page","link":"https:\/\/www.pensiuneambient.ro\/es\/hotel_services\/meeting-rooms\/","title":{"rendered":"Salas de Conferencias"},"content":{"rendered":"<p>[vc_row disable_element=&#8221;yes&#8221;][vc_column width=&#8221;1\/2&#8243;][vc_column_text]<\/p>\n<h3><span style=\"color: #7c0021;\">Ambient&#8230;<\/span><span style=\"color: #7c0021;\">Un amigo de confianza para sus eventos mas importantes!<\/span><\/h3>\n<p>Para una organizaci\u00f3n excelente de reuniones de negocios, conferencias, presentaciones u otros eventos especiales ponemos a su disposici\u00f3n\u00a0todos los servicios\/facilidades que puedan necesitar y les asesoramos para poder cubrir todos los objetivos previstos \u00a0para el evento.<\/p>\n<p>Ponemos a su disposici\u00f3n 2 salas de conferencias con capacidad modular para 28 o 42 personas, ambas equipadas con v\u00eddeo proyector, sistemas multimedia, portafolio y disponen de un sal\u00f3n para pausas de caf\u00e9.[\/vc_column_text][\/vc_column][vc_column width=&#8221;1\/2&#8243; css=&#8221;.vc_custom_1472428572004{margin-top: -30px !important;}&#8221;][vc_images_carousel images=&#8221;6981&#8243; onclick=&#8221;link_no&#8221; speed=&#8221;8888&#8243; hide_pagination_control=&#8221;yes&#8221; hide_prev_next_buttons=&#8221;yes&#8221;][\/vc_column][\/vc_row][vc_row css=&#8221;.vc_custom_1491389268174{margin-top: -150px !important;margin-bottom: -200px !important;}&#8221;][vc_column css=&#8221;.vc_custom_1472428686171{margin-top: 20px !important;margin-bottom: 10px !important;}&#8221;][vc_separator color=&#8221;custom&#8221; style=&#8221;shadow&#8221; border_width=&#8221;3&#8243; accent_color=&#8221;#7c0021&#8243;][\/vc_column][\/vc_row][vc_row css=&#8221;.vc_custom_1472428714653{margin-top: -90px !important;margin-bottom: -90px !important;}&#8221;][vc_column css=&#8221;.vc_custom_1472334578536{margin-top: 60px !important;}&#8221;][vc_column_text]<\/p>\n<h2 style=\"text-align: center;\"><span style=\"color: #7c0021;\">Juntos para un evento de exito!<\/span><small><\/small><\/h2>\n<p>[\/vc_column_text][\/vc_column][\/vc_row][vc_row css=&#8221;.vc_custom_1472242805787{margin-top: -100px !important;}&#8221;][vc_column]<div class='services-carousel ' data-owl-items='2' data-owl-nav='false' data-owl-nav-text='[]' data-owl-loop='false' data-owl-autoplay='false' data-owl-speed='0' data-owl-hover='false' data-owl-mobile='1' data-owl-tablet='2' data-owl-dots='false'><div class='item'><a href=\"\/hotel_services\/meeting-rooms\/hall-1\/\" target=\"_self\" class=\"link-image\" title=\"Salas de Conferencias 1\"><img loading=\"lazy\" decoding=\"async\" width=\"750\" height=\"469\" src=\"https:\/\/www.pensiuneambient.ro\/wp-content\/uploads\/2014\/09\/conferintepensiuneambient-3-768x480.jpg\" class=\"attachment-large size-large\" alt=\"\" srcset=\"https:\/\/www.pensiuneambient.ro\/wp-content\/uploads\/2014\/09\/conferintepensiuneambient-3-768x480.jpg 768w, https:\/\/www.pensiuneambient.ro\/wp-content\/uploads\/2014\/09\/conferintepensiuneambient-3-768x480-300x188.jpg 300w\" sizes=\"auto, (max-width: 750px) 100vw, 750px\" \/><\/a><div class=\"item-content\"><h4><a href=\"\/hotel_services\/meeting-rooms\/hall-1\/\" target=\"_self\">Salas de Conferencias 1<\/a><\/h4><p>Capacidad para 42 personas<\/p><\/div><\/div><div class='item'><a href=\"\/hotel_services\/meeting-rooms\/hall-2\/\" target=\"_self\" class=\"link-image\" title=\"Sala de Conferencias 2\"><img loading=\"lazy\" decoding=\"async\" width=\"750\" height=\"469\" src=\"https:\/\/www.pensiuneambient.ro\/wp-content\/uploads\/2014\/09\/conferinteambientpensiune-1-768x480.jpg\" class=\"attachment-large size-large\" alt=\"\" srcset=\"https:\/\/www.pensiuneambient.ro\/wp-content\/uploads\/2014\/09\/conferinteambientpensiune-1-768x480.jpg 768w, https:\/\/www.pensiuneambient.ro\/wp-content\/uploads\/2014\/09\/conferinteambientpensiune-1-768x480-300x188.jpg 300w\" sizes=\"auto, (max-width: 750px) 100vw, 750px\" \/><\/a><div class=\"item-content\"><h4><a href=\"\/hotel_services\/meeting-rooms\/hall-2\/\" target=\"_self\">Sala de Conferencias 2<\/a><\/h4><p>Capacidad para 28 personas<\/p><\/div><\/div><\/div>[\/vc_column][\/vc_row][vc_row css=&#8221;.vc_custom_1472297937195{margin-top: -90px !important;margin-bottom: -300px !important;}&#8221;][vc_column][vc_separator color=&#8221;custom&#8221; style=&#8221;shadow&#8221; border_width=&#8221;3&#8243; accent_color=&#8221;#7c0021&#8243;][\/vc_column][\/vc_row][vc_row][vc_column][vc_raw_html]JTNDc2NyaXB0JTIwdHlwZSUzRCUyMnRleHQlMkZqYXZhc2NyaXB0JTIyJTIwc3JjJTNEJTIyaHR0cHMlM0ElMkYlMkZvcGVuLnVwcGVyYm9va2luZy5jb20lMkZhbWJpZW50cGVuc2l1bmUlMkZCb29raW5nLmpzJTNGbG9jYWxlJTNEZXMlMjIlM0UlM0MlMkZzY3JpcHQlM0U=[\/vc_raw_html][\/vc_column][\/vc_row]<\/p>","protected":false},"excerpt":{"rendered":"<p>[vc_row disable_element=&#8221;yes&#8221;][vc_column width=&#8221;1\/2&#8243;][vc_column_text] Ambient&#8230;Un amigo de confianza para sus eventos mas importantes! Para una organizaci\u00f3n excelente de reuniones de negocios, [&hellip;]<\/p>\n","protected":false},"author":1,"featured_media":0,"parent":11,"menu_order":1,"comment_status":"closed","ping_status":"closed","template":"","meta":{"footnotes":""},"yst_prominent_words":[],"class_list":["post-31","page","type-page","status-publish","hentry"],"yoast_head":"<!-- This site is optimized with the Yoast SEO Premium plugin v14.0.2 - https:\/\/yoast.com\/wordpress\/plugins\/seo\/ -->\n<title>Salas de Conferencias - Ambient Pension Brasov - Reserva al mejor precio las propriedades Ambient<\/title>\n<meta name=\"robots\" content=\"index, follow\" \/>\n<meta name=\"googlebot\" content=\"index, follow, max-snippet:-1, max-image-preview:large, max-video-preview:-1\" \/>\n<meta name=\"bingbot\" content=\"index, follow, max-snippet:-1, max-image-preview:large, max-video-preview:-1\" \/>\n<link rel=\"canonical\" href=\"https:\/\/www.pensiuneambient.ro\/es\/hotel_services\/meeting-rooms\/\" \/>\n<meta property=\"og:locale\" content=\"es_ES\" \/>\n<meta property=\"og:type\" content=\"article\" \/>\n<meta property=\"og:title\" content=\"[:ro]S\u0103li de Conferin\u021be[:en]Conference Rooms[:es]Salas de Conferencias[:de]Konferenzr\u00e4ume[:] - Ambient Pension Brasov - Reserva al mejor precio las propriedades Ambient\" \/>\n<meta property=\"og:description\" content=\"[vc_row disable_element=&#8221;yes&#8221;][vc_column width=&#8221;1\/2&#8243;][vc_column_text] Ambient&#8230;Un amigo de confianza para sus eventos mas importantes! Para una organizaci\u00f3n excelente de reuniones de negocios, [&hellip;]\" \/>\n<meta property=\"og:url\" content=\"https:\/\/www.pensiuneambient.ro\/es\/hotel_services\/meeting-rooms\/\" \/>\n<meta property=\"og:site_name\" content=\"Ambient Pension Brasov - Reserva al mejor precio las propriedades Ambient\" \/>\n<meta property=\"article:modified_time\" content=\"2017-04-11T19:19:11+00:00\" \/>\n<meta name=\"twitter:card\" content=\"summary_large_image\" \/>\n<script type=\"application\/ld+json\" class=\"yoast-schema-graph\">{\"@context\":\"https:\/\/schema.org\",\"@graph\":[{\"@type\":\"WebSite\",\"@id\":\"https:\/\/www.pensiuneambient.ro\/es\/#website\",\"url\":\"https:\/\/www.pensiuneambient.ro\/es\/\",\"name\":\"Ambient Pension Brasov - Reserva al mejor precio las propriedades Ambient\",\"description\":\"Site Oficial\",\"potentialAction\":[{\"@type\":\"SearchAction\",\"target\":\"https:\/\/www.pensiuneambient.ro\/es\/?s={search_term_string}\",\"query-input\":\"required name=search_term_string\"}],\"inLanguage\":\"es\"},{\"@type\":\"WebPage\",\"@id\":\"https:\/\/www.pensiuneambient.ro\/es\/hotel_services\/meeting-rooms\/#webpage\",\"url\":\"https:\/\/www.pensiuneambient.ro\/es\/hotel_services\/meeting-rooms\/\",\"name\":\"[:ro]S\\u0103li de Conferin\\u021be[:en]Conference Rooms[:es]Salas de Conferencias[:de]Konferenzr\\u00e4ume[:] - Ambient Pension Brasov - Reserva al mejor precio las propriedades Ambient\",\"isPartOf\":{\"@id\":\"https:\/\/www.pensiuneambient.ro\/es\/#website\"},\"datePublished\":\"2014-09-14T09:21:57+00:00\",\"dateModified\":\"2017-04-11T19:19:11+00:00\",\"inLanguage\":\"es\",\"potentialAction\":[{\"@type\":\"ReadAction\",\"target\":[\"https:\/\/www.pensiuneambient.ro\/es\/hotel_services\/meeting-rooms\/\"]}]}]}<\/script>\n<!-- \/ Yoast SEO Premium plugin. -->","_links":{"self":[{"href":"https:\/\/www.pensiuneambient.ro\/es\/wp-json\/wp\/v2\/pages\/31","targetHints":{"allow":["GET"]}}],"collection":[{"href":"https:\/\/www.pensiuneambient.ro\/es\/wp-json\/wp\/v2\/pages"}],"about":[{"href":"https:\/\/www.pensiuneambient.ro\/es\/wp-json\/wp\/v2\/types\/page"}],"author":[{"embeddable":true,"href":"https:\/\/www.pensiuneambient.ro\/es\/wp-json\/wp\/v2\/users\/1"}],"replies":[{"embeddable":true,"href":"https:\/\/www.pensiuneambient.ro\/es\/wp-json\/wp\/v2\/comments?post=31"}],"version-history":[{"count":16,"href":"https:\/\/www.pensiuneambient.ro\/es\/wp-json\/wp\/v2\/pages\/31\/revisions"}],"predecessor-version":[{"id":7602,"href":"https:\/\/www.pensiuneambient.ro\/es\/wp-json\/wp\/v2\/pages\/31\/revisions\/7602"}],"up":[{"embeddable":true,"href":"https:\/\/www.pensiuneambient.ro\/es\/wp-json\/wp\/v2\/pages\/11"}],"wp:attachment":[{"href":"https:\/\/www.pensiuneambient.ro\/es\/wp-json\/wp\/v2\/media?parent=31"}],"wp:term":[{"taxonomy":"yst_prominent_words","embeddable":true,"href":"https:\/\/www.pensiuneambient.ro\/es\/wp-json\/wp\/v2\/yst_prominent_words?post=31"}],"curies":[{"name":"wp","href":"https:\/\/api.w.org\/{rel}","templated":true}]}}