{"id":21,"date":"2014-09-14T09:20:42","date_gmt":"2014-09-14T09:20:42","guid":{"rendered":"http:\/\/localhost\/final-leisure\/?page_id=21"},"modified":"2021-07-14T12:46:16","modified_gmt":"2021-07-14T09:46:16","slug":"rooms-new","status":"publish","type":"page","link":"https:\/\/www.pensiuneambient.ro\/es\/rooms-new\/","title":{"rendered":"Habitaciones"},"content":{"rendered":"<p>[vc_row][vc_column width=&#8221;1\/2&#8243;][vc_column_text]<\/p>\n<p class=\"lead\">Les invitamos a descubrir un rinc\u00f3n especial donde podr\u00e1 dejarse consentir por el confort e intimidad y disfrutar de una atenci\u00f3n de lujo prestada con cari\u00f1o y pasi\u00f3n por el detalle.<\/p>\n<h3><span style=\"color: #7c0021;\">Pensi\u00f3n Ambient representa estilo, refinamiento y elegancia para cualquier temporada.<\/span><\/h3>\n<p class=\"lead\">Vivir la experiencia de una de las amplias y luminosas 23 habitaciones os har\u00e1 alcanzar el nivel m\u00e1ximo de bienestar.<\/p>\n<p class=\"lead\">Situada en el coraz\u00f3n de Bra\u015fov, una ciudad espectacular, famosa por su belleza, historia y magnifica gente, Pensi\u00f3n Ambient les fascinara por su originalidad y el dise\u00f1o cl\u00e1sico que se fusiona con el ambiente moderno.<\/p>\n<p class=\"lead\">Para completar su experiencia, hemos seleccionado atentamente las personas m\u00e1s carism\u00e1ticas, hospitalarias y profesionales de la ciudad, que har\u00e1n de su estancia una inolvidable y les cuidara con el conocido cari\u00f1o y calor con los que la familia Ambient cuida a sus hu\u00e9spedes.<\/p>\n<p>[\/vc_column_text][\/vc_column][vc_column width=&#8221;1\/2&#8243;][vc_single_image image=&#8221;6936&#8243; img_size=&#8221;large&#8221;][\/vc_column][\/vc_row][vc_row full_width=&#8221;stretch_row&#8221; parallax=&#8221;content-moving&#8221; css=&#8221;.vc_custom_1471884243049{margin-top: 0px !important;margin-bottom: 30px !important;background-image: url(https:\/\/www.pensiuneambient.ro\/wp-content\/uploads\/2014\/09\/amanecerpensiuneambient.jpg?id=5469) !important;background-position: center;background-repeat: no-repeat !important;background-size: cover !important;}&#8221;][vc_column width=&#8221;1\/2&#8243;][vc_column_text el_class=&#8221;white-box content-padding&#8221;]<\/p>\n<h2 id=\"cove\" class=\"text-uppercase\"><small>DESDE 79\u00a0\u20ac \/ NOCHE<\/small>SUITE<small><\/small><\/h2>\n<p>Un espacio magnifico de 45m2 en el que viven en armon\u00eda la luz y el lujo<\/p>\n<ul class=\"list-pointer\">\n<li>Cama King Size y dos camas individuales (capacidad para 4 personas)<\/li>\n<li>Cuarto de ba\u00f1o con ducha<\/li>\n<li>Minibar, WiFi Gratuito, servicio de lavander\u00eda, parking gratuito vigilado electr\u00f3nicamente<\/li>\n<li>Desayuno bufet incluido en el precio<\/li>\n<li>Tel\u00e9fono para llamadas nacionales e internacionales<\/li>\n<\/ul>\n<p>&nbsp;<\/p>\n<p>[vc_btn title=&#8221;Reserva al mejor precio&#8221; style=&#8221;custom&#8221; custom_background=&#8221;#7c0021&#8243; custom_text=&#8221;#ffffff&#8221; shape=&#8221;square&#8221; align=&#8221;left&#8221; i_icon_fontawesome=&#8221;fa fa-calendar&#8221; add_icon=&#8221;true&#8221; link=&#8221;url:https%3A%2F%2Fv6.upperbooking.com%2Fes%2Fbooking%2Fcity%2Fwrap%2Fambientpensiune%3Flocale%3Des|||&#8221; custom_onclick=&#8221;true&#8221; custom_onclick_code=&#8221;Booking.Open({RoomID:24039}); return false;&#8221;][vc_btn title=&#8221;Ver detalles de la habitaci\u00f3n&#8221; style=&#8221;flat&#8221; shape=&#8221;square&#8221; color=&#8221;black&#8221; align=&#8221;left&#8221; link=&#8221;url:%2Frooms%2Fsuite%2F|||&#8221;][\/vc_column_text][\/vc_column][vc_column width=&#8221;1\/2&#8243; css=&#8221;.vc_custom_1467673281560{padding-right: -15px !important;padding-bottom: -15px !important;padding-left: -15px !important;}&#8221;][vc_images_carousel images=&#8221;6935&#8243; onclick=&#8221;custom_link&#8221; hide_pagination_control=&#8221;yes&#8221; hide_prev_next_buttons=&#8221;yes&#8221; custom_links=&#8221;\/es\/rooms\/suite\/&#8221; css=&#8221;.vc_custom_1474564459451{background-image: url(https:\/\/www.pensiuneambient.ro\/wp-content\/uploads\/2014\/09\/camerapensiuneambient.jpg?id=5404) !important;}&#8221;][\/vc_column][\/vc_row][vc_row full_width=&#8221;stretch_row&#8221; gap=&#8221;5&#8243; parallax=&#8221;content-moving&#8221; css=&#8221;.vc_custom_1471200873765{margin-bottom: 30px !important;background-image: url(https:\/\/www.pensiuneambient.ro\/wp-content\/uploads\/2014\/09\/pensiuneambientfamilie.jpg?id=5463) !important;background-position: center;background-repeat: no-repeat !important;background-size: cover !important;}&#8221;][vc_column width=&#8221;1\/2&#8243;][vc_images_carousel images=&#8221;7330&#8243; onclick=&#8221;custom_link&#8221; hide_pagination_control=&#8221;yes&#8221; hide_prev_next_buttons=&#8221;yes&#8221; custom_links=&#8221;\/es\/rooms\/junior-suite\/&#8221;][\/vc_column][vc_column width=&#8221;1\/2&#8243;][vc_column_text el_class=&#8221;white-box content-padding&#8221;]<\/p>\n<h2 id=\"cove\" class=\"text-uppercase\"><small>DESDE 59\u00a0\u20ac \/ NOCHE<\/small>JUNIOR SUITE<br \/>\n<small><\/small><\/h2>\n<p>Un acogedor rinc\u00f3n de 30m2 para disfrutar con amigos o familia<\/p>\n<ul class=\"list-pointer\">\n<li>Cama King Size y sofa cama (capacidad para 3 personas)<\/li>\n<li>Cuarto de ba\u00f1o con ducha<\/li>\n<li>Minibar, WiFi Gratuito, servicio de lavander\u00eda, parking gratuito vigilado electr\u00f3nicamente<\/li>\n<li>Desayuno bufet incluido en el precio<\/li>\n<li>Tel\u00e9fono para llamadas nacionales e internacionales<\/li>\n<\/ul>\n<p>&nbsp;<\/p>\n<p>[vc_btn title=&#8221;Reserva al mejor precio&#8221; style=&#8221;custom&#8221; custom_background=&#8221;#7c0021&#8243; custom_text=&#8221;#ffffff&#8221; shape=&#8221;square&#8221; align=&#8221;left&#8221; i_icon_fontawesome=&#8221;fa fa-calendar&#8221; add_icon=&#8221;true&#8221; link=&#8221;url:https%3A%2F%2Fv6.upperbooking.com%2Fes%2Fbooking%2Fcity%2Fwrap%2Fambientpensiune%3Flocale%3Des|||&#8221; custom_onclick=&#8221;true&#8221; custom_onclick_code=&#8221;Booking.Open({RoomID:24038}); return false;&#8221;][vc_btn title=&#8221;Ver detalles de la habitaci\u00f3n&#8221; style=&#8221;flat&#8221; shape=&#8221;square&#8221; color=&#8221;black&#8221; align=&#8221;left&#8221; link=&#8221;url:%2Frooms%2Fjunior-suite%2F|||&#8221;][\/vc_column_text][\/vc_column][\/vc_row][vc_row full_width=&#8221;stretch_row&#8221; parallax=&#8221;content-moving&#8221; css=&#8221;.vc_custom_1471215927658{margin-bottom: 30px !important;background-image: url(https:\/\/www.pensiuneambient.ro\/wp-content\/uploads\/2014\/09\/cuplupensiuneambient.jpg?id=5483) !important;background-position: 0 0;background-repeat: no-repeat !important;}&#8221;][vc_column width=&#8221;1\/2&#8243;][vc_column_text el_class=&#8221;white-box content-padding&#8221;]<\/p>\n<h2 id=\"cove\" class=\"text-uppercase\"><small>DESDE 39\u00a0\u20ac \/ NOCHE<\/small>DOUBLE\/TWIN\u00a0<small><\/small><\/h2>\n<p>Confort exclusivo en 20m2 que llevan la huella inconfundible de la elegancia<\/p>\n<ul class=\"list-pointer\">\n<li>Cama King Size o dos camas individuales<\/li>\n<li>Cuarto de ba\u00f1o con ducha<\/li>\n<li>Minibar, WiFi Gratuito, servicio de lavander\u00eda, parking gratuito vigilado electr\u00f3nicamente<\/li>\n<li>Desayuno bufet incluido en el precio<\/li>\n<li>Tel\u00e9fono para llamadas nacionales e internacionales<\/li>\n<\/ul>\n<p>&nbsp;<\/p>\n<p>[vc_btn title=&#8221;Reserva al mejor precio&#8221; style=&#8221;custom&#8221; custom_background=&#8221;#7c0021&#8243; custom_text=&#8221;#ffffff&#8221; shape=&#8221;square&#8221; align=&#8221;left&#8221; i_icon_fontawesome=&#8221;fa fa-calendar&#8221; add_icon=&#8221;true&#8221; link=&#8221;url:https%3A%2F%2Fv6.upperbooking.com%2Fes%2Fbooking%2Fcity%2Fwrap%2Fambientpensiune%3Flocale%3Des|||&#8221; custom_onclick=&#8221;true&#8221; custom_onclick_code=&#8221;Booking.Open({RoomID:24037}); return false;&#8221;][vc_btn title=&#8221;Ver detalles de la habitaci\u00f3n&#8221; style=&#8221;flat&#8221; shape=&#8221;square&#8221; color=&#8221;black&#8221; align=&#8221;left&#8221; link=&#8221;url:%2Frooms%2Fdouble%2F|||&#8221;][\/vc_column_text][\/vc_column][vc_column width=&#8221;1\/2&#8243;][vc_images_carousel images=&#8221;6937&#8243; onclick=&#8221;custom_link&#8221; hide_pagination_control=&#8221;yes&#8221; hide_prev_next_buttons=&#8221;yes&#8221; custom_links=&#8221;\/es\/rooms\/double\/&#8221;][\/vc_column][\/vc_row][vc_row full_width=&#8221;stretch_row&#8221; parallax=&#8221;content-moving&#8221; css=&#8221;.vc_custom_1471201546649{margin-bottom: 30px !important;background-image: url(https:\/\/www.pensiuneambient.ro\/wp-content\/uploads\/2014\/09\/dimineatapensiuneambient.jpg?id=5471) !important;background-position: 0 0;background-repeat: no-repeat !important;}&#8221;][vc_column width=&#8221;1\/2&#8243;][vc_images_carousel images=&#8221;7175&#8243; onclick=&#8221;custom_link&#8221; hide_pagination_control=&#8221;yes&#8221; hide_prev_next_buttons=&#8221;yes&#8221; custom_links=&#8221;\/es\/rooms\/single\/&#8221;][\/vc_column][vc_column width=&#8221;1\/2&#8243;][vc_column_text el_class=&#8221;white-box content-padding&#8221;]<\/p>\n<h2 id=\"cove\" class=\"text-uppercase\"><small>DESDE 35\u00a0\u20ac \/ NOCHE<\/small>SINGLE<small><\/small><\/h2>\n<p>Intimidad y paz en un ambiente c\u00e1lido<\/p>\n<ul class=\"list-pointer\">\n<li>Cama individual y 14m2 que emanan tranquilidad<\/li>\n<li>Cuarto de ba\u00f1o con ducha<\/li>\n<li>Minibar, WiFi Gratuito, servicio de lavander\u00eda, parking gratuito vigilado electr\u00f3nicamente<\/li>\n<li>Desayuno bufet incluido en el precio<\/li>\n<li>Tel\u00e9fono para llamadas nacionales e internacionales<\/li>\n<\/ul>\n<p>&nbsp;<\/p>\n<p>[vc_btn title=&#8221;Reserva al mejor precio&#8221; style=&#8221;custom&#8221; custom_background=&#8221;#7c0021&#8243; custom_text=&#8221;#ffffff&#8221; shape=&#8221;square&#8221; align=&#8221;left&#8221; i_icon_fontawesome=&#8221;fa fa-calendar&#8221; add_icon=&#8221;true&#8221; link=&#8221;url:https%3A%2F%2Fv6.upperbooking.com%2Fes%2Fbooking%2Fcity%2Fwrap%2Fambientpensiune%3Flocale%3Des|||&#8221; custom_onclick=&#8221;true&#8221; custom_onclick_code=&#8221;Booking.Open({RoomID:24036}); return false;&#8221;][vc_btn title=&#8221;Ver detalles de la habitaci\u00f3n&#8221; style=&#8221;flat&#8221; shape=&#8221;square&#8221; color=&#8221;black&#8221; align=&#8221;left&#8221; link=&#8221;url:%2Frooms%2Fsingle%2F|||&#8221;][\/vc_column_text][\/vc_column][\/vc_row][vc_row full_width=&#8221;stretch_row&#8221; css=&#8221;.vc_custom_1469096018841{margin-bottom: -20px !important;padding-top: 2.8rem !important;padding-bottom: 2.8rem !important;background-color: #f0f1f2 !important;}&#8221;][vc_column][vc_raw_html]JTNDZGl2JTIwY2xhc3MlM0QlMjJ3cGJfd3JhcHBlciUyMGJvb2tpbmclMjIlM0UlM0MlMkZkaXYlM0UlM0NzY3JpcHQlMjBzcmMlM0QlMjJodHRwcyUzQSUyRiUyRndpcy51cHBlcmJvb2tpbmcuY29tJTJGYW1iaWVudHBlbnNpdW5lJTJGYm9va2luZ2hvbWUlM0Zsb2NhbGUlM0RlcyUyMiUyMGFzeW5jJTNFJTNDJTJGc2NyaXB0JTNF[\/vc_raw_html][\/vc_column][\/vc_row][vc_row][vc_column]<ul class=\"list-inline isotope-filter clearfix\" id=\"isotope-filter-3\"><li><strong>Habitaciones<\/strong><\/li><li class=\"selected\" data-filter=\"*\"><a href=\"#\">Todas<\/a><\/li><li><a href=\"#\" data-filter=\".cama-king-size\">Cama King Size<\/a><\/li><li><a href=\"#\" data-filter=\".hasta-4-personas\"> Hasta 4 Personas<\/a><\/li><li><a href=\"#\" data-filter=\".hasta-3-personas\"> Hasta 3 Personas<\/a><\/li><li><a href=\"#\" data-filter=\".hasta-2-personas\"> Hasta 2 Personas<\/a><\/li><\/ul><br><div id=\"isotope-3\" class=\"isotope\" data-isotope-options=\"{ \"layoutMode\": \"horizontal\", \"itemSelector\": \".item\" }\"><div class=\"item todas cama-king-size hasta-4-personas hasta-3-personas hasta-2-personas\"><a href=\"\/rooms\/suite\/\" class=\"link-image\" ><img loading=\"lazy\" decoding=\"async\" width=\"300\" height=\"200\" src=\"https:\/\/www.pensiuneambient.ro\/wp-content\/uploads\/2014\/09\/camera2ambient-2-300x200-300x200.jpg\" class=\"attachment-medium size-medium\" alt=\"\" \/><\/a><div class=\"item-content\"><h4><a href='\/rooms\/suite\/' >Suite<\/a><\/h4>Pasi\u00f3n por un espacio de lujo<\/div><\/div><div class=\"item todas cama-king-size  hasta-3-personas hasta-2-personas \"><a href=\"\/rooms\/junior-suite\/\" class=\"link-image\" ><img loading=\"lazy\" decoding=\"async\" width=\"300\" height=\"200\" src=\"https:\/\/www.pensiuneambient.ro\/wp-content\/uploads\/2014\/09\/pequeapt-300x200.jpg\" class=\"attachment-medium size-medium\" alt=\"\" srcset=\"https:\/\/www.pensiuneambient.ro\/wp-content\/uploads\/2014\/09\/pequeapt-300x200.jpg 300w, https:\/\/www.pensiuneambient.ro\/wp-content\/uploads\/2014\/09\/pequeapt-768x512.jpg 768w, https:\/\/www.pensiuneambient.ro\/wp-content\/uploads\/2014\/09\/pequeapt.jpg 800w\" sizes=\"auto, (max-width: 300px) 100vw, 300px\" \/><\/a><div class=\"item-content\"><h4><a href='\/rooms\/junior-suite\/' >Junior Suite<\/a><\/h4>Amigos y familias felices<\/div><\/div><div class=\"item todas cama-king-size hasta-2-personas \"><a href=\"\/rooms\/double\/\" class=\"link-image\" ><img loading=\"lazy\" decoding=\"async\" width=\"300\" height=\"200\" src=\"https:\/\/www.pensiuneambient.ro\/wp-content\/uploads\/2014\/09\/doubpeqhome-300x200.jpg\" class=\"attachment-medium size-medium\" alt=\"\" srcset=\"https:\/\/www.pensiuneambient.ro\/wp-content\/uploads\/2014\/09\/doubpeqhome-300x200.jpg 300w, https:\/\/www.pensiuneambient.ro\/wp-content\/uploads\/2014\/09\/doubpeqhome-768x512.jpg 768w, https:\/\/www.pensiuneambient.ro\/wp-content\/uploads\/2014\/09\/doubpeqhome.jpg 800w\" sizes=\"auto, (max-width: 300px) 100vw, 300px\" \/><\/a><div class=\"item-content\"><h4><a href='\/rooms\/double\/' >Double<\/a><\/h4>Confort y calidez<\/div><\/div><div class=\"item todas \"><a href=\"\/rooms\/single\/\" class=\"link-image\" ><img loading=\"lazy\" decoding=\"async\" width=\"300\" height=\"200\" src=\"https:\/\/www.pensiuneambient.ro\/wp-content\/uploads\/2014\/09\/singlehome-300x200.jpg\" class=\"attachment-medium size-medium\" alt=\"\" srcset=\"https:\/\/www.pensiuneambient.ro\/wp-content\/uploads\/2014\/09\/singlehome-300x200.jpg 300w, https:\/\/www.pensiuneambient.ro\/wp-content\/uploads\/2014\/09\/singlehome-768x512.jpg 768w, https:\/\/www.pensiuneambient.ro\/wp-content\/uploads\/2014\/09\/singlehome.jpg 800w\" sizes=\"auto, (max-width: 300px) 100vw, 300px\" \/><\/a><div class=\"item-content\"><h4><a href='\/rooms\/single\/' >Single<\/a><\/h4>Tranquilidad e intimidad<\/div><\/div><\/div><script type='text\/javascript'>( function( $ ) { $( document ).ready(function() {\n\t\t\t\tvar container = $('#isotope-3')\n\t\t\t\tcontainer.imagesLoaded(function(){\n\t\t\t\t\tcontainer.isotope();\n\t\t\t\t\t$('#isotope-filter-3 a').on('click', function (e) {\n\t\t\t\t\t\te.preventDefault();\n\t\t\t\t\t\tvar filterValue = $(this).attr('data-filter');\n\t\t\t\t\t\t$('#isotope-3').isotope({ layoutMode: 'fitRows', filter: filterValue });\n\t\t\t\t\t\t$(this).parent().siblings().removeClass('selected');\n\t\t\t\t\t\t$(this).parent().addClass('selected');\n\t\t\t\t\t});\n\t\t\t\t});\n\t\t\t}); } )( jQuery );<\/script>[\/vc_column][\/vc_row]<\/p>","protected":false},"excerpt":{"rendered":"<p>[vc_row][vc_column width=&#8221;1\/2&#8243;][vc_column_text] Les invitamos a descubrir un rinc\u00f3n especial donde podr\u00e1 dejarse consentir por el confort e intimidad y disfrutar [&hellip;]<\/p>\n","protected":false},"author":1,"featured_media":0,"parent":0,"menu_order":3,"comment_status":"closed","ping_status":"closed","template":"","meta":{"footnotes":""},"yst_prominent_words":[],"class_list":["post-21","page","type-page","status-publish","hentry"],"yoast_head":"<!-- This site is optimized with the Yoast SEO Premium plugin v14.0.2 - https:\/\/yoast.com\/wordpress\/plugins\/seo\/ -->\n<title>Habitaciones - Ambient Pension Brasov - Reserva al mejor precio las propriedades Ambient<\/title>\n<meta name=\"description\" content=\"{:ro}Fiecare camer\u0103 v\u0103 va dezv\u0103lui o nou\u0103 lume ... o lume de culori, c\u0103ldura si intimitate, \u00a1o lume care v\u0103 ofer\u0103 experien\u021ba celui mai exclusive confort!{:}\" \/>\n<meta name=\"robots\" content=\"index, follow\" \/>\n<meta name=\"googlebot\" content=\"index, follow, max-snippet:-1, max-image-preview:large, max-video-preview:-1\" \/>\n<meta name=\"bingbot\" content=\"index, follow, max-snippet:-1, max-image-preview:large, max-video-preview:-1\" \/>\n<link rel=\"canonical\" href=\"https:\/\/www.pensiuneambient.ro\/rooms-new\/\" \/>\n<meta property=\"og:locale\" content=\"es_ES\" \/>\n<meta property=\"og:type\" content=\"article\" \/>\n<meta property=\"og:title\" content=\"[:ro]Camere[:en]Rooms[:es]Habitaciones[:de]Zimmer[:] - Ambient Pension Brasov - Reserva al mejor precio las propriedades Ambient\" \/>\n<meta property=\"og:description\" content=\"{:ro}Fiecare camer\u0103 v\u0103 va dezv\u0103lui o nou\u0103 lume ... o lume de culori, c\u0103ldura si intimitate, \u00a1o lume care v\u0103 ofer\u0103 experien\u021ba celui mai exclusive confort!{:}\" \/>\n<meta property=\"og:url\" content=\"https:\/\/www.pensiuneambient.ro\/rooms-new\/\" \/>\n<meta property=\"og:site_name\" content=\"Ambient Pension Brasov - Reserva al mejor precio las propriedades Ambient\" \/>\n<meta property=\"article:modified_time\" content=\"2021-07-14T09:46:16+00:00\" \/>\n<meta name=\"twitter:card\" content=\"summary_large_image\" \/>\n<script type=\"application\/ld+json\" class=\"yoast-schema-graph\">{\"@context\":\"https:\/\/schema.org\",\"@graph\":[{\"@type\":\"WebSite\",\"@id\":\"https:\/\/www.pensiuneambient.ro\/es\/#website\",\"url\":\"https:\/\/www.pensiuneambient.ro\/es\/\",\"name\":\"Ambient Pension Brasov - Reserva al mejor precio las propriedades Ambient\",\"description\":\"Site Oficial\",\"potentialAction\":[{\"@type\":\"SearchAction\",\"target\":\"https:\/\/www.pensiuneambient.ro\/es\/?s={search_term_string}\",\"query-input\":\"required name=search_term_string\"}],\"inLanguage\":\"es\"},{\"@type\":\"WebPage\",\"@id\":\"https:\/\/www.pensiuneambient.ro\/rooms-new\/#webpage\",\"url\":\"https:\/\/www.pensiuneambient.ro\/rooms-new\/\",\"name\":\"[:ro]Camere[:en]Rooms[:es]Habitaciones[:de]Zimmer[:] - Ambient Pension Brasov - Reserva al mejor precio las propriedades Ambient\",\"isPartOf\":{\"@id\":\"https:\/\/www.pensiuneambient.ro\/es\/#website\"},\"datePublished\":\"2014-09-14T09:20:42+00:00\",\"dateModified\":\"2021-07-14T09:46:16+00:00\",\"description\":\"{:ro}Fiecare camer\\u0103 v\\u0103 va dezv\\u0103lui o nou\\u0103 lume ... o lume de culori, c\\u0103ldura si intimitate, \\u00a1o lume care v\\u0103 ofer\\u0103 experien\\u021ba celui mai exclusive confort!{:}\",\"inLanguage\":\"es\",\"potentialAction\":[{\"@type\":\"ReadAction\",\"target\":[\"https:\/\/www.pensiuneambient.ro\/rooms-new\/\"]}]}]}<\/script>\n<!-- \/ Yoast SEO Premium plugin. -->","_links":{"self":[{"href":"https:\/\/www.pensiuneambient.ro\/es\/wp-json\/wp\/v2\/pages\/21","targetHints":{"allow":["GET"]}}],"collection":[{"href":"https:\/\/www.pensiuneambient.ro\/es\/wp-json\/wp\/v2\/pages"}],"about":[{"href":"https:\/\/www.pensiuneambient.ro\/es\/wp-json\/wp\/v2\/types\/page"}],"author":[{"embeddable":true,"href":"https:\/\/www.pensiuneambient.ro\/es\/wp-json\/wp\/v2\/users\/1"}],"replies":[{"embeddable":true,"href":"https:\/\/www.pensiuneambient.ro\/es\/wp-json\/wp\/v2\/comments?post=21"}],"version-history":[{"count":64,"href":"https:\/\/www.pensiuneambient.ro\/es\/wp-json\/wp\/v2\/pages\/21\/revisions"}],"predecessor-version":[{"id":8225,"href":"https:\/\/www.pensiuneambient.ro\/es\/wp-json\/wp\/v2\/pages\/21\/revisions\/8225"}],"wp:attachment":[{"href":"https:\/\/www.pensiuneambient.ro\/es\/wp-json\/wp\/v2\/media?parent=21"}],"wp:term":[{"taxonomy":"yst_prominent_words","embeddable":true,"href":"https:\/\/www.pensiuneambient.ro\/es\/wp-json\/wp\/v2\/yst_prominent_words?post=21"}],"curies":[{"name":"wp","href":"https:\/\/api.w.org\/{rel}","templated":true}]}}