{"id":11,"date":"2014-09-14T09:19:10","date_gmt":"2014-09-14T09:19:10","guid":{"rendered":"http:\/\/localhost\/final-leisure\/?page_id=11"},"modified":"2023-04-29T17:30:07","modified_gmt":"2023-04-29T14:30:07","slug":"hotel_services","status":"publish","type":"page","link":"https:\/\/www.pensiuneambient.ro\/es\/hotel_services\/","title":{"rendered":"Servicios"},"content":{"rendered":"<p><\/p>\n<p>[vc_row disable_element=&#8221;yes&#8221;][vc_column width=&#8221;1\/2&#8243;][vc_column_text]<\/p>\n<h3><span style=\"color: #7c0021;\">Servicios impecables en un Ambiente Moderno<\/span><\/h3>\n<p><strong>Hospitalidad, Confort, Bienestar y Relax\u00a0<\/strong><\/p>\n<p>Descubrir\u00e1n los servicios de alta calidad con el que nuestro equipo de profesionales recibe cada vez a nuestros hu\u00e9spedes.<\/p>\n<p>Situada en el <strong>centro de Brasov<\/strong>, una ciudad con encanto especial, Pension Ambient es el refugio perfecto para una estancia inolvidable, en donde podr\u00e1n disfrutar desde el primer momento de un <strong>ambiente c\u00e1lido<\/strong>, en el que\u00a0al\u00a0despertarse en una de las acogedoras habitaciones o empezar el d\u00eda en la sala de desayunos con los ingredientes m\u00e1s frescos y sabrosos, tendr\u00e1n el placer de vivir <strong>experiencias \u00fanicas<\/strong> con los cinco sentidos.[\/vc_column_text][\/vc_column][vc_column width=&#8221;1\/2&#8243;][vc_images_carousel images=&#8221;6968&#8243; onclick=&#8221;link_no&#8221; speed=&#8221;8888&#8243; hide_pagination_control=&#8221;yes&#8221; hide_prev_next_buttons=&#8221;yes&#8221;][\/vc_column][\/vc_row][vc_row css=&#8221;.vc_custom_1472164123187{margin-top: -60px !important;margin-bottom: -200px !important;}&#8221;][vc_column][vc_separator color=&#8221;custom&#8221; style=&#8221;shadow&#8221; border_width=&#8221;2&#8243; accent_color=&#8221;#7c0021&#8243; css=&#8221;.vc_custom_1471822497289{margin-top: -60px !important;}&#8221;][\/vc_column][\/vc_row][vc_row css=&#8221;.vc_custom_1472757205101{margin-top: 20px !important;margin-bottom: -190px !important;}&#8221;][vc_column][vc_column_text css=&#8221;.vc_custom_1471822214973{margin-bottom: 90px !important;}&#8221;]<\/p>\n<h3 style=\"text-align: center;\"><span style=\"color: #7c0021;\">DEJESE SORPRENDER<\/span><\/h3>\n<p>[\/vc_column_text][\/vc_column][\/vc_row][vc_row css=&#8221;.vc_custom_1471688720079{margin-top: -90px !important;background-color: #ffffff !important;}&#8221; el_class=&#8221;content-padding-mobile-none&#8221;][vc_column css=&#8221;.vc_custom_1471769835500{background-color: #ffffff !important;}&#8221;]<div class='services-carousel  owl-with-navigation' data-owl-items='4' data-owl-nav='false' data-owl-nav-text='[]' data-owl-loop='true' data-owl-autoplay='true' data-owl-speed='15000' data-owl-hover='false' data-owl-mobile='1' data-owl-tablet='2' data-owl-dots='true'><div class='item'><a href=\"\/hotel_services\/wellness\/\" target=\"_self\" class=\"link-image\" title=\"Masaje Relajante\"><img loading=\"lazy\" decoding=\"async\" width=\"450\" height=\"300\" src=\"https:\/\/www.pensiuneambient.ro\/wp-content\/uploads\/2014\/09\/masajpensiuneambient-1.jpg\" class=\"attachment-large size-large\" alt=\"\" srcset=\"https:\/\/www.pensiuneambient.ro\/wp-content\/uploads\/2014\/09\/masajpensiuneambient-1.jpg 450w, https:\/\/www.pensiuneambient.ro\/wp-content\/uploads\/2014\/09\/masajpensiuneambient-1-300x200.jpg 300w\" sizes=\"auto, (max-width: 450px) 100vw, 450px\" \/><\/a><div class=\"item-content\"><h4><a href=\"\/hotel_services\/wellness\/\" target=\"_self\">Masaje Relajante<\/a><\/h4><p>El ingrediente idoneo para una experiencia de bienestar<\/p><\/div><\/div><div class='item'><a href=\"\/hotel_services\/meeting-rooms\/\" target=\"_self\" class=\"link-image\" title=\"Salas de Conferencias\"><img loading=\"lazy\" decoding=\"async\" width=\"450\" height=\"300\" src=\"https:\/\/www.pensiuneambient.ro\/wp-content\/uploads\/2014\/09\/conferintepensiuneambient-1.jpg\" class=\"attachment-large size-large\" alt=\"\" srcset=\"https:\/\/www.pensiuneambient.ro\/wp-content\/uploads\/2014\/09\/conferintepensiuneambient-1.jpg 450w, https:\/\/www.pensiuneambient.ro\/wp-content\/uploads\/2014\/09\/conferintepensiuneambient-1-300x200.jpg 300w\" sizes=\"auto, (max-width: 450px) 100vw, 450px\" \/><\/a><div class=\"item-content\"><h4><a href=\"\/hotel_services\/meeting-rooms\/\" target=\"_self\">Salas de Conferencias<\/a><\/h4><p>Dos espacios que albergan eventos de \u00e9xito<\/p><\/div><\/div><div class='item'><a href=\"\/hotel_services\/transfers\/\" target=\"_self\" class=\"link-image\" title=\"Transfers &amp; Excursiones\"><img loading=\"lazy\" decoding=\"async\" width=\"450\" height=\"300\" src=\"https:\/\/www.pensiuneambient.ro\/wp-content\/uploads\/2014\/09\/transportpensiuneambient.jpg\" class=\"attachment-large size-large\" alt=\"\" srcset=\"https:\/\/www.pensiuneambient.ro\/wp-content\/uploads\/2014\/09\/transportpensiuneambient.jpg 450w, https:\/\/www.pensiuneambient.ro\/wp-content\/uploads\/2014\/09\/transportpensiuneambient-300x200.jpg 300w\" sizes=\"auto, (max-width: 450px) 100vw, 450px\" \/><\/a><div class=\"item-content\"><h4><a href=\"\/hotel_services\/transfers\/\" target=\"_self\">Transfers &amp; Excursiones<\/a><\/h4><p>Transporte c\u00f3modo, eficiente y r\u00e1pido con un solo click<\/p><\/div><\/div><div class='item'><a href=\"\/hotel_services\/bar\/\" target=\"_self\" class=\"link-image\" title=\"Bar\"><img loading=\"lazy\" decoding=\"async\" width=\"450\" height=\"300\" src=\"https:\/\/www.pensiuneambient.ro\/wp-content\/uploads\/2014\/09\/barambientpensiune.jpg\" class=\"attachment-large size-large\" alt=\"\" srcset=\"https:\/\/www.pensiuneambient.ro\/wp-content\/uploads\/2014\/09\/barambientpensiune.jpg 450w, https:\/\/www.pensiuneambient.ro\/wp-content\/uploads\/2014\/09\/barambientpensiune-300x200.jpg 300w\" sizes=\"auto, (max-width: 450px) 100vw, 450px\" \/><\/a><div class=\"item-content\"><h4><a href=\"\/hotel_services\/bar\/\" target=\"_self\">Bar<\/a><\/h4><p>El lugar donde se disfrutan las bebidas m\u00e1s exquisitas<\/p><\/div><\/div><\/div>[\/vc_column][\/vc_row][vc_row css=&#8221;.vc_custom_1521491507650{margin-top: -130px !important;margin-bottom: -50px !important;}&#8221;][vc_column width=&#8221;1\/2&#8243;][vc_images_carousel images=&#8221;7876&#8243; speed=&#8221;8888&#8243; hide_pagination_control=&#8221;yes&#8221; hide_prev_next_buttons=&#8221;yes&#8221;][\/vc_column][vc_column width=&#8221;1\/2&#8243;][vc_column_text]<strong>Ambient es m\u00e1s que un hotel, es su compa\u00f1ero de viaje.<\/strong><\/p>\n<p>Deseamos que tenga una experiencia que le ayude a descubrir Brasov desde el momento en que pasa nuestro umbral y siempre queremos conocer mejor sus necesidades durante su estancia para brindarle un excelente servicio. Con este fin, le proporcionamos un <strong>Smartphone en su habitaci\u00f3n<\/strong> de hotel y fuera de \u00e9l, con el que podr\u00e1 disfrutar de:<\/p>\n<p>Llamadas internacionales y locales ilimitadas<br \/>\nAcceso gratuito a internet<br \/>\nGuia de viaje<br \/>\nOfertas y servicios disponibles en el hotel y en Brasov<br \/>\nMarcaci\u00f3n r\u00e1pida para los servicios del hotel[\/vc_column_text][\/vc_column][\/vc_row][vc_row full_width=&#8221;stretch_row&#8221; parallax_layers=&#8221;yes&#8221; style_images=&#8221;yes&#8221; el_class=&#8221;content-padding-mobile-none&#8221; css=&#8221;.vc_custom_1473778037999{background-image: url(https:\/\/www.pensiuneambient.ro\/wp-content\/uploads\/2014\/09\/ServiciosF0001.jpg?id=5871) !important;background-position: center !important;background-repeat: no-repeat !important;background-size: cover !important;}&#8221; layer_1=&#8221;6978&#8243; layer_1_vertical=&#8221;top: 9%&#8221; layer_1_horizontal=&#8221;left: 8%&#8221; layer_1_ratio=&#8221;0.8&#8243; layer_1_z=&#8221;0.222&#8243;][vc_column width=&#8221;2\/3&#8243; offset=&#8221;vc_col-sm-offset-2&#8243; el_class=&#8221;text-center white-box content-padding&#8221; css=&#8221;.vc_custom_1471773706488{background-color: rgba(255,255,255,0) !important;*background-color: rgb(255,255,255) !important;}&#8221;]<h2 class=\"text-center\"><small>Dicen de nosotros...<\/small>OPINIONES DE TRIP ADVISOR<\/h2><div class='testimonials-carousel  owl-with-navigation' data-owl-items='3' data-owl-nav='false' data-owl-nav-text='[]' data-owl-loop='true' data-owl-autoplay='true' data-owl-speed='5000' data-owl-hover='true' data-owl-mobile='1' data-owl-tablet='2' data-owl-dots='true'><div class='testimonial'><h4 class='testimonial-title'>Olimiro<small>Jun 30, 2016<\/small><\/h4><p>``Sweet Pension`` This was a clean place with large rooms, nice bathrooms, friendly service and good breakfast with a pretty price tag<\/p><a href='https:\/\/www.tripadvisor.com\/ShowUserReviews-g295394-d615900-r383623978-Ambient_Pension-Brasov_Brasov_County_Central_Romania_Transylvania.html' class='btn-inline btn' target=\"_blank\">Ver opini\u00f3n<\/a><\/div><div class='testimonial'><h4 class='testimonial-title'>Maria P<small>Apr 15, 2016<\/small><\/h4><p>``A very warm location`` I have visited Ambient Pension for one week and i was left with a very good impression. The rooms are unexpectedly spacious, extremely clean and decorated with taste<\/p><a href='https:\/\/www.tripadvisor.com\/ShowUserReviews-g295394-d615900-r364437646-Ambient_Pension-Brasov_Brasov_County_Central_Romania_Transylvania.html' class='btn-inline btn' target=\"_blank\">Leer opini\u00f3n<\/a><\/div><div class='testimonial'><h4 class='testimonial-title'>Andra C<small>Aug 5, 2015<\/small><\/h4><p>``Excellent accommodation in Brasov!`` We stayed only for two nights but wished to stay longer. Our room was absolutely charming. We had a great breakfast<\/p><a href='https:\/\/www.tripadvisor.com\/ShowUserReviews-g295394-d615900-r295955264-Ambient_Pension-Brasov_Brasov_County_Central_Romania_Transylvania.html' class='btn-inline btn' target=\"_blank\">Leer opini\u00f3n<\/a><\/div><div class='testimonial'><h4 class='testimonial-title'>Gotofly2<small>Jun 7, 2013<\/small><\/h4><p>``Nice stay in the middle of Brasov`` This is an appartment hotel and we got 2 bedroom appartment. It was very nice and spacious<\/p><a href='https:\/\/www.tripadvisor.com\/ShowUserReviews-g295394-d615900-r163301535-Ambient_Pension-Brasov_Brasov_County_Central_Romania_Transylvania.html' class='btn-inline btn' target=\"_blank\">Leer opiniones<\/a><\/div><div class='testimonial'><h4 class='testimonial-title'>Pinnerguys<small>Jun 28, 2009<\/small><\/h4><p>``Clean, Convenient and Great Value for money`` The pension is within 5 mins walk to the old town centre and the nearest restaurant, Ceasu Rau, is 2 mins walk - serves good food at value prices<\/p><a href='https:\/\/www.tripadvisor.com\/ShowUserReviews-g295394-d615900-r33421154-Ambient_Pension-Brasov_Brasov_County_Central_Romania_Transylvania.html' class='btn-inline btn' target=\"_blank\">Leer opini\u00f3n<\/a><\/div><\/div>[\/vc_column][\/vc_row][vc_row][vc_column][vc_raw_html css=&#8221;.vc_custom_1491860566111{background-image: url(https:\/\/www.pensiuneambient.ro\/wp-content\/uploads\/2014\/09\/pensiuneambient.jpg?id=5755) !important;}&#8221;]JTNDc2NyaXB0JTIwdHlwZSUzRCUyMnRleHQlMkZqYXZhc2NyaXB0JTIyJTIwc3JjJTNEJTIyaHR0cHMlM0ElMkYlMkZvcGVuLnVwcGVyYm9va2luZy5jb20lMkZhbWJpZW50cGVuc2l1bmUlMkZCb29raW5nLmpzJTNGbG9jYWxlJTNEZXMlMjIlM0UlM0MlMkZzY3JpcHQlM0U=[\/vc_raw_html][\/vc_column][\/vc_row][vc_row css=&#8221;.vc_custom_1473419682647{margin-top: -300px !important;}&#8221;][vc_column][vc_separator color=&#8221;custom&#8221; style=&#8221;shadow&#8221; accent_color=&#8221;#7c0021&#8243;][\/vc_column][\/vc_row][vc_row css=&#8221;.vc_custom_1480531803418{margin-top: -110px !important;margin-bottom: -20px !important;}&#8221;][vc_column width=&#8221;1\/6&#8243;][\/vc_column][vc_column width=&#8221;2\/3&#8243;][vc_column_text]<div class=\"epyt-video-wrapper\"><iframe loading=\"lazy\"  style=\"display: block; margin: 0px auto;\"  id=\"_ytid_78438\"  width=\"750\" height=\"422\"  data-origwidth=\"750\" data-origheight=\"422\" src=\"https:\/\/www.youtube.com\/embed\/wEf6vrBMFSs?enablejsapi=1&origin=https:\/\/www.pensiuneambient.ro&autoplay=0&cc_load_policy=0&cc_lang_pref=&iv_load_policy=3&loop=0&modestbranding=1&rel=0&fs=1&playsinline=0&autohide=2&theme=dark&color=red&controls=1&\" class=\"__youtube_prefs__  no-lazyload\" title=\"YouTube player\"  allow=\"fullscreen; accelerometer; autoplay; clipboard-write; encrypted-media; gyroscope; picture-in-picture\" allowfullscreen data-no-lazy=\"1\" data-skipgform_ajax_framebjll=\"\"><\/iframe><\/div>[\/vc_column_text][\/vc_column][vc_column width=&#8221;1\/6&#8243;][\/vc_column][\/vc_row][vc_row][vc_column]\n\t\t\t<!-- START hotelteam REVOLUTION SLIDER 6.2.17 --><p class=\"rs-p-wp-fix\"><\/p>\n\t\t\t<rs-module-wrap id=\"rev_slider_11_3_wrapper\" data-source=\"gallery\" style=\"background:transparent;padding:0;margin:0px auto;margin-top:0;margin-bottom:0;\">\n\t\t\t\t<rs-module id=\"rev_slider_11_3\" style=\"\" data-version=\"6.2.17\">\n\t\t\t\t\t<rs-slides>\n\t\t\t\t\t\t<rs-slide data-key=\"rs-31\" data-title=\"Slide\" data-link=\"\/\/www.hotelambient.ro\/hotel_services\/team\/\" data-target=\"_self\" data-seoz=\"front\" data-anim=\"ei:d;eo:d;s:600;r:0;t:fade;sl:d;\">\n\t\t\t\t\t\t\t<img loading=\"lazy\" decoding=\"async\" src=\"\/\/www.pensiuneambient.ro\/wp-content\/uploads\/revslider\/hotelteam\/Echipa-Ambient-4-scaled.jpg\" title=\"Echipa-Ambient-4-scaled.jpg\" width=\"2560\" height=\"1708\" class=\"rev-slidebg\" data-no-retina>\n<!--\n\t\t\t\t\t\t\t--><rs-layer\n\t\t\t\t\t\t\t\tid=\"slider-11-slide-31-layer-1\" \n\t\t\t\t\t\t\t\tclass=\"Photography-ImageHover2\"\n\t\t\t\t\t\t\t\tdata-type=\"text\"\n\t\t\t\t\t\t\t\tdata-color=\"rgba(255,255,255,1)\"\n\t\t\t\t\t\t\t\tdata-rsp_ch=\"on\"\n\t\t\t\t\t\t\t\tdata-xy=\"x:c;xo:-200px;y:28px;\"\n\t\t\t\t\t\t\t\tdata-text=\"w:normal;l:22;a:center;\"\n\t\t\t\t\t\t\t\tdata-dim=\"w:899px;\"\n\t\t\t\t\t\t\t\tdata-vbility=\"t,t,f,f\"\n\t\t\t\t\t\t\t\tdata-border=\"bos:solid;bow:10px,10px,10px,10px;bor:3px,3px,3px,3px;\"\n\t\t\t\t\t\t\t\tdata-frame_0=\"sX:0.9;sY:0.9;\"\n\t\t\t\t\t\t\t\tdata-frame_1=\"st:500;sp:1500;\"\n\t\t\t\t\t\t\t\tdata-frame_999=\"o:0;e:nothing;st:w;\"\n\t\t\t\t\t\t\t\tdata-frame_hover=\"o:0.5;sX:0.8;sY:0.8;bgc:transparent;bor:0,0,0,0;bos:none;bow:0,0,0,0;oX:50;oY:50;sp:500;e:back.out;\"\n\t\t\t\t\t\t\t\tstyle=\"z-index:5;background-color:rgba(207,14,23,0.70);font-family:Verdana, Geneva, sans-serif;cursor:pointer;\"\n\t\t\t\t\t\t\t> Les invitamos conocer la familia Ambient, un equipo que har\u00e1 que cada momento que pas\u00e9 con nosotros valga la pena y que les har\u00e1 sentir siempre mejor que en su propia casa. \n\u00a1Estos somos nosotros, siempre entusiastas, siempre ansiosos para ayudar y siempre sonriendo! \n\t\t\t\t\t\t\t<\/rs-layer><!--\n\n\t\t\t\t\t\t\t--><rs-layer\n\t\t\t\t\t\t\t\tid=\"slider-11-slide-31-layer-2\" \n\t\t\t\t\t\t\t\tclass=\"Photography-ImageHover2\"\n\t\t\t\t\t\t\t\tdata-type=\"text\"\n\t\t\t\t\t\t\t\tdata-color=\"rgba(255,255,255,1)\"\n\t\t\t\t\t\t\t\tdata-rsp_ch=\"on\"\n\t\t\t\t\t\t\t\tdata-xy=\"x:c;xo:-195px;y:33px;\"\n\t\t\t\t\t\t\t\tdata-text=\"w:normal;s:30;l:33;a:center;\"\n\t\t\t\t\t\t\t\tdata-dim=\"w:899px;\"\n\t\t\t\t\t\t\t\tdata-vbility=\"f,f,t,t\"\n\t\t\t\t\t\t\t\tdata-border=\"bos:solid;bow:10px,10px,10px,10px;bor:3px,3px,3px,3px;\"\n\t\t\t\t\t\t\t\tdata-frame_0=\"sX:0.9;sY:0.9;\"\n\t\t\t\t\t\t\t\tdata-frame_1=\"st:500;sp:1500;\"\n\t\t\t\t\t\t\t\tdata-frame_999=\"o:0;e:nothing;st:w;\"\n\t\t\t\t\t\t\t\tdata-frame_hover=\"o:0.5;sX:0.8;sY:0.8;bgc:transparent;bor:0,0,0,0;bos:none;bow:0,0,0,0;oX:50;oY:50;sp:500;e:back.out;\"\n\t\t\t\t\t\t\t\tstyle=\"z-index:6;background-color:rgba(207,14,23,0.70);font-family:Verdana, Geneva, sans-serif;cursor:pointer;\"\n\t\t\t\t\t\t\t> Les invitamos conocer la familia Ambient \n\t\t\t\t\t\t\t<\/rs-layer><!--\n-->\t\t\t\t\t\t<\/rs-slide>\n\t\t\t\t\t<\/rs-slides>\n\t\t\t\t<\/rs-module>\n\t\t\t\t<script type=\"text\/javascript\">\n\t\t\t\t\tsetREVStartSize({c: 'rev_slider_11_3',rl:[1240,1024,778,480],el:[700],gw:[1640],gh:[700],type:'hero',justify:'',layout:'fullwidth',mh:\"0\"});\n\t\t\t\t\tvar\trevapi11,\n\t\t\t\t\t\ttpj;\n\t\t\t\t\tjQuery(function() {\n\t\t\t\t\t\ttpj = jQuery;\n\t\t\t\t\t\trevapi11 = tpj(\"#rev_slider_11_3\");\n\t\t\t\t\t\tif(revapi11==undefined || revapi11.revolution == undefined){\n\t\t\t\t\t\t\trevslider_showDoubleJqueryError(\"rev_slider_11_3\");\n\t\t\t\t\t\t}else{\n\t\t\t\t\t\t\trevapi11.revolution({\n\t\t\t\t\t\t\t\tsliderType:\"hero\",\n\t\t\t\t\t\t\t\tsliderLayout:\"fullwidth\",\n\t\t\t\t\t\t\t\tvisibilityLevels:\"1240,1024,778,480\",\n\t\t\t\t\t\t\t\tgridwidth:1640,\n\t\t\t\t\t\t\t\tgridheight:700,\n\t\t\t\t\t\t\t\tspinner:\"spinner0\",\n\t\t\t\t\t\t\t\tperspective:600,\n\t\t\t\t\t\t\t\tperspectiveType:\"local\",\n\t\t\t\t\t\t\t\teditorheight:\"700,768,960,720\",\n\t\t\t\t\t\t\t\tresponsiveLevels:\"1240,1024,778,480\",\n\t\t\t\t\t\t\t\tprogressBar:{disableProgressBar:true},\n\t\t\t\t\t\t\t\tnavigation: {\n\t\t\t\t\t\t\t\t\tonHoverStop:false\n\t\t\t\t\t\t\t\t},\n\t\t\t\t\t\t\t\tfallbacks: {\n\t\t\t\t\t\t\t\t\tallowHTML5AutoPlayOnAndroid:true\n\t\t\t\t\t\t\t\t},\n\t\t\t\t\t\t\t});\n\t\t\t\t\t\t}\n\t\t\t\t\t\t\n\t\t\t\t\t});\n\t\t\t\t<\/script>\n\t\t\t<\/rs-module-wrap>\n\t\t\t<!-- END REVOLUTION SLIDER -->\n[\/vc_column][\/vc_row]<\/p>\n<p><\/p>","protected":false},"excerpt":{"rendered":"<p>[vc_row disable_element=&#8221;yes&#8221;][vc_column width=&#8221;1\/2&#8243;][vc_column_text] Servicios impecables en un Ambiente Moderno Hospitalidad, Confort, Bienestar y Relax\u00a0 Descubrir\u00e1n los servicios de alta calidad [&hellip;]<\/p>\n","protected":false},"author":1,"featured_media":0,"parent":0,"menu_order":4,"comment_status":"closed","ping_status":"closed","template":"","meta":{"footnotes":""},"yst_prominent_words":[],"class_list":["post-11","page","type-page","status-publish","hentry"],"yoast_head":"<!-- This site is optimized with the Yoast SEO Premium plugin v14.0.2 - https:\/\/yoast.com\/wordpress\/plugins\/seo\/ -->\n<title>Servicios - Ambient Pension Brasov - Reserva al mejor precio las propriedades Ambient<\/title>\n<meta name=\"description\" content=\"{:ro}Cu o pozi\u021bie privilegiat\u0103 \u00een centrul Bra\u0219ovului, un ora\u0219 bogat \u00een istorie, la poalele Mun\u021bilor Carpa\u021bi, Hotelul Ambient este un spa\u021biu de referin\u021b\u0103 \u00een ora\u0219 pentru c\u0103l\u0103torii din \u00eentreaga lume. {:}\" \/>\n<meta name=\"robots\" content=\"index, follow\" \/>\n<meta name=\"googlebot\" content=\"index, follow, max-snippet:-1, max-image-preview:large, max-video-preview:-1\" \/>\n<meta name=\"bingbot\" content=\"index, follow, max-snippet:-1, max-image-preview:large, max-video-preview:-1\" \/>\n<link rel=\"canonical\" href=\"https:\/\/www.pensiuneambient.ro\/hotel_services\/\" \/>\n<meta property=\"og:locale\" content=\"es_ES\" \/>\n<meta property=\"og:type\" content=\"article\" \/>\n<meta property=\"og:title\" content=\"[:ro]Servicii[:en]Services[:es]Servicios[:de]Dienstleistungen[:] - Ambient Pension Brasov - Reserva al mejor precio las propriedades Ambient\" \/>\n<meta property=\"og:description\" content=\"{:ro}Cu o pozi\u021bie privilegiat\u0103 \u00een centrul Bra\u0219ovului, un ora\u0219 bogat \u00een istorie, la poalele Mun\u021bilor Carpa\u021bi, Hotelul Ambient este un spa\u021biu de referin\u021b\u0103 \u00een ora\u0219 pentru c\u0103l\u0103torii din \u00eentreaga lume. {:}\" \/>\n<meta property=\"og:url\" content=\"https:\/\/www.pensiuneambient.ro\/hotel_services\/\" \/>\n<meta property=\"og:site_name\" content=\"Ambient Pension Brasov - Reserva al mejor precio las propriedades Ambient\" \/>\n<meta property=\"article:modified_time\" content=\"2023-04-29T14:30:07+00:00\" \/>\n<meta name=\"twitter:card\" content=\"summary_large_image\" \/>\n<script type=\"application\/ld+json\" class=\"yoast-schema-graph\">{\"@context\":\"https:\/\/schema.org\",\"@graph\":[{\"@type\":\"WebSite\",\"@id\":\"https:\/\/www.pensiuneambient.ro\/es\/#website\",\"url\":\"https:\/\/www.pensiuneambient.ro\/es\/\",\"name\":\"Ambient Pension Brasov - Reserva al mejor precio las propriedades Ambient\",\"description\":\"Site Oficial\",\"potentialAction\":[{\"@type\":\"SearchAction\",\"target\":\"https:\/\/www.pensiuneambient.ro\/es\/?s={search_term_string}\",\"query-input\":\"required name=search_term_string\"}],\"inLanguage\":\"es\"},{\"@type\":\"WebPage\",\"@id\":\"https:\/\/www.pensiuneambient.ro\/hotel_services\/#webpage\",\"url\":\"https:\/\/www.pensiuneambient.ro\/hotel_services\/\",\"name\":\"[:ro]Servicii[:en]Services[:es]Servicios[:de]Dienstleistungen[:] - Ambient Pension Brasov - Reserva al mejor precio las propriedades Ambient\",\"isPartOf\":{\"@id\":\"https:\/\/www.pensiuneambient.ro\/es\/#website\"},\"datePublished\":\"2014-09-14T09:19:10+00:00\",\"dateModified\":\"2023-04-29T14:30:07+00:00\",\"description\":\"{:ro}Cu o pozi\\u021bie privilegiat\\u0103 \\u00een centrul Bra\\u0219ovului, un ora\\u0219 bogat \\u00een istorie, la poalele Mun\\u021bilor Carpa\\u021bi, Hotelul Ambient este un spa\\u021biu de referin\\u021b\\u0103 \\u00een ora\\u0219 pentru c\\u0103l\\u0103torii din \\u00eentreaga lume. {:}\",\"inLanguage\":\"es\",\"potentialAction\":[{\"@type\":\"ReadAction\",\"target\":[\"https:\/\/www.pensiuneambient.ro\/hotel_services\/\"]}]}]}<\/script>\n<!-- \/ Yoast SEO Premium plugin. -->","_links":{"self":[{"href":"https:\/\/www.pensiuneambient.ro\/es\/wp-json\/wp\/v2\/pages\/11","targetHints":{"allow":["GET"]}}],"collection":[{"href":"https:\/\/www.pensiuneambient.ro\/es\/wp-json\/wp\/v2\/pages"}],"about":[{"href":"https:\/\/www.pensiuneambient.ro\/es\/wp-json\/wp\/v2\/types\/page"}],"author":[{"embeddable":true,"href":"https:\/\/www.pensiuneambient.ro\/es\/wp-json\/wp\/v2\/users\/1"}],"replies":[{"embeddable":true,"href":"https:\/\/www.pensiuneambient.ro\/es\/wp-json\/wp\/v2\/comments?post=11"}],"version-history":[{"count":41,"href":"https:\/\/www.pensiuneambient.ro\/es\/wp-json\/wp\/v2\/pages\/11\/revisions"}],"predecessor-version":[{"id":8377,"href":"https:\/\/www.pensiuneambient.ro\/es\/wp-json\/wp\/v2\/pages\/11\/revisions\/8377"}],"wp:attachment":[{"href":"https:\/\/www.pensiuneambient.ro\/es\/wp-json\/wp\/v2\/media?parent=11"}],"wp:term":[{"taxonomy":"yst_prominent_words","embeddable":true,"href":"https:\/\/www.pensiuneambient.ro\/es\/wp-json\/wp\/v2\/yst_prominent_words?post=11"}],"curies":[{"name":"wp","href":"https:\/\/api.w.org\/{rel}","templated":true}]}}