{"id":21,"date":"2014-09-14T09:20:42","date_gmt":"2014-09-14T09:20:42","guid":{"rendered":"http:\/\/localhost\/final-leisure\/?page_id=21"},"modified":"2021-07-14T12:46:16","modified_gmt":"2021-07-14T09:46:16","slug":"rooms-new","status":"publish","type":"page","link":"https:\/\/www.pensiuneambient.ro\/en\/rooms-new\/","title":{"rendered":"Rooms"},"content":{"rendered":"<p>[vc_row][vc_column width=&#8221;1\/2&#8243;][vc_column_text]<\/p>\n<p class=\"lead\">We invite you to discover a special place where you can be pampered by comfort and privacy and enjoy a luxury attention offered with love and passion for details.<\/p>\n<h3><span style=\"color: #7c0021;\">Ambient Guest House represents style, refinement and elegance for any season.<\/span><\/h3>\n<p class=\"lead\">Experience one of the bright and spacious 23 rooms will make you reach the highest level of welfare.<\/p>\n<p class=\"lead\">Located in the heart of Bra\u015fov, a spectacular city, famous for its beauty, history and great people, Ambient Guest House will fascinate you with its originality and classic design that blends with the modern environment.<\/p>\n<p class=\"lead\">To complete your experience, we have carefully selected the most charismatic, hospitable and professional people in the city, which will make your stay unforgettable and take care of you with the known affection and warmth with which Ambient family cares of its guests.<\/p>\n<p>[\/vc_column_text][\/vc_column][vc_column width=&#8221;1\/2&#8243;][vc_single_image image=&#8221;6936&#8243; img_size=&#8221;large&#8221;][\/vc_column][\/vc_row][vc_row full_width=&#8221;stretch_row&#8221; parallax=&#8221;content-moving&#8221; css=&#8221;.vc_custom_1471884243049{margin-top: 0px !important;margin-bottom: 30px !important;background-image: url(https:\/\/www.pensiuneambient.ro\/wp-content\/uploads\/2014\/09\/amanecerpensiuneambient.jpg?id=5469) !important;background-position: center;background-repeat: no-repeat !important;background-size: cover !important;}&#8221;][vc_column width=&#8221;1\/2&#8243;][vc_column_text el_class=&#8221;white-box content-padding&#8221;]<\/p>\n<h2 id=\"cove\" class=\"text-uppercase\"><small>FROM 79\u00a0\u20ac \/ NIGHT<\/small>DELUXE APARTMENT<small><\/small><\/h2>\n<p>A magnificent 45m2 space where luxury and light live in harmony.<\/p>\n<ul class=\"list-pointer\">\n<li>King Size Bed and two individual beds (capacity for 4 people)<\/li>\n<li>Bathroom with shower<\/li>\n<li>Minibar, Free WiFi, Laundry service, Free parking electronically monitored<\/li>\n<li>Buffet breakfast included in the price<\/li>\n<li>Telephone for national and international calls<\/li>\n<\/ul>\n<p>&nbsp;<\/p>\n<p>[vc_btn title=&#8221;Book at the best price&#8221; style=&#8221;custom&#8221; custom_background=&#8221;#7c0021&#8243; custom_text=&#8221;#ffffff&#8221; shape=&#8221;square&#8221; align=&#8221;left&#8221; i_icon_fontawesome=&#8221;fa fa-calendar&#8221; add_icon=&#8221;true&#8221; link=&#8221;url:https%3A%2F%2Fv6.upperbooking.com%2Fen%2Fbooking%2Fcity%2Fwrap%2Fambientpensiune%3Flocale%3Den|||&#8221; custom_onclick=&#8221;true&#8221; custom_onclick_code=&#8221;Booking.Open({RoomID:24039}); return false;&#8221;][vc_btn title=&#8221;View room details&#8221; style=&#8221;flat&#8221; shape=&#8221;square&#8221; color=&#8221;black&#8221; align=&#8221;left&#8221; link=&#8221;url:%2Frooms%2Fsuite%2F|||&#8221;][\/vc_column_text][\/vc_column][vc_column width=&#8221;1\/2&#8243; css=&#8221;.vc_custom_1467673281560{padding-right: -15px !important;padding-bottom: -15px !important;padding-left: -15px !important;}&#8221;][vc_images_carousel images=&#8221;6935&#8243; onclick=&#8221;custom_link&#8221; hide_pagination_control=&#8221;yes&#8221; hide_prev_next_buttons=&#8221;yes&#8221; custom_links=&#8221;\/en\/rooms\/suite\/&#8221; css=&#8221;.vc_custom_1474564554467{background-image: url(https:\/\/www.pensiuneambient.ro\/wp-content\/uploads\/2014\/09\/camerapensiuneambient.jpg?id=5404) !important;}&#8221;][\/vc_column][\/vc_row][vc_row full_width=&#8221;stretch_row&#8221; gap=&#8221;5&#8243; parallax=&#8221;content-moving&#8221; css=&#8221;.vc_custom_1471200873765{margin-bottom: 30px !important;background-image: url(https:\/\/www.pensiuneambient.ro\/wp-content\/uploads\/2014\/09\/pensiuneambientfamilie.jpg?id=5463) !important;background-position: center;background-repeat: no-repeat !important;background-size: cover !important;}&#8221;][vc_column width=&#8221;1\/2&#8243;][vc_images_carousel images=&#8221;7330&#8243; onclick=&#8221;custom_link&#8221; hide_pagination_control=&#8221;yes&#8221; hide_prev_next_buttons=&#8221;yes&#8221; custom_links=&#8221;\/en\/rooms\/junior-suite\/&#8221;][\/vc_column][vc_column width=&#8221;1\/2&#8243;][vc_column_text el_class=&#8221;white-box content-padding&#8221;]<\/p>\n<h2 id=\"cove\" class=\"text-uppercase\"><small>FROM 59\u00a0\u20ac \/ NIGHT<\/small>APARTMENT<br \/>\n<small><\/small><\/h2>\n<p>A cozy space of 30m2 to enjoy with friends or family<\/p>\n<ul class=\"list-pointer\">\n<li>King Size Bed and Sofa Bed (capacity for 3 people)<\/li>\n<li>Bathroom with shower<\/li>\n<li>Minibar, Free WiFi, Laundry service, Free parking electronically monitored<\/li>\n<li>Buffet breakfast included in the price<\/li>\n<li>Telephone for national and international calls<\/li>\n<\/ul>\n<p>&nbsp;<\/p>\n<p>[vc_btn title=&#8221;Book at best price&#8221; style=&#8221;custom&#8221; custom_background=&#8221;#7c0021&#8243; custom_text=&#8221;#ffffff&#8221; shape=&#8221;square&#8221; align=&#8221;left&#8221; i_icon_fontawesome=&#8221;fa fa-calendar&#8221; add_icon=&#8221;true&#8221; link=&#8221;url:https%3A%2F%2Fv6.upperbooking.com%2Fen%2Fbooking%2Fcity%2Fwrap%2Fambientpensiune%3Flocale%3Den|||&#8221; custom_onclick=&#8221;true&#8221; custom_onclick_code=&#8221;Booking.Open({RoomID:24038}); return false;&#8221;][vc_btn title=&#8221;View room details&#8221; style=&#8221;flat&#8221; shape=&#8221;square&#8221; color=&#8221;black&#8221; align=&#8221;left&#8221; link=&#8221;url:%2Frooms%2Fjunior-suite%2F|||&#8221;][\/vc_column_text][\/vc_column][\/vc_row][vc_row full_width=&#8221;stretch_row&#8221; parallax=&#8221;content-moving&#8221; css=&#8221;.vc_custom_1471215927658{margin-bottom: 30px !important;background-image: url(https:\/\/www.pensiuneambient.ro\/wp-content\/uploads\/2014\/09\/cuplupensiuneambient.jpg?id=5483) !important;background-position: 0 0;background-repeat: no-repeat !important;}&#8221;][vc_column width=&#8221;1\/2&#8243;][vc_column_text el_class=&#8221;white-box content-padding&#8221;]<\/p>\n<h2 id=\"cove\" class=\"text-uppercase\"><small>FROM 39\u00a0\u20ac \/ NIGHT<\/small>DOUBLE\/TWIN\u00a0<small><\/small><\/h2>\n<p>Exclusive Comfort in 20m2 bearing the unmistakable mark of elegance<\/p>\n<ul class=\"list-pointer\">\n<li>King Size Bed or two individual beds<\/li>\n<li>Bathroom with shower<\/li>\n<li>Minibar, Free WiFi, Laundry service, Free parking electronically monitored<\/li>\n<li>Buffet breakfast included in the price<\/li>\n<li>Telephone for national and international calls<\/li>\n<\/ul>\n<p>&nbsp;<\/p>\n<p>[vc_btn title=&#8221;Book at best price&#8221; style=&#8221;custom&#8221; custom_background=&#8221;#7c0021&#8243; custom_text=&#8221;#ffffff&#8221; shape=&#8221;square&#8221; align=&#8221;left&#8221; i_icon_fontawesome=&#8221;fa fa-calendar&#8221; add_icon=&#8221;true&#8221; link=&#8221;url:https%3A%2F%2Fv6.upperbooking.com%2Fen%2Fbooking%2Fcity%2Fwrap%2Fambientpensiune%3Flocale%3Den|||&#8221; custom_onclick=&#8221;true&#8221; custom_onclick_code=&#8221;Booking.Open({RoomID:24037}); return false;&#8221;][vc_btn title=&#8221;View room details&#8221; style=&#8221;flat&#8221; shape=&#8221;square&#8221; color=&#8221;black&#8221; align=&#8221;left&#8221; link=&#8221;url:%2Frooms%2Fdouble%2F|||&#8221;][\/vc_column_text][\/vc_column][vc_column width=&#8221;1\/2&#8243;][vc_images_carousel images=&#8221;6937&#8243; onclick=&#8221;custom_link&#8221; hide_pagination_control=&#8221;yes&#8221; hide_prev_next_buttons=&#8221;yes&#8221; custom_links=&#8221;\/en\/rooms\/double\/&#8221;][\/vc_column][\/vc_row][vc_row full_width=&#8221;stretch_row&#8221; parallax=&#8221;content-moving&#8221; css=&#8221;.vc_custom_1471201546649{margin-bottom: 30px !important;background-image: url(https:\/\/www.pensiuneambient.ro\/wp-content\/uploads\/2014\/09\/dimineatapensiuneambient.jpg?id=5471) !important;background-position: 0 0;background-repeat: no-repeat !important;}&#8221;][vc_column width=&#8221;1\/2&#8243;][vc_images_carousel images=&#8221;7175&#8243; onclick=&#8221;custom_link&#8221; hide_pagination_control=&#8221;yes&#8221; hide_prev_next_buttons=&#8221;yes&#8221; custom_links=&#8221;\/en\/rooms\/single\/&#8221;][\/vc_column][vc_column width=&#8221;1\/2&#8243;][vc_column_text el_class=&#8221;white-box content-padding&#8221;]<\/p>\n<h2 id=\"cove\" class=\"text-uppercase\"><small>FROM 35\u00a0\u20ac \/ NIGHT<\/small>SINGLE<small><\/small><\/h2>\n<p>Privacy and peace in a warm atmosphere<\/p>\n<ul class=\"list-pointer\">\n<li>Individual Bed and 14m2 of tranquility<\/li>\n<li>Bathroom with shower<\/li>\n<li>Minibar, Free WiFi, Laundry service, Free parking electronically monitored<\/li>\n<li>Buffet breakfast included in the price<\/li>\n<li>Telephone for national and international calls<\/li>\n<\/ul>\n<p>&nbsp;<\/p>\n<p>[vc_btn title=&#8221;Book at best price&#8221; style=&#8221;custom&#8221; custom_background=&#8221;#7c0021&#8243; custom_text=&#8221;#ffffff&#8221; shape=&#8221;square&#8221; align=&#8221;left&#8221; i_icon_fontawesome=&#8221;fa fa-calendar&#8221; add_icon=&#8221;true&#8221; link=&#8221;url:https%3A%2F%2Fv6.upperbooking.com%2Fen%2Fbooking%2Fcity%2Fwrap%2Fambientpensiune%3Flocale%3Den|||&#8221; custom_onclick=&#8221;true&#8221; custom_onclick_code=&#8221;Booking.Open({RoomID:24036}); return false;&#8221;][vc_btn title=&#8221;View room details&#8221; style=&#8221;flat&#8221; shape=&#8221;square&#8221; color=&#8221;black&#8221; align=&#8221;left&#8221; link=&#8221;url:%2Frooms%2Fsingle%2F|||&#8221;][\/vc_column_text][\/vc_column][\/vc_row][vc_row full_width=&#8221;stretch_row&#8221; css=&#8221;.vc_custom_1469096018841{margin-bottom: -20px !important;padding-top: 2.8rem !important;padding-bottom: 2.8rem !important;background-color: #f0f1f2 !important;}&#8221;][vc_column][vc_raw_html]JTNDZGl2JTIwY2xhc3MlM0QlMjJ3cGJfd3JhcHBlciUyMGJvb2tpbmclMjIlM0UlM0MlMkZkaXYlM0UlM0NzY3JpcHQlMjBzcmMlM0QlMjJodHRwcyUzQSUyRiUyRndpcy51cHBlcmJvb2tpbmcuY29tJTJGYW1iaWVudHBlbnNpdW5lJTJGYm9va2luZ2hvbWUlM0Zsb2NhbGUlM0RlbiUyMiUyMGFzeW5jJTNFJTNDJTJGc2NyaXB0JTNF[\/vc_raw_html][\/vc_column][\/vc_row][vc_row][vc_column]<ul class=\"list-inline isotope-filter clearfix\" id=\"isotope-filter-2\"><li><strong>Rooms<\/strong><\/li><li><a href=\"#\" data-filter=\".all\">All<\/a><\/li><li><a href=\"#\" data-filter=\".king-size-bed\"> King Size Bed<\/a><\/li><li><a href=\"#\" data-filter=\".up-to-4-people\"> Up To 4 People<\/a><\/li><li><a href=\"#\" data-filter=\".up-to-3-people\"> Up To 3 People<\/a><\/li><li><a href=\"#\" data-filter=\".up-to-2-people\"> Up To 2 People<\/a><\/li><li><a href=\"#\" data-filter=\".\"><\/a><\/li><\/ul><br><div id=\"isotope-2\" class=\"isotope\" data-isotope-options=\"{ \"layoutMode\": \"horizontal\", \"itemSelector\": \".item\" }\"><div class=\"item all king-size-bed up-to-4-people up-to-3-people up-to-2-people \"><a href=\"\/rooms\/suite\/\" class=\"link-image\" ><img loading=\"lazy\" decoding=\"async\" width=\"300\" height=\"200\" src=\"https:\/\/www.pensiuneambient.ro\/wp-content\/uploads\/2014\/09\/camera2ambient-2-300x200-300x200.jpg\" class=\"attachment-medium size-medium\" alt=\"\" \/><\/a><div class=\"item-content\"><h4><a href='\/rooms\/suite\/' >Deluxe Apartment<\/a><\/h4>Passion for a luxury space<\/div><\/div><div class=\"item all king-size-bed up-to-4-people up-to-3-people up-to-2-people \"><a href=\"\/rooms\/junior-suite\/\" class=\"link-image\" ><img loading=\"lazy\" decoding=\"async\" width=\"300\" height=\"200\" src=\"https:\/\/www.pensiuneambient.ro\/wp-content\/uploads\/2014\/09\/pequeapt-300x200.jpg\" class=\"attachment-medium size-medium\" alt=\"\" srcset=\"https:\/\/www.pensiuneambient.ro\/wp-content\/uploads\/2014\/09\/pequeapt-300x200.jpg 300w, https:\/\/www.pensiuneambient.ro\/wp-content\/uploads\/2014\/09\/pequeapt-768x512.jpg 768w, https:\/\/www.pensiuneambient.ro\/wp-content\/uploads\/2014\/09\/pequeapt.jpg 800w\" sizes=\"auto, (max-width: 300px) 100vw, 300px\" \/><\/a><div class=\"item-content\"><h4><a href='\/rooms\/junior-suite\/' >Apartment<\/a><\/h4>Happy friends and families<\/div><\/div><div class=\"item all king-size-bed up-to-2-people \"><a href=\"\/rooms\/double\/\" class=\"link-image\" ><img loading=\"lazy\" decoding=\"async\" width=\"300\" height=\"200\" src=\"https:\/\/www.pensiuneambient.ro\/wp-content\/uploads\/2014\/09\/doubpeqhome-300x200.jpg\" class=\"attachment-medium size-medium\" alt=\"\" srcset=\"https:\/\/www.pensiuneambient.ro\/wp-content\/uploads\/2014\/09\/doubpeqhome-300x200.jpg 300w, https:\/\/www.pensiuneambient.ro\/wp-content\/uploads\/2014\/09\/doubpeqhome-768x512.jpg 768w, https:\/\/www.pensiuneambient.ro\/wp-content\/uploads\/2014\/09\/doubpeqhome.jpg 800w\" sizes=\"auto, (max-width: 300px) 100vw, 300px\" \/><\/a><div class=\"item-content\"><h4><a href='\/rooms\/double\/' >Double<\/a><\/h4>Comfort and warmth<\/div><\/div><div class=\"item all \"><a href=\"\/rooms\/single\/\" class=\"link-image\" ><img loading=\"lazy\" decoding=\"async\" width=\"300\" height=\"200\" src=\"https:\/\/www.pensiuneambient.ro\/wp-content\/uploads\/2014\/09\/singlehome-300x200.jpg\" class=\"attachment-medium size-medium\" alt=\"\" srcset=\"https:\/\/www.pensiuneambient.ro\/wp-content\/uploads\/2014\/09\/singlehome-300x200.jpg 300w, https:\/\/www.pensiuneambient.ro\/wp-content\/uploads\/2014\/09\/singlehome-768x512.jpg 768w, https:\/\/www.pensiuneambient.ro\/wp-content\/uploads\/2014\/09\/singlehome.jpg 800w\" sizes=\"auto, (max-width: 300px) 100vw, 300px\" \/><\/a><div class=\"item-content\"><h4><a href='\/rooms\/single\/' >Single<\/a><\/h4>Peace and privacy<\/div><\/div><\/div><script type='text\/javascript'>( function( $ ) { $( document ).ready(function() {\n\t\t\t\tvar container = $('#isotope-2')\n\t\t\t\tcontainer.imagesLoaded(function(){\n\t\t\t\t\tcontainer.isotope();\n\t\t\t\t\t$('#isotope-filter-2 a').on('click', function (e) {\n\t\t\t\t\t\te.preventDefault();\n\t\t\t\t\t\tvar filterValue = $(this).attr('data-filter');\n\t\t\t\t\t\t$('#isotope-2').isotope({ layoutMode: 'fitRows', filter: filterValue });\n\t\t\t\t\t\t$(this).parent().siblings().removeClass('selected');\n\t\t\t\t\t\t$(this).parent().addClass('selected');\n\t\t\t\t\t});\n\t\t\t\t});\n\t\t\t}); } )( jQuery );<\/script>[\/vc_column][\/vc_row]<\/p>","protected":false},"excerpt":{"rendered":"<p>[vc_row][vc_column width=&#8221;1\/2&#8243;][vc_column_text] We invite you to discover a special place where you can be pampered by comfort and privacy and [&hellip;]<\/p>\n","protected":false},"author":1,"featured_media":0,"parent":0,"menu_order":3,"comment_status":"closed","ping_status":"closed","template":"","meta":{"footnotes":""},"yst_prominent_words":[],"class_list":["post-21","page","type-page","status-publish","hentry"],"yoast_head":"<!-- This site is optimized with the Yoast SEO Premium plugin v14.0.2 - https:\/\/yoast.com\/wordpress\/plugins\/seo\/ -->\n<title>Rooms - Ambient Pension - Brasov - Book at the best Price for Ambient properties<\/title>\n<meta name=\"description\" content=\"{:ro}Fiecare camer\u0103 v\u0103 va dezv\u0103lui o nou\u0103 lume ... o lume de culori, c\u0103ldura si intimitate, \u00a1o lume care v\u0103 ofer\u0103 experien\u021ba celui mai exclusive confort!{:}\" \/>\n<meta name=\"robots\" content=\"index, follow\" \/>\n<meta name=\"googlebot\" content=\"index, follow, max-snippet:-1, max-image-preview:large, max-video-preview:-1\" \/>\n<meta name=\"bingbot\" content=\"index, follow, max-snippet:-1, max-image-preview:large, max-video-preview:-1\" \/>\n<link rel=\"canonical\" href=\"https:\/\/www.pensiuneambient.ro\/rooms-new\/\" \/>\n<meta property=\"og:locale\" content=\"en_US\" \/>\n<meta property=\"og:type\" content=\"article\" \/>\n<meta property=\"og:title\" content=\"[:ro]Camere[:en]Rooms[:es]Habitaciones[:de]Zimmer[:] - Ambient Pension - Brasov - Book at the best Price for Ambient properties\" \/>\n<meta property=\"og:description\" content=\"{:ro}Fiecare camer\u0103 v\u0103 va dezv\u0103lui o nou\u0103 lume ... o lume de culori, c\u0103ldura si intimitate, \u00a1o lume care v\u0103 ofer\u0103 experien\u021ba celui mai exclusive confort!{:}\" \/>\n<meta property=\"og:url\" content=\"https:\/\/www.pensiuneambient.ro\/rooms-new\/\" \/>\n<meta property=\"og:site_name\" content=\"Ambient Pension - Brasov - Book at the best Price for Ambient properties\" \/>\n<meta property=\"article:modified_time\" content=\"2021-07-14T09:46:16+00:00\" \/>\n<meta name=\"twitter:card\" content=\"summary_large_image\" \/>\n<script type=\"application\/ld+json\" class=\"yoast-schema-graph\">{\"@context\":\"https:\/\/schema.org\",\"@graph\":[{\"@type\":\"WebSite\",\"@id\":\"https:\/\/www.pensiuneambient.ro\/en\/#website\",\"url\":\"https:\/\/www.pensiuneambient.ro\/en\/\",\"name\":\"Ambient Pension - Brasov - Book at the best Price for Ambient properties\",\"description\":\"Official Site\",\"potentialAction\":[{\"@type\":\"SearchAction\",\"target\":\"https:\/\/www.pensiuneambient.ro\/en\/?s={search_term_string}\",\"query-input\":\"required name=search_term_string\"}],\"inLanguage\":\"en-US\"},{\"@type\":\"WebPage\",\"@id\":\"https:\/\/www.pensiuneambient.ro\/rooms-new\/#webpage\",\"url\":\"https:\/\/www.pensiuneambient.ro\/rooms-new\/\",\"name\":\"[:ro]Camere[:en]Rooms[:es]Habitaciones[:de]Zimmer[:] - Ambient Pension - Brasov - Book at the best Price for Ambient properties\",\"isPartOf\":{\"@id\":\"https:\/\/www.pensiuneambient.ro\/en\/#website\"},\"datePublished\":\"2014-09-14T09:20:42+00:00\",\"dateModified\":\"2021-07-14T09:46:16+00:00\",\"description\":\"{:ro}Fiecare camer\\u0103 v\\u0103 va dezv\\u0103lui o nou\\u0103 lume ... o lume de culori, c\\u0103ldura si intimitate, \\u00a1o lume care v\\u0103 ofer\\u0103 experien\\u021ba celui mai exclusive confort!{:}\",\"inLanguage\":\"en-US\",\"potentialAction\":[{\"@type\":\"ReadAction\",\"target\":[\"https:\/\/www.pensiuneambient.ro\/rooms-new\/\"]}]}]}<\/script>\n<!-- \/ Yoast SEO Premium plugin. -->","_links":{"self":[{"href":"https:\/\/www.pensiuneambient.ro\/en\/wp-json\/wp\/v2\/pages\/21","targetHints":{"allow":["GET"]}}],"collection":[{"href":"https:\/\/www.pensiuneambient.ro\/en\/wp-json\/wp\/v2\/pages"}],"about":[{"href":"https:\/\/www.pensiuneambient.ro\/en\/wp-json\/wp\/v2\/types\/page"}],"author":[{"embeddable":true,"href":"https:\/\/www.pensiuneambient.ro\/en\/wp-json\/wp\/v2\/users\/1"}],"replies":[{"embeddable":true,"href":"https:\/\/www.pensiuneambient.ro\/en\/wp-json\/wp\/v2\/comments?post=21"}],"version-history":[{"count":64,"href":"https:\/\/www.pensiuneambient.ro\/en\/wp-json\/wp\/v2\/pages\/21\/revisions"}],"predecessor-version":[{"id":8225,"href":"https:\/\/www.pensiuneambient.ro\/en\/wp-json\/wp\/v2\/pages\/21\/revisions\/8225"}],"wp:attachment":[{"href":"https:\/\/www.pensiuneambient.ro\/en\/wp-json\/wp\/v2\/media?parent=21"}],"wp:term":[{"taxonomy":"yst_prominent_words","embeddable":true,"href":"https:\/\/www.pensiuneambient.ro\/en\/wp-json\/wp\/v2\/yst_prominent_words?post=21"}],"curies":[{"name":"wp","href":"https:\/\/api.w.org\/{rel}","templated":true}]}}