{"id":20,"date":"2014-09-14T09:20:26","date_gmt":"2014-09-14T09:20:26","guid":{"rendered":"http:\/\/localhost\/final-leisure\/?page_id=19"},"modified":"2025-04-03T23:43:51","modified_gmt":"2025-04-03T20:43:51","slug":"contact","status":"publish","type":"page","link":"https:\/\/www.pensiuneambient.ro\/en\/contact\/","title":{"rendered":"Contact"},"content":{"rendered":"<p>[vc_row][vc_column width=&#8221;7\/12&#8243;][vc_column_text]<strong>If you want to make a booking, do it directly on our website and you will get the best price and conditions<\/strong>[\/vc_column_text]\t<div id=\"ninja_forms_form_1_cont\" class=\"ninja-forms-cont\">\n\t\t<div id=\"ninja_forms_form_1_wrap\" class=\"ninja-forms-form-wrap\">\n\t<div id=\"ninja_forms_form_1_response_msg\" style=\"\" class=\"ninja-forms-response-msg \"><\/div>\t<form id=\"ninja_forms_form_1\" enctype=\"multipart\/form-data\" method=\"post\" name=\"\" action=\"\" class=\"ninja-forms-form\">\n\n\t<input type=\"hidden\" id=\"_wpnonce\" name=\"_wpnonce\" value=\"34f8e4807f\" \/><input type=\"hidden\" name=\"_wp_http_referer\" value=\"\/en\/wp-json\/wp\/v2\/pages\/20\" \/>\t<input type=\"hidden\" name=\"_ninja_forms_display_submit\" value=\"1\">\n\t<input type=\"hidden\" name=\"_form_id\"  id=\"_form_id\" value=\"1\">\n\t\t<div class=\"hp-wrap\">\n\t\t<label>If you are a human and are seeing this field, please leave it blank.\t\t\t<input type=\"text\" value=\"\" name=\"_glx7l\">\n\t\t\t<input type=\"hidden\" value=\"_glx7l\" name=\"_hp_name\">\n\t\t<\/label>\n\t<\/div>\n\t\t<div id=\"ninja_forms_form_1_all_fields_wrap\" class=\"ninja-forms-all-fields-wrap\">\n\t\t\t<div class=\"ninja-forms-required-items\">Fields marked with an <span class=\"ninja-forms-req-symbol\">*<\/span> are required<\/div>\n\t\t\t\t\t\t\t\t<div class=\"field-wrap text-wrap label-above\"  id=\"ninja_forms_field_1_div_wrap\" data-visible=\"1\">\n\t\t\t\t\t\t\t<input type=\"hidden\" id=\"ninja_forms_field_1_type\" value=\"text\">\n\t\t<label for=\"ninja_forms_field_1\" id=\"ninja_forms_field_1_label\" class=\"\">Name <span class='ninja-forms-req-symbol'><strong>*<\/strong><\/span>\t\t\t\t<\/label>\n\t\t\t<input id=\"ninja_forms_field_1\" data-mask=\"\" data-input-limit=\"\" data-input-limit-type=\"char\" data-input-limit-msg=\"\" name=\"ninja_forms_field_1\" type=\"text\" placeholder=\"\" class=\"ninja-forms-field  ninja-forms-req \" value=\"\" rel=\"1\"   \/>\n\t\t<div id=\"ninja_forms_field_1_error\" style=\"display:none;\" class=\"ninja-forms-field-error\">\n\t\t<\/div>\n\t\t\t\t\t\t\t<\/div>\n\t\t\t\t\t\t\t\t\t\t\t\t<div class=\"field-wrap text-wrap label-above\"  id=\"ninja_forms_field_2_div_wrap\" data-visible=\"1\">\n\t\t\t\t\t\t\t<input type=\"hidden\" id=\"ninja_forms_field_2_type\" value=\"text\">\n\t\t<label for=\"ninja_forms_field_2\" id=\"ninja_forms_field_2_label\" class=\"\">Email <span class='ninja-forms-req-symbol'><strong>*<\/strong><\/span>\t\t\t\t<\/label>\n\t\t\t<input id=\"ninja_forms_field_2\" data-mask=\"\" data-input-limit=\"\" data-input-limit-type=\"char\" data-input-limit-msg=\"\" name=\"ninja_forms_field_2\" type=\"text\" placeholder=\"\" class=\"ninja-forms-field  ninja-forms-req email \" value=\"\" rel=\"2\"   \/>\n\t\t<div id=\"ninja_forms_field_2_error\" style=\"display:none;\" class=\"ninja-forms-field-error\">\n\t\t<\/div>\n\t\t\t\t\t\t\t<\/div>\n\t\t\t\t\t\t\t\t\t\t\t\t<div class=\"field-wrap text-wrap label-above\"  id=\"ninja_forms_field_19_div_wrap\" data-visible=\"1\">\n\t\t\t\t\t\t\t<input type=\"hidden\" id=\"ninja_forms_field_19_type\" value=\"text\">\n\t\t<label for=\"ninja_forms_field_19\" id=\"ninja_forms_field_19_label\" class=\"\">Phone \t\t\t\t<\/label>\n\t\t\t<input id=\"ninja_forms_field_19\" data-mask=\"\" data-input-limit=\"\" data-input-limit-type=\"char\" data-input-limit-msg=\"\" name=\"ninja_forms_field_19\" type=\"text\" placeholder=\"\" class=\"ninja-forms-field  \" value=\"\" rel=\"19\"   \/>\n\t\t<div id=\"ninja_forms_field_19_error\" style=\"display:none;\" class=\"ninja-forms-field-error\">\n\t\t<\/div>\n\t\t\t\t\t\t\t<\/div>\n\t\t\t\t\t\t\t\t\t\t\t\t<div class=\"field-wrap textarea-wrap label-above\"  id=\"ninja_forms_field_3_div_wrap\" data-visible=\"1\">\n\t\t\t\t\t\t\t<input type=\"hidden\" id=\"ninja_forms_field_3_type\" value=\"textarea\">\n\t\t<label for=\"ninja_forms_field_3\" id=\"ninja_forms_field_3_label\" class=\"\">Message <span class='ninja-forms-req-symbol'><strong>*<\/strong><\/span>\t\t\t\t<\/label>\n\t\t\t\t<textarea name=\"ninja_forms_field_3\" id=\"ninja_forms_field_3\" class=\"ninja-forms-field  ninja-forms-req\" rel=\"3\" data-input-limit=\"\" data-input-limit-type=\"char\" data-input-limit-msg=\"\"><\/textarea>\n\t\t\t<div id=\"ninja_forms_field_3_error\" style=\"display:none;\" class=\"ninja-forms-field-error\">\n\t\t<\/div>\n\t\t\t\t\t\t\t<\/div>\n\t\t\t\t\t\t\t\t\t\t\t\t<div class=\"field-wrap g_recaptcha-wrap label-above\"  id=\"ninja_forms_field_22_div_wrap\" data-visible=\"1\">\n\t\t\t\t\t\t\t<input type=\"hidden\" id=\"ninja_forms_field_22_type\" value=\"g_recaptcha\">\n\t\t<label for=\"ninja_forms_field_22\" id=\"ninja_forms_field_22_label\" class=\"\"> <span class='ninja-forms-req-symbol'><strong>*<\/strong><\/span>\t\t\t\t<\/label>\n\t\t\n\t<input id=\"ninja_forms_field_22\" name=\"ninja_forms_field_22\" type=\"hidden\" class=\"\" value=\"\" rel=\"22\" \/>\n\t\t<div class=\"g-recaptcha\" data-callback=\"recaptcha_set_value_1579112665\" data-sitekey=\"6Lc9WAoUAAAAAFJClyl3P3nJXyYmb2adN5i1MF74\"><\/div>\n            <script type=\"text\/javascript\" src=\"https:\/\/www.google.com\/recaptcha\/api.js?hl=en\">\n            <\/script>\n            <script type=\"text\/javascript\">\n            function recaptcha_set_value_1579112665(inpval){\n            \tjQuery(\"#ninja_forms_field_22\").val(inpval)\n\n            }\n            <\/script>\n\n\t\t\t<div id=\"ninja_forms_field_22_error\" style=\"display:none;\" class=\"ninja-forms-field-error\">\n\t\t<\/div>\n\t\t\t\t\t\t\t<\/div>\n\t\t\t\t\t\t\t\t\t\t\t\t<div class=\"field-wrap checkbox-wrap label-right\"  id=\"ninja_forms_field_34_div_wrap\" data-visible=\"1\">\n\t\t\t\t\t\t\t<input type=\"hidden\" id=\"ninja_forms_field_34_type\" value=\"checkbox\">\n<input id=\"\" name=\"ninja_forms_field_34\" type=\"hidden\" value=\"unchecked\" \/><input id=\"ninja_forms_field_34\" name=\"ninja_forms_field_34\" type=\"checkbox\" class=\"ninja-forms-field  ninja-forms-req\" value=\"checked\"  rel=\"34\"\/>\t\t<label for=\"ninja_forms_field_34\" id=\"ninja_forms_field_34_label\" class=\"\">I have read and accept the <a href=\"\/en\/contact\/terms\/\">privacy policy<\/a> <span class='ninja-forms-req-symbol'><strong>*<\/strong><\/span>\t\t\t\t<\/label>\n\t\t\t<div id=\"ninja_forms_field_34_error\" style=\"display:none;\" class=\"ninja-forms-field-error\">\n\t\t<\/div>\n\t\t\t\t\t\t\t<\/div>\n\t\t\t\t\t\t\t\t\t\t\t\t<div class=\"field-wrap checkbox-wrap label-right\"  id=\"ninja_forms_field_35_div_wrap\" data-visible=\"1\">\n\t\t\t\t\t\t\t<input type=\"hidden\" id=\"ninja_forms_field_35_type\" value=\"checkbox\">\n<input id=\"\" name=\"ninja_forms_field_35\" type=\"hidden\" value=\"unchecked\" \/><input id=\"ninja_forms_field_35\" name=\"ninja_forms_field_35\" type=\"checkbox\" class=\"ninja-forms-field \" value=\"checked\"  rel=\"35\"\/>\t\t<label for=\"ninja_forms_field_35\" id=\"ninja_forms_field_35_label\" class=\"\">I authorize the sending of informative electronic communications related to activities, products or services by email or any other equivalent electronic media \t\t\t\t<\/label>\n\t\t\t<div id=\"ninja_forms_field_35_error\" style=\"display:none;\" class=\"ninja-forms-field-error\">\n\t\t<\/div>\n\t\t\t\t\t\t\t<\/div>\n\t\t\t\t\t\t\t\t\t\t\t\t<div class=\"field-wrap submit-wrap label-above\"  id=\"ninja_forms_field_4_div_wrap\" data-visible=\"1\">\n\t\t\t\t\t\t\t<input type=\"hidden\" id=\"ninja_forms_field_4_type\" value=\"submit\">\n\t<div id=\"nf_submit_1\">\n\t\t<input type=\"submit\" name=\"_ninja_forms_field_4\" class=\"ninja-forms-field \" id=\"ninja_forms_field_4\" value=\"Send\" rel=\"4\" >\n\t<\/div>\n\t<div id=\"nf_processing_1\" style=\"display:none;\">\n\t\t<input type=\"submit\" name=\"_ninja_forms_field_4\" class=\"ninja-forms-field \" id=\"ninja_forms_field_4\" value=\"Processing\" rel=\"4\" disabled>\n\t<\/div>\n\t\t<div id=\"ninja_forms_field_4_error\" style=\"display:none;\" class=\"ninja-forms-field-error\">\n\t\t<\/div>\n\t\t\t\t\t\t\t<\/div>\n\t\t\t\t\t\t\t<\/div>\n\t\t<\/form>\n\t\t<\/div>\n\t\t<\/div>\n\t[\/vc_column][vc_column width=&#8221;1\/3&#8243; offset=&#8221;vc_col-sm-offset-1&#8243;][vc_column_text]<\/p>\n<h3>Contact us<\/h3>\n<p>Our team is at your disposal for questions regarding your booking, events, transfers, meeting rooms or any other subject, we will be happy to help.<\/p>\n<h3>Subscribe to our Newsletter<\/h3>\n\t<div id=\"ninja_forms_form_13_cont\" class=\"ninja-forms-cont\">\n\t\t<div id=\"ninja_forms_form_13_wrap\" class=\"ninja-forms-form-wrap\">\n\t<div id=\"ninja_forms_form_13_response_msg\" style=\"\" class=\"ninja-forms-response-msg \"><\/div>\t<form id=\"ninja_forms_form_13\" enctype=\"multipart\/form-data\" method=\"post\" name=\"\" action=\"\" class=\"ninja-forms-form\">\n\n\t<input type=\"hidden\" id=\"_wpnonce\" name=\"_wpnonce\" value=\"9abbde3b8b\" \/><input type=\"hidden\" name=\"_wp_http_referer\" value=\"\/en\/wp-json\/wp\/v2\/pages\/20\" \/>\t<input type=\"hidden\" name=\"_ninja_forms_display_submit\" value=\"1\">\n\t<input type=\"hidden\" name=\"_form_id\"  id=\"_form_id\" value=\"13\">\n\t\t<div class=\"hp-wrap\">\n\t\t<label>If you are a human and are seeing this field, please leave it blank.\t\t\t<input type=\"text\" value=\"\" name=\"_VKlHa\">\n\t\t\t<input type=\"hidden\" value=\"_VKlHa\" name=\"_hp_name\">\n\t\t<\/label>\n\t<\/div>\n\t\t<div id=\"ninja_forms_form_13_all_fields_wrap\" class=\"ninja-forms-all-fields-wrap\">\n\t\t\t<div class=\"ninja-forms-required-items\">Fields marked with an <span class=\"ninja-forms-req-symbol\">*<\/span> are required<\/div>\n\t\t\t\t\t\t\t\t<div class=\"field-wrap text-wrap label-above\"  id=\"ninja_forms_field_13_div_wrap\" data-visible=\"1\">\n\t\t\t\t\t\t\t<input type=\"hidden\" id=\"ninja_forms_field_13_type\" value=\"text\">\n\t\t<label for=\"ninja_forms_field_13\" id=\"ninja_forms_field_13_label\" class=\"\">Email <span class='ninja-forms-req-symbol'><strong>*<\/strong><\/span>\t\t\t\t<\/label>\n\t\t\t<input id=\"ninja_forms_field_13\" data-mask=\"\" data-input-limit=\"\" data-input-limit-type=\"char\" data-input-limit-msg=\"\" name=\"ninja_forms_field_13\" type=\"text\" placeholder=\"\" class=\"ninja-forms-field  ninja-forms-req email \" value=\"\" rel=\"13\"   \/>\n\t\t<div id=\"ninja_forms_field_13_error\" style=\"display:none;\" class=\"ninja-forms-field-error\">\n\t\t<\/div>\n\t\t\t\t\t\t\t<\/div>\n\t\t\t\t\t\t\t\t\t\t\t\t<div class=\"field-wrap checkbox-wrap label-right\"  id=\"ninja_forms_field_42_div_wrap\" data-visible=\"1\">\n\t\t\t\t\t\t\t<input type=\"hidden\" id=\"ninja_forms_field_42_type\" value=\"checkbox\">\n<input id=\"\" name=\"ninja_forms_field_42\" type=\"hidden\" value=\"unchecked\" \/><input id=\"ninja_forms_field_42\" name=\"ninja_forms_field_42\" type=\"checkbox\" class=\"ninja-forms-field  ninja-forms-req\" value=\"checked\"  rel=\"42\"\/>\t\t<label for=\"ninja_forms_field_42\" id=\"ninja_forms_field_42_label\" class=\"\">I have read and accept the <a href=\"\/en\/contact\/terms\/\">privacy policy<\/a> <span class='ninja-forms-req-symbol'><strong>*<\/strong><\/span>\t\t\t\t<\/label>\n\t\t\t<div id=\"ninja_forms_field_42_error\" style=\"display:none;\" class=\"ninja-forms-field-error\">\n\t\t<\/div>\n\t\t\t\t\t\t\t<\/div>\n\t\t\t\t\t\t\t\t\t\t\t\t<div class=\"field-wrap checkbox-wrap label-right\"  id=\"ninja_forms_field_43_div_wrap\" data-visible=\"1\">\n\t\t\t\t\t\t\t<input type=\"hidden\" id=\"ninja_forms_field_43_type\" value=\"checkbox\">\n<input id=\"\" name=\"ninja_forms_field_43\" type=\"hidden\" value=\"unchecked\" \/><input id=\"ninja_forms_field_43\" name=\"ninja_forms_field_43\" type=\"checkbox\" class=\"ninja-forms-field  ninja-forms-req\" value=\"checked\"  rel=\"43\"\/>\t\t<label for=\"ninja_forms_field_43\" id=\"ninja_forms_field_43_label\" class=\"\">I authorize the sending of informative electronic communications related to activities, products or services by email or any other equivalent electronic media <span class='ninja-forms-req-symbol'><strong>*<\/strong><\/span>\t\t\t\t<\/label>\n\t\t\t<div id=\"ninja_forms_field_43_error\" style=\"display:none;\" class=\"ninja-forms-field-error\">\n\t\t<\/div>\n\t\t\t\t\t\t\t<\/div>\n\t\t\t\t\t\t\t\t\t\t\t\t<div class=\"field-wrap g_recaptcha-wrap label-above\"  id=\"ninja_forms_field_50_div_wrap\" data-visible=\"1\">\n\t\t\t\t\t\t\t<input type=\"hidden\" id=\"ninja_forms_field_50_type\" value=\"g_recaptcha\">\n\t\t<label for=\"ninja_forms_field_50\" id=\"ninja_forms_field_50_label\" class=\"\"> <span class='ninja-forms-req-symbol'><strong>*<\/strong><\/span>\t\t\t\t<\/label>\n\t\t\n\t<input id=\"ninja_forms_field_50\" name=\"ninja_forms_field_50\" type=\"hidden\" class=\"\" value=\"\" rel=\"50\" \/>\n\t\t<div class=\"g-recaptcha\" data-callback=\"recaptcha_set_value_1367366859\" data-sitekey=\"6Lc9WAoUAAAAAFJClyl3P3nJXyYmb2adN5i1MF74\"><\/div>\n            <script type=\"text\/javascript\" src=\"https:\/\/www.google.com\/recaptcha\/api.js?hl=en\">\n            <\/script>\n            <script type=\"text\/javascript\">\n            function recaptcha_set_value_1367366859(inpval){\n            \tjQuery(\"#ninja_forms_field_50\").val(inpval)\n\n            }\n            <\/script>\n\n\t\t\t<div id=\"ninja_forms_field_50_error\" style=\"display:none;\" class=\"ninja-forms-field-error\">\n\t\t<\/div>\n\t\t\t\t\t\t\t<\/div>\n\t\t\t\t\t\t\t\t\t\t\t\t<div class=\"field-wrap submit-wrap label-above\"  id=\"ninja_forms_field_14_div_wrap\" data-visible=\"1\">\n\t\t\t\t\t\t\t<input type=\"hidden\" id=\"ninja_forms_field_14_type\" value=\"submit\">\n\t<div id=\"nf_submit_13\">\n\t\t<input type=\"submit\" name=\"_ninja_forms_field_14\" class=\"ninja-forms-field \" id=\"ninja_forms_field_14\" value=\"Send\" rel=\"14\" >\n\t<\/div>\n\t<div id=\"nf_processing_13\" style=\"display:none;\">\n\t\t<input type=\"submit\" name=\"_ninja_forms_field_14\" class=\"ninja-forms-field \" id=\"ninja_forms_field_14\" value=\"Processing\" rel=\"14\" disabled>\n\t<\/div>\n\t\t<div id=\"ninja_forms_field_14_error\" style=\"display:none;\" class=\"ninja-forms-field-error\">\n\t\t<\/div>\n\t\t\t\t\t\t\t<\/div>\n\t\t\t\t\t\t\t<\/div>\n\t\t<\/form>\n\t\t<\/div>\n\t\t<\/div>\n\t\n<h3>or join our team<\/h3>\n<p>We are constantly looking for enthusiastic people with an open view and experience, especially looking for people with studies in the area of tourism.\u00a0<a href=\"https:\/\/www.pensiuneambient.ro\/en\/contact\/trabaja-con-nosotros\/\"><strong>Know more<\/strong><\/a><\/p>\n<p>Fiscal Data:<br \/>\nSC Euro-Tour SRL<br \/>\nCUI \/ VAT : RO11371616<br \/>\nRegistration no. J1999000028080<br \/>\nSt. Aninoasa 5, Brasov, Romania<br \/>\nRON IBAN : RO60BACX0000003009655000<br \/>\nEURO IBAN : RO06BACX0000003009655002<br \/>\nUNICREDIT, BRASOV<br \/>\nSwift: BACXROBU<br \/>\nClassification certificate number: 9353\/5675<\/p>\n<figure id=\"attachment_8460\" aria-describedby=\"caption-attachment-8460\" style=\"width: 150px\" class=\"wp-caption alignnone\"><a href=\"https:\/\/www.pensiuneambient.ro\/contact\/certificat-clasificare-pensiune\/\" rel=\"attachment wp-att-8460\"><img loading=\"lazy\" decoding=\"async\" class=\"wp-image-8460 size-thumbnail\" title=\"Classification certificate\" src=\"https:\/\/www.pensiuneambient.ro\/wp-content\/uploads\/2024\/10\/Certificat-Clasificare-Pensiune-150x150.jpg\" alt=\"Classification certificate\" width=\"150\" height=\"150\" \/><\/a><figcaption id=\"caption-attachment-8460\" class=\"wp-caption-text\">Classification certificate<\/figcaption><\/figure>\n<p>[\/vc_column_text][\/vc_column][\/vc_row]<\/p>","protected":false},"excerpt":{"rendered":"<p>[vc_row][vc_column width=&#8221;7\/12&#8243;][vc_column_text]If you want to make a booking, do it directly on our website and you will get the best [&hellip;]<\/p>\n","protected":false},"author":1,"featured_media":0,"parent":0,"menu_order":8,"comment_status":"open","ping_status":"closed","template":"page-templates\/contact-2.php","meta":{"footnotes":""},"yst_prominent_words":[],"class_list":["post-20","page","type-page","status-publish","hentry"],"yoast_head":"<!-- This site is optimized with the Yoast SEO Premium plugin v14.0.2 - https:\/\/yoast.com\/wordpress\/plugins\/seo\/ -->\n<title>Contact - Ambient Pension - Brasov - Book at the best Price for Ambient properties<\/title>\n<meta name=\"description\" content=\"{:ro}Echipa noastr\u0103 v\u0103 st\u0103 la dispozi\u021bie pentru \u00eentreb\u0103ri cu privire la rezervarea dvs., evenimente, transferuri, s\u0103li de reuniuni sau orice alt subiect. Vom fi incanta\u021bi s\u0103 v\u0103 putem ajuta.{:}\" \/>\n<meta name=\"robots\" content=\"index, follow\" \/>\n<meta name=\"googlebot\" content=\"index, follow, max-snippet:-1, max-image-preview:large, max-video-preview:-1\" \/>\n<meta name=\"bingbot\" content=\"index, follow, max-snippet:-1, max-image-preview:large, max-video-preview:-1\" \/>\n<link rel=\"canonical\" href=\"https:\/\/www.pensiuneambient.ro\/contact\/\" \/>\n<meta property=\"og:locale\" content=\"en_US\" \/>\n<meta property=\"og:type\" content=\"article\" \/>\n<meta property=\"og:title\" content=\"[:ro]Contact[:en]Contact[:es]Contacto[:de]Kontakt[:] - Ambient Pension - Brasov - Book at the best Price for Ambient properties\" \/>\n<meta property=\"og:description\" content=\"{:ro}Echipa noastr\u0103 v\u0103 st\u0103 la dispozi\u021bie pentru \u00eentreb\u0103ri cu privire la rezervarea dvs., evenimente, transferuri, s\u0103li de reuniuni sau orice alt subiect. Vom fi incanta\u021bi s\u0103 v\u0103 putem ajuta.{:}\" \/>\n<meta property=\"og:url\" content=\"https:\/\/www.pensiuneambient.ro\/contact\/\" \/>\n<meta property=\"og:site_name\" content=\"Ambient Pension - Brasov - Book at the best Price for Ambient properties\" \/>\n<meta property=\"article:modified_time\" content=\"2025-04-03T20:43:51+00:00\" \/>\n<meta property=\"og:image\" content=\"https:\/\/www.pensiuneambient.ro\/wp-content\/uploads\/2024\/10\/Certificat-Clasificare-Pensiune-150x150.jpg\" \/>\n<meta name=\"twitter:card\" content=\"summary_large_image\" \/>\n<script type=\"application\/ld+json\" class=\"yoast-schema-graph\">{\"@context\":\"https:\/\/schema.org\",\"@graph\":[{\"@type\":\"WebSite\",\"@id\":\"https:\/\/www.pensiuneambient.ro\/en\/#website\",\"url\":\"https:\/\/www.pensiuneambient.ro\/en\/\",\"name\":\"Ambient Pension - Brasov - Book at the best Price for Ambient properties\",\"description\":\"Official Site\",\"potentialAction\":[{\"@type\":\"SearchAction\",\"target\":\"https:\/\/www.pensiuneambient.ro\/en\/?s={search_term_string}\",\"query-input\":\"required name=search_term_string\"}],\"inLanguage\":\"en-US\"},{\"@type\":\"ImageObject\",\"@id\":\"https:\/\/www.pensiuneambient.ro\/contact\/#primaryimage\",\"inLanguage\":\"en-US\",\"url\":\"https:\/\/www.pensiuneambient.ro\/wp-content\/uploads\/2024\/10\/Certificat-Clasificare-Pensiune.jpg\",\"width\":1240,\"height\":1752,\"caption\":\"Certificat clasificare\"},{\"@type\":\"WebPage\",\"@id\":\"https:\/\/www.pensiuneambient.ro\/contact\/#webpage\",\"url\":\"https:\/\/www.pensiuneambient.ro\/contact\/\",\"name\":\"[:ro]Contact[:en]Contact[:es]Contacto[:de]Kontakt[:] - Ambient Pension - Brasov - Book at the best Price for Ambient properties\",\"isPartOf\":{\"@id\":\"https:\/\/www.pensiuneambient.ro\/en\/#website\"},\"primaryImageOfPage\":{\"@id\":\"https:\/\/www.pensiuneambient.ro\/contact\/#primaryimage\"},\"datePublished\":\"2014-09-14T09:20:26+00:00\",\"dateModified\":\"2025-04-03T20:43:51+00:00\",\"description\":\"{:ro}Echipa noastr\\u0103 v\\u0103 st\\u0103 la dispozi\\u021bie pentru \\u00eentreb\\u0103ri cu privire la rezervarea dvs., evenimente, transferuri, s\\u0103li de reuniuni sau orice alt subiect. Vom fi incanta\\u021bi s\\u0103 v\\u0103 putem ajuta.{:}\",\"inLanguage\":\"en-US\",\"potentialAction\":[{\"@type\":\"ReadAction\",\"target\":[\"https:\/\/www.pensiuneambient.ro\/contact\/\"]}]}]}<\/script>\n<!-- \/ Yoast SEO Premium plugin. -->","_links":{"self":[{"href":"https:\/\/www.pensiuneambient.ro\/en\/wp-json\/wp\/v2\/pages\/20","targetHints":{"allow":["GET"]}}],"collection":[{"href":"https:\/\/www.pensiuneambient.ro\/en\/wp-json\/wp\/v2\/pages"}],"about":[{"href":"https:\/\/www.pensiuneambient.ro\/en\/wp-json\/wp\/v2\/types\/page"}],"author":[{"embeddable":true,"href":"https:\/\/www.pensiuneambient.ro\/en\/wp-json\/wp\/v2\/users\/1"}],"replies":[{"embeddable":true,"href":"https:\/\/www.pensiuneambient.ro\/en\/wp-json\/wp\/v2\/comments?post=20"}],"version-history":[{"count":34,"href":"https:\/\/www.pensiuneambient.ro\/en\/wp-json\/wp\/v2\/pages\/20\/revisions"}],"predecessor-version":[{"id":8486,"href":"https:\/\/www.pensiuneambient.ro\/en\/wp-json\/wp\/v2\/pages\/20\/revisions\/8486"}],"wp:attachment":[{"href":"https:\/\/www.pensiuneambient.ro\/en\/wp-json\/wp\/v2\/media?parent=20"}],"wp:term":[{"taxonomy":"yst_prominent_words","embeddable":true,"href":"https:\/\/www.pensiuneambient.ro\/en\/wp-json\/wp\/v2\/yst_prominent_words?post=20"}],"curies":[{"name":"wp","href":"https:\/\/api.w.org\/{rel}","templated":true}]}}