{"id":3853,"date":"2016-07-03T22:34:47","date_gmt":"2016-07-03T22:34:47","guid":{"rendered":"http:\/\/www.hotelsperformance.com\/sitehotper\/hotels\/ambient\/?page_id=3853"},"modified":"2025-12-19T22:20:51","modified_gmt":"2025-12-19T20:20:51","slug":"transfers","status":"publish","type":"page","link":"https:\/\/www.pensiuneambient.ro\/de\/hotel_services\/transfers\/","title":{"rendered":"Transfers &#038; Ausfl\u00fcge"},"content":{"rendered":"<p>[vc_row full_width=&#8221;stretch_row&#8221; position=&#8221;right center&#8221; css=&#8221;.vc_custom_1468783841296{background-position: 0 0 !important;background-repeat: no-repeat !important;}&#8221;][vc_column width=&#8221;1\/2&#8243;][vc_column_text]<\/p>\n<h2><small>MIT AMBIENT DIE STRASSE VORAUS IST EINFACH<br \/>\n<\/small><span style=\"color: #7c0021;\">TRANSFERS &amp; AUSFL\u00dcGE<\/span><\/h2>\n<p class=\"lead\">Sie wissen, dass w\u00e4hrend Ihres Besuchs die Zeit sehr wichtig ist und deshalb bieten wir Transportdienste an und wir stellen eine moderne Fahrzeugflotte und ein Team von professionellen Fahrern zur Verf\u00fcgung, die verschiedene Sprachen sprechen, so dass Sie sich nicht um den Verkehr k\u00fcmmern m\u00fcssen, w\u00e4hlen Sie das Beste aus Route oder Parkplatz, der Fahrer wird es f\u00fcr Sie tun.<\/p>\n<p>[\/vc_column_text][\/vc_column][vc_column width=&#8221;1\/2&#8243;][vc_single_image image=&#8221;7002&#8243; img_size=&#8221;450&#215;450&#8243; alignment=&#8221;center&#8221; css=&#8221;.vc_custom_1473782737564{margin-top: -90px !important;}&#8221;][\/vc_column][\/vc_row][vc_row full_width=&#8221;stretch_row&#8221; css=&#8221;.vc_custom_1491414885707{margin-top: -200px !important;margin-bottom: -100px !important;background-position: center !important;background-repeat: no-repeat !important;background-size: cover !important;}&#8221;][vc_column width=&#8221;1\/2&#8243;][vc_images_carousel images=&#8221;4557,4559,4558,4560,4556&#8243; speed=&#8221;8888&#8243;][\/vc_column][vc_column width=&#8221;1\/2&#8243;][vc_column_text]<\/p>\n<h2><small>WIR BRAUCHEN IHRE BED\u00dcRFNISSE<\/small><span style=\"color: #7c0021;\">BREITES BEREICH DER FAHRZEUGE<\/span><\/h2>\n<p class=\"lead\">Ambient bietet Standard- und Business-Class-Transfers vom Flughafen in Bukarest und Sibiu f\u00fcr jede Art von Bedarf; Gesch\u00e4ftsreise oder um die touristischen Attraktionen, besondere Veranstaltungen oder Ferien zu besuchen und bietet eine breite Palette von Fahrzeugen, um alle Transportbed\u00fcrfnisse, die w\u00e4hrend Ihres Aufenthaltes in Brasov auftreten k\u00f6nnen, zu decken.<\/p>\n<ul class=\"list-pointer\">\n<li><strong>Komfortklasse: <\/strong> Mercedes C-Class, Volkswagen Passat (oder dergleichen), Bis zu 4 Personen<\/li>\n<li><strong>Business Class: <\/strong> Mercedes S Class, Jaguar XJ, Limousine (oder dergleichen), Bis zu 4 Personen<\/li>\n<li><strong>Gruppen:<\/strong> Hyundai H1 (oder dergleichen), Bis zu 7 Personen<\/li>\n<\/ul>\n<p>[\/vc_column_text][\/vc_column][\/vc_row][vc_row full_width=&#8221;stretch_row&#8221; css=&#8221;.vc_custom_1474566620962{margin-top: -30px !important;margin-bottom: -130px !important;background-color: #ffffff !important;background-position: center !important;background-repeat: no-repeat !important;background-size: cover !important;}&#8221;][vc_column width=&#8221;2\/3&#8243; el_class=&#8221;white-box content-padding text-uppercase&#8221; offset=&#8221;vc_col-sm-offset-2&#8243; css=&#8221;.vc_custom_1472643890425{margin-top: -50px !important;background-color: rgba(255,255,255,0.24) !important;*background-color: rgb(255,255,255) !important;}&#8221;]<ul class=\"list-services \"><li><h3><a href=\"#transfers\">TRANSFERS AUS FLUGHAFEN<small>DIREKT AUS DEM FLUGHAFEN VON BUCHAREST A SIBIU<\/small><\/a><\/h3><\/li><li><h3><a href=\"#excursiones\">AUSFL\u00dcGE UND FREIZEIT<small>ENTDECKEN SIE BRASOV UND UMGEBUNG<\/small><\/a><\/h3><\/li><li><h3><a href=\"#transporte\">KUNDENSPEZIFISCHE DIENSTLEISTUNGEN<small>PROFESSIONALER TREIBER F\u00dcR GESCH\u00c4FT UND VERANSTALTUNGEN<\/small><\/a><\/h3><\/li><\/ul>[\/vc_column][\/vc_row][vc_row full_width=&#8221;stretch_row_content_no_spaces&#8221; css=&#8221;.vc_custom_1468797283313{margin-top: -50px !important;}&#8221;][vc_column][vc_raw_html]JTNDYSUyMG5hbWUlM0QlMjJ0cmFuc2ZlcnMlMjIlM0UlM0MlMkZhJTNF[\/vc_raw_html][\/vc_column][\/vc_row][vc_row full_width=&#8221;stretch_row&#8221; css=&#8221;.vc_custom_1472602049645{margin-top: -130px !important;background-image: url(https:\/\/www.pensiuneambient.ro\/wp-content\/uploads\/2016\/07\/tr2pensiuneambient.jpg?id=6445) !important;background-position: center !important;background-repeat: no-repeat !important;background-size: cover !important;}&#8221;][vc_column width=&#8221;1\/2&#8243; offset=&#8221;vc_col-sm-offset-3&#8243;][vc_column_text css=&#8221;.vc_custom_1766170426653{margin-left: 25px !important;background-color: rgba(255,255,255,0.89) !important;*background-color: rgb(255,255,255) !important;}&#8221; el_class=&#8221;white-box content-padding&#8221;]<\/p>\n<h2 class=\"text-uppercase text-center\" style=\"text-align: center;\">TRANSFERS AUS DEN FL\u00dcSSIGKEITEN VON BUCHAREST UND SIBIU<\/h2>\n<p style=\"text-align: center;\">Direkt vom Flughafen, ohne sich Sorgen zu machen (gesch\u00e4tzte Fahrtzeit, 3 Stunden).<\/p>\n<table class=\"table table-responsive\">\n<tbody>\n<tr>\n<td class=\"text-left\"><strong>Komfortklasse <\/strong><br \/>\n<small>Mercedes C-Klasse, Volkswagen Passat (oder \u00e4hnlich), bis zu 4 Personen. Preis pro Weg.<\/small><\/td>\n<td class=\"text-right\">130 \u20ac<\/td>\n<\/tr>\n<tr>\n<td class=\"text-left\"><strong>Business-Klasse<\/strong><br \/>\n<small>Mercedes S-Klasse, Jaguar XJ, Limousine (oder \u00e4hnlich), bis zu 4 Personen. Preis pro Weg.<\/small><\/td>\n<td class=\"text-right\">150 \u20ac<\/td>\n<\/tr>\n<tr>\n<td class=\"text-left\"><strong>Gruppen<\/strong><br \/>\n<small>Hyundai H1, bis zu 7 Personen. Preis pro Weg.<\/small><\/td>\n<td class=\"text-right\">150 \u20ac<\/td>\n<\/tr>\n<tr>\n<td class=\"text-left\"><strong>Brasov &#8211; Cristian (AMBIENT MANSION Shuttle-Service, 15 Minuten)<br \/>\n<small><strong>Komfortklasse<\/strong>, bis zu 4 Personen. Preis pro Weg.<\/small><\/strong><\/td>\n<td class=\"text-right\">20 \u20ac<\/td>\n<\/tr>\n<tr>\n<td class=\"text-left\"><strong>Brasov \u2013 Cristian <\/strong>(AMBIENT MANSION Shuttle-Service, 15 Minuten)<br \/>\n<small><strong> Gruppen<\/strong>, bis zu 7 Personen. Preis pro Weg.<\/small><\/td>\n<td class=\"text-right\">40 \u20ac<\/td>\n<\/tr>\n<tr>\n<td class=\"text-left\"><strong>Brasov \u2013 Bucuresti <\/strong>(OTP) Flughafen<br \/>\n<small><strong>Gruppen<\/strong>, bis zu 3 Personen. Preis pro Weg.<\/small><\/td>\n<td class=\"text-right\">130 \u20ac<\/td>\n<\/tr>\n<tr>\n<td class=\"text-left\"><strong>Brasov \u2013 Bucuresti <\/strong>(OTP) Flughafen<br \/>\n<small><strong>Gruppen<\/strong>, bis zu 7 Personen. Preis pro Weg.<\/small><\/td>\n<td class=\"text-right\">150 \u20ac<\/td>\n<\/tr>\n<tr>\n<td class=\"text-left\"><strong>Brasov \u2013 <\/strong><strong>Sibiu <\/strong>(SBZ) Flughafen<br \/>\n<small><strong>Gruppen<\/strong>, bis zu 3 Personen. Preis pro Weg.<\/small><\/td>\n<td class=\"text-right\">130 \u20ac<\/td>\n<\/tr>\n<tr>\n<td class=\"text-left\"><strong>Brasov \u2013 <\/strong><strong>Sibiu <\/strong>(SBZ) Flughafen<br \/>\n<small><strong>Gruppen<\/strong>, bis zu 7 Personen. Preis pro Weg.<\/small><\/td>\n<td class=\"text-right\">150 \u20ac<\/td>\n<\/tr>\n<\/tbody>\n<\/table>\n<p>[\/vc_column_text][\/vc_column][\/vc_row][vc_row full_width=&#8221;stretch_row_content_no_spaces&#8221; css=&#8221;.vc_custom_1468797349678{margin-top: -50px !important;margin-bottom: -150px !important;}&#8221;][vc_column][vc_raw_html]JTNDYSUyMG5hbWUlM0QlMjJleGN1cnNpb25lcyUyMiUzRSUzQyUyRmElM0U=[\/vc_raw_html][\/vc_column][\/vc_row][vc_row][vc_column css=&#8221;.vc_custom_1472411947038{margin-top: 120px !important;margin-bottom: -120px !important;}&#8221;][vc_separator color=&#8221;custom&#8221; style=&#8221;shadow&#8221; accent_color=&#8221;#7c0021&#8243; css=&#8221;.vc_custom_1472409763378{margin-top: -120px !important;}&#8221;][\/vc_column][\/vc_row][vc_row full_width=&#8221;stretch_row&#8221; css=&#8221;.vc_custom_1474566720471{margin-bottom: -90px !important;background-image: url(https:\/\/www.pensiuneambient.ro\/wp-content\/uploads\/2016\/07\/excursii4ambient.jpg?id=6487) !important;background-position: center !important;background-repeat: no-repeat !important;background-size: cover !important;}&#8221;][vc_column width=&#8221;1\/2&#8243; offset=&#8221;vc_col-sm-offset-3&#8243;][vc_column_text el_class=&#8221;white-box content-padding&#8221;]<\/p>\n<h2 class=\"text-uppercase text-center\" style=\"text-align: center;\">AUSFL\u00dcGE<\/h2>\n<p style=\"text-align: center;\">Die Preise beinhalten alle Steuern, aber keine Parkpl\u00e4tze, Mittag- oder Abendessen, F\u00fchrer oder andere Dienstleistungen. Comfort Class Fahrzeuge (3 Passagiere) und Gruppen (bis zu 7 Passagiere). F\u00fcr mehr als sieben Personen k\u00f6nnen die Preise variieren. Bitte wenden Sie sich an die Rezeption des Hotels.<\/p>\n<table class=\"table table-responsive\">\n<tbody>\n<tr>\n<td class=\"text-left\"><\/td>\n<td class=\"text-left\"><strong>3 Passagiere<\/strong><\/td>\n<td class=\"text-left\"><strong>7 Passagiere<\/strong><\/td>\n<\/tr>\n<tr>\n<td class=\"text-left\"><strong>Brasov &#8211; Bran <\/strong>(Dracula Castle)<strong> &#8211; Brasov &#8211;\u00a0<\/strong>(4 Stunden)<\/td>\n<td class=\"text-left\">75 \u20ac<\/td>\n<td class=\"text-left\">95 \u20ac<\/td>\n<\/tr>\n<tr>\n<td class=\"text-left\"><strong>Brasov &#8211; Predeal &#8211; Sinaia <\/strong>(Peles Castle)<strong> &#8211; Brasov &#8211; <\/strong>(4 Stunden)<\/td>\n<td class=\"text-left\">80 \u20ac<\/td>\n<td class=\"text-left\">100 \u20ac<\/td>\n<\/tr>\n<tr>\n<td class=\"text-left\"><strong>Brasov &#8211; Sighisoara <\/strong>(Die \u00e4lteste mittelalterliche Stadt)<strong> &#8211; Brasov &#8211; <\/strong>(7 Stunden)<\/td>\n<td class=\"text-left\">120 \u20ac<\/td>\n<td class=\"text-left\">145 \u20ac<\/td>\n<\/tr>\n<tr>\n<td class=\"text-left\"><strong>Brasov &#8211; Rasnov <\/strong>(Citadel)<strong> &#8211; Bran &#8211; Poiana Brasov &#8211; Brasov &#8211; <\/strong>(5 Stunden)<\/td>\n<td class=\"text-left\">95 \u20ac<\/td>\n<td class=\"text-left\">120 \u20ac<\/td>\n<\/tr>\n<tr>\n<td class=\"text-left\"><strong>Brasov &#8211; Fagaras &#8211; Sambata Kloster\u00a0<\/strong><strong>&#8211; Brasov &#8211; <\/strong>(5 Stunden)<\/td>\n<td class=\"text-left\">85 \u20ac<\/td>\n<td class=\"text-left\">105 \u20ac<\/td>\n<\/tr>\n<tr>\n<td class=\"text-left\"><strong>Brasov &#8211; Prejmer\u00a0<\/strong><strong>&#8211; Harman <\/strong>(Befestigte s\u00e4chsische Kirchen)<strong>\u00a0&#8211; Brasov &#8211; <\/strong>(3 Stunden)<\/td>\n<td class=\"text-left\">75 \u20ac<\/td>\n<td class=\"text-left\">95 \u20ac<\/td>\n<\/tr>\n<tr>\n<td class=\"text-left\"><strong>Brasov &#8211;\u00a0H\u00f6hlenkloster \u015einca Veche <\/strong><strong>\u00a0&#8211; Brasov &#8211; <\/strong>(4 Stunden)<\/td>\n<td class=\"text-left\">75 \u20ac<\/td>\n<td class=\"text-left\">95 \u20ac<\/td>\n<\/tr>\n<tr>\n<td class=\"text-left\"><strong>Brasov &#8211; Viscri Traditionelles Dorf <\/strong>(R\u00fcckzug Charles von Wales ) <strong>&#8211;<\/strong><strong>\u00a0Brasov &#8211; <\/strong>(6 Stunden)<\/td>\n<td class=\"text-left\">95 \u20ac<\/td>\n<td class=\"text-left\">115 \u20ac<\/td>\n<\/tr>\n<tr>\n<td class=\"text-left\"><strong>Brasov \u2013 Poiana Brasov<\/strong> oder\u00a0<strong>Poiana Brasov \u2013 Brasov<\/strong><\/td>\n<td class=\"text-left\">25 \u20ac<\/td>\n<td class=\"text-left\">50 \u20ac<\/td>\n<\/tr>\n<tr>\n<td class=\"text-left\"><strong>Brasov \u2013 Ghimbav (GHV) Flughafen<\/strong>\u00a0oder\u00a0<strong>Ghimbav (GHV) Flughafen <\/strong><strong>\u00a0\u2013 Brasov<\/strong><\/td>\n<td class=\"text-left\">30 \u20ac<\/td>\n<td class=\"text-left\">60 \u20ac<\/td>\n<\/tr>\n<\/tbody>\n<\/table>\n<p><strong>Guide<\/strong>: ab 50 \u20ac \/ halber Tag, 100 \u20ac \/ ganzer Tag<\/p>\n<p><strong>Gesch\u00e4ftsservice<\/strong>: Jaguar XJL oder Mercedes S-Klasse \u2013 gleicher Preis wie ein Pkw f\u00fcr 3 Personen + ZUS\u00c4TZLICH 20 \u20ac \/ Fahrt[\/vc_column_text][\/vc_column][\/vc_row][vc_row full_width=&#8221;stretch_row_content_no_spaces&#8221;][vc_column][vc_raw_html]JTNDYSUyMG5hbWUlM0QlMjJ0cmFuc3BvcnRlJTIyJTNFJTNDJTJGYSUzRQ==[\/vc_raw_html][\/vc_column][\/vc_row][vc_row][vc_column css=&#8221;.vc_custom_1472411947038{margin-top: 120px !important;margin-bottom: -120px !important;}&#8221;][vc_separator color=&#8221;custom&#8221; style=&#8221;shadow&#8221; accent_color=&#8221;#7c0021&#8243; css=&#8221;.vc_custom_1472640255349{margin-top: -250px !important;}&#8221;][\/vc_column][\/vc_row][vc_row css=&#8221;.vc_custom_1472640413157{margin-top: -300px !important;}&#8221;][vc_column width=&#8221;1\/2&#8243; offset=&#8221;vc_col-sm-offset-3&#8243; css=&#8221;.vc_custom_1472640463923{margin-top: -60px !important;}&#8221;][vc_column_text el_class=&#8221;text-center&#8221;]<\/p>\n<h2 class=\"text-uppercase text-center\" style=\"text-align: center;\">AUTO MIETE UND KUNDENSPEZIFISCHE DIENSTLEISTUNGEN<\/h2>\n<p style=\"text-align: center;\">Mieten Sie einen Car Service \u2013 Ab 20 \u20ac \/ Tag<\/p>\n<p style=\"text-align: center;\">Kundenspezifische Services &#8211; Bitte konsultieren Sie unser Team, wir passen uns Ihren Bed\u00fcrfnissen an.<\/p>\n<p>[\/vc_column_text][\/vc_column][\/vc_row][vc_row css=&#8221;.vc_custom_1474566733915{margin-bottom: -390px !important;}&#8221;][vc_column css=&#8221;.vc_custom_1472411947038{margin-top: 120px !important;margin-bottom: -120px !important;}&#8221;][vc_separator color=&#8221;custom&#8221; style=&#8221;shadow&#8221; accent_color=&#8221;#7c0021&#8243; css=&#8221;.vc_custom_1472640729153{margin-top: -250px !important;margin-bottom: -30px !important;}&#8221;][\/vc_column][\/vc_row][vc_row css=&#8221;.vc_custom_1470397530640{margin-bottom: -200px !important;}&#8221;][vc_column][vc_raw_html]JTNDc2NyaXB0JTIwdHlwZSUzRCUyMnRleHQlMkZqYXZhc2NyaXB0JTIyJTIwc3JjJTNEJTIyaHR0cHMlM0ElMkYlMkZvcGVuLnVwcGVyYm9va2luZy5jb20lMkZhbWJpZW50cGVuc2l1bmUlMkZCb29raW5nLmpzJTNGbG9jYWxlJTNEZGUlMjIlM0UlM0MlMkZzY3JpcHQlM0U=[\/vc_raw_html][\/vc_column][\/vc_row]<\/p>","protected":false},"excerpt":{"rendered":"<p>[vc_row full_width=&#8221;stretch_row&#8221; position=&#8221;right center&#8221; css=&#8221;.vc_custom_1468783841296{background-position: 0 0 !important;background-repeat: no-repeat !important;}&#8221;][vc_column width=&#8221;1\/2&#8243;][vc_column_text] MIT AMBIENT DIE STRASSE VORAUS IST EINFACH TRANSFERS &amp; [&hellip;]<\/p>\n","protected":false},"author":1,"featured_media":0,"parent":11,"menu_order":2,"comment_status":"closed","ping_status":"closed","template":"","meta":{"footnotes":""},"yst_prominent_words":[],"class_list":["post-3853","page","type-page","status-publish","hentry"],"yoast_head":"<!-- This site is optimized with the Yoast SEO Premium plugin v14.0.2 - https:\/\/yoast.com\/wordpress\/plugins\/seo\/ -->\n<title>Transfers &amp; Ausfl\u00fcge - Ambient Pension - Brasov (Rum\u00e4nien) - Buchen Sie zum besten Preis<\/title>\n<meta name=\"robots\" content=\"index, follow\" \/>\n<meta name=\"googlebot\" content=\"index, follow, max-snippet:-1, max-image-preview:large, max-video-preview:-1\" \/>\n<meta name=\"bingbot\" content=\"index, follow, max-snippet:-1, max-image-preview:large, max-video-preview:-1\" \/>\n<link rel=\"canonical\" href=\"https:\/\/www.pensiuneambient.ro\/hotel_services\/transfers\/\" \/>\n<meta property=\"og:locale\" content=\"de_DE\" \/>\n<meta property=\"og:type\" content=\"article\" \/>\n<meta property=\"og:title\" content=\"[:ro]Transferuri &amp; Excursii[:en]Transfers &amp; Excursions[:es]Transfers &amp; Excursiones[:de]Transfers &amp; Ausfl\u00fcge[:] - Ambient Pension - Brasov (Rum\u00e4nien) - Buchen Sie zum besten Preis\" \/>\n<meta property=\"og:description\" content=\"[vc_row full_width=&#8221;stretch_row&#8221; position=&#8221;right center&#8221; css=&#8221;.vc_custom_1468783841296{background-position: 0 0 !important;background-repeat: no-repeat !important;}&#8221;][vc_column width=&#8221;1\/2&#8243;][vc_column_text] MIT AMBIENT DIE STRASSE VORAUS IST EINFACH TRANSFERS &amp; [&hellip;]\" \/>\n<meta property=\"og:url\" content=\"https:\/\/www.pensiuneambient.ro\/hotel_services\/transfers\/\" \/>\n<meta property=\"og:site_name\" content=\"Ambient Pension - Brasov (Rum\u00e4nien) - Buchen Sie zum besten Preis\" \/>\n<meta property=\"article:modified_time\" content=\"2025-12-19T20:20:51+00:00\" \/>\n<meta name=\"twitter:card\" content=\"summary_large_image\" \/>\n<script type=\"application\/ld+json\" class=\"yoast-schema-graph\">{\"@context\":\"https:\/\/schema.org\",\"@graph\":[{\"@type\":\"WebSite\",\"@id\":\"https:\/\/www.pensiuneambient.ro\/de\/#website\",\"url\":\"https:\/\/www.pensiuneambient.ro\/de\/\",\"name\":\"Ambient Pension - Brasov (Rum\\u00e4nien) - Buchen Sie zum besten Preis\",\"description\":\"Offizielle Seite\",\"potentialAction\":[{\"@type\":\"SearchAction\",\"target\":\"https:\/\/www.pensiuneambient.ro\/de\/?s={search_term_string}\",\"query-input\":\"required name=search_term_string\"}],\"inLanguage\":\"de\"},{\"@type\":\"WebPage\",\"@id\":\"https:\/\/www.pensiuneambient.ro\/hotel_services\/transfers\/#webpage\",\"url\":\"https:\/\/www.pensiuneambient.ro\/hotel_services\/transfers\/\",\"name\":\"[:ro]Transferuri & Excursii[:en]Transfers & Excursions[:es]Transfers & Excursiones[:de]Transfers & Ausfl\\u00fcge[:] - Ambient Pension - Brasov (Rum\\u00e4nien) - Buchen Sie zum besten Preis\",\"isPartOf\":{\"@id\":\"https:\/\/www.pensiuneambient.ro\/de\/#website\"},\"datePublished\":\"2016-07-03T22:34:47+00:00\",\"dateModified\":\"2025-12-19T20:20:51+00:00\",\"inLanguage\":\"de\",\"potentialAction\":[{\"@type\":\"ReadAction\",\"target\":[\"https:\/\/www.pensiuneambient.ro\/hotel_services\/transfers\/\"]}]}]}<\/script>\n<!-- \/ Yoast SEO Premium plugin. -->","_links":{"self":[{"href":"https:\/\/www.pensiuneambient.ro\/de\/wp-json\/wp\/v2\/pages\/3853","targetHints":{"allow":["GET"]}}],"collection":[{"href":"https:\/\/www.pensiuneambient.ro\/de\/wp-json\/wp\/v2\/pages"}],"about":[{"href":"https:\/\/www.pensiuneambient.ro\/de\/wp-json\/wp\/v2\/types\/page"}],"author":[{"embeddable":true,"href":"https:\/\/www.pensiuneambient.ro\/de\/wp-json\/wp\/v2\/users\/1"}],"replies":[{"embeddable":true,"href":"https:\/\/www.pensiuneambient.ro\/de\/wp-json\/wp\/v2\/comments?post=3853"}],"version-history":[{"count":40,"href":"https:\/\/www.pensiuneambient.ro\/de\/wp-json\/wp\/v2\/pages\/3853\/revisions"}],"predecessor-version":[{"id":8643,"href":"https:\/\/www.pensiuneambient.ro\/de\/wp-json\/wp\/v2\/pages\/3853\/revisions\/8643"}],"up":[{"embeddable":true,"href":"https:\/\/www.pensiuneambient.ro\/de\/wp-json\/wp\/v2\/pages\/11"}],"wp:attachment":[{"href":"https:\/\/www.pensiuneambient.ro\/de\/wp-json\/wp\/v2\/media?parent=3853"}],"wp:term":[{"taxonomy":"yst_prominent_words","embeddable":true,"href":"https:\/\/www.pensiuneambient.ro\/de\/wp-json\/wp\/v2\/yst_prominent_words?post=3853"}],"curies":[{"name":"wp","href":"https:\/\/api.w.org\/{rel}","templated":true}]}}