{"id":3507,"date":"2016-06-23T11:59:29","date_gmt":"2016-06-23T11:59:29","guid":{"rendered":"http:\/\/www.hotelsperformance.com\/sitehotper\/hotels\/ambient\/?page_id=3507"},"modified":"2017-04-11T00:54:42","modified_gmt":"2017-04-10T21:54:42","slug":"breakfast","status":"publish","type":"page","link":"https:\/\/www.pensiuneambient.ro\/de\/hotel_services\/breakfast\/","title":{"rendered":"Fr\u00fchst\u00fcck"},"content":{"rendered":"<p>[vc_row disable_element=&#8221;yes&#8221;][vc_column width=&#8221;1\/2&#8243;][vc_column_text]<\/p>\n<h3><span style=\"color: #7c0021;\">Entdecken Sie den Duft von Ambient-Sonnenaufgang<\/span><\/h3>\n<p><strong>Das beste Fr\u00fchst\u00fcck f\u00fcr ein Erwachen voller Freude<\/strong><\/p>\n<p>Wir laden Sie ein, mit uns aufzuwachen, um den Duft des besten Kaffees in unserem Fr\u00fchst\u00fcckssalon zu genie\u00dfen.<\/p>\n<p>Genie\u00dfen Sie jeden Morgen unser abwechslungsreiches Fr\u00fchst\u00fccksbuffet zwischen 7 und 10 Stunden von Montag bis Samstag und zwischen 8 und 11 Uhr am Sonntag mit hei\u00dfen und kalten Speisen: R\u00fchrei, K\u00e4se, Fleisch, Wurst, Hummus, Gem\u00fcse, Milchprodukte, Joghurt, Musli, alkoholfreie Getr\u00e4nke, Kaffee, Wasser.[\/vc_column_text][\/vc_column][vc_column width=&#8221;1\/2&#8243; css=&#8221;.vc_custom_1472668703155{margin-right: -30px !important;}&#8221;][vc_images_carousel images=&#8221;7005&#8243; onclick=&#8221;link_no&#8221; speed=&#8221;8888&#8243; hide_pagination_control=&#8221;yes&#8221; hide_prev_next_buttons=&#8221;yes&#8221; css=&#8221;.vc_custom_1473783109289{margin-right: -30px !important;}&#8221;][\/vc_column][\/vc_row][vc_row css=&#8221;.vc_custom_1472674918993{margin-top: -60px !important;margin-bottom: -160px !important;}&#8221;][vc_column][vc_separator color=&#8221;custom&#8221; style=&#8221;shadow&#8221; border_width=&#8221;2&#8243; accent_color=&#8221;#7c0021&#8243; css=&#8221;.vc_custom_1472674953060{margin-top: -60px !important;margin-bottom: 40px !important;}&#8221;][\/vc_column][\/vc_row][vc_row full_width=&#8221;stretch_row&#8221; full_height=&#8221;yes&#8221; parallax=&#8221;content-moving&#8221; parallax_speed_bg=&#8221;3&#8243; css=&#8221;.vc_custom_1472685535157{margin-top: 100px !important;margin-bottom: 28px !important;background-image: url(https:\/\/www.pensiuneambient.ro\/wp-content\/uploads\/2016\/07\/DesayunosAmbientInt002-1.jpg?id=4625) !important;background-position: center;background-repeat: no-repeat !important;background-size: cover !important;}&#8221; min_height=&#8221;800&#8243;][vc_column width=&#8221;1\/2&#8243; offset=&#8221;vc_col-sm-offset-6&#8243; css=&#8221;.vc_custom_1472473391300{border-top-width: 30px !important;border-bottom-width: 30px !important;padding-top: 30px !important;padding-right: 30px !important;padding-bottom: 30px !important;padding-left: 30px !important;background-color: rgba(255,255,255,0) !important;*background-color: rgb(255,255,255) !important;}&#8221;][\/vc_column][\/vc_row][vc_row css=&#8221;.vc_custom_1472672109630{margin-top: -40px !important;margin-bottom: -110px !important;}&#8221;][vc_column width=&#8221;1\/4&#8243;][\/vc_column][vc_column width=&#8221;1\/2&#8243;][vc_column_text]<\/p>\n<h2 class=\"text-center\" style=\"text-align: center;\"><span style=\"color: #7c0021;\"><i class='fa fa-fw fa-clock-o fa-lg center-block ' style=''><\/i><\/span>Fr\u00fchst\u00fccksstunden<\/h2>\n<p style=\"text-align: center;\">Genie\u00dfen Sie das fantastische Ambient Fr\u00fchst\u00fcck<\/p>\n<p style=\"text-align: center;\">Fr\u00fchst\u00fcck:<\/p>\n<p style=\"text-align: center;\">Montag &#8211; Samstag: 7am &#8211; 10am<\/p>\n<p style=\"text-align: center;\">Sonntag: 8am &#8211; 11am<\/p>\n<p>[\/vc_column_text][\/vc_column][vc_column width=&#8221;1\/4&#8243;][\/vc_column][\/vc_row][vc_row css=&#8221;.vc_custom_1472669250410{margin-top: -20px !important;margin-bottom: -200px !important;}&#8221;][vc_column][vc_separator color=&#8221;custom&#8221; style=&#8221;shadow&#8221; accent_color=&#8221;#7c0021&#8243;][\/vc_column][\/vc_row][vc_row][vc_column css=&#8221;.vc_custom_1472663865345{margin-bottom: -200px !important;}&#8221;][vc_raw_html css=&#8221;.vc_custom_1491861243597{background-image: url(https:\/\/www.pensiuneambient.ro\/wp-content\/uploads\/2014\/09\/pensiuneambient.jpg?id=5755) !important;}&#8221;]JTNDc2NyaXB0JTIwdHlwZSUzRCUyMnRleHQlMkZqYXZhc2NyaXB0JTIyJTIwc3JjJTNEJTIyaHR0cHMlM0ElMkYlMkZvcGVuLnVwcGVyYm9va2luZy5jb20lMkZhbWJpZW50cGVuc2l1bmUlMkZCb29raW5nLmpzJTNGbG9jYWxlJTNEZGUlMjIlM0UlM0MlMkZzY3JpcHQlM0U=[\/vc_raw_html][\/vc_column][\/vc_row]<\/p>","protected":false},"excerpt":{"rendered":"<p>[vc_row disable_element=&#8221;yes&#8221;][vc_column width=&#8221;1\/2&#8243;][vc_column_text] Entdecken Sie den Duft von Ambient-Sonnenaufgang Das beste Fr\u00fchst\u00fcck f\u00fcr ein Erwachen voller Freude Wir laden Sie [&hellip;]<\/p>\n","protected":false},"author":1,"featured_media":0,"parent":11,"menu_order":4,"comment_status":"closed","ping_status":"closed","template":"","meta":{"footnotes":""},"yst_prominent_words":[],"class_list":["post-3507","page","type-page","status-publish","hentry"],"yoast_head":"<!-- This site is optimized with the Yoast SEO Premium plugin v14.0.2 - https:\/\/yoast.com\/wordpress\/plugins\/seo\/ -->\n<title>Fr\u00fchst\u00fcck - Ambient Pension - Brasov (Rum\u00e4nien) - Buchen Sie zum besten Preis<\/title>\n<meta name=\"description\" content=\"Hotelul nostru este o bijuterie situata \u00een centrul minunatului ora\u0219, care invit\u0103 oaspe\u021bii s\u0103 simt\u0103 c\u0103ldura unic\u0103 a unei case \u00een care tr\u0103iesc lumina\" \/>\n<meta name=\"robots\" content=\"index, follow\" \/>\n<meta name=\"googlebot\" content=\"index, follow, max-snippet:-1, max-image-preview:large, max-video-preview:-1\" \/>\n<meta name=\"bingbot\" content=\"index, follow, max-snippet:-1, max-image-preview:large, max-video-preview:-1\" \/>\n<link rel=\"canonical\" href=\"https:\/\/www.pensiuneambient.ro\/es\/hotel_services\/breakfast\/\" \/>\n<meta property=\"og:locale\" content=\"de_DE\" \/>\n<meta property=\"og:type\" content=\"article\" \/>\n<meta property=\"og:title\" content=\"[:ro]Mic Dejun[:en]Breakfast[:es]Desayuno[:de]Fr\u00fchst\u00fcck[:] - Ambient Pension - Brasov (Rum\u00e4nien) - Buchen Sie zum besten Preis\" \/>\n<meta property=\"og:description\" content=\"Hotelul nostru este o bijuterie situata \u00een centrul minunatului ora\u0219, care invit\u0103 oaspe\u021bii s\u0103 simt\u0103 c\u0103ldura unic\u0103 a unei case \u00een care tr\u0103iesc lumina\" \/>\n<meta property=\"og:url\" content=\"https:\/\/www.pensiuneambient.ro\/es\/hotel_services\/breakfast\/\" \/>\n<meta property=\"og:site_name\" content=\"Ambient Pension - Brasov (Rum\u00e4nien) - Buchen Sie zum besten Preis\" \/>\n<meta property=\"article:modified_time\" content=\"2017-04-10T21:54:42+00:00\" \/>\n<meta name=\"twitter:card\" content=\"summary_large_image\" \/>\n<script type=\"application\/ld+json\" class=\"yoast-schema-graph\">{\"@context\":\"https:\/\/schema.org\",\"@graph\":[{\"@type\":\"WebSite\",\"@id\":\"https:\/\/www.pensiuneambient.ro\/de\/#website\",\"url\":\"https:\/\/www.pensiuneambient.ro\/de\/\",\"name\":\"Ambient Pension - Brasov (Rum\\u00e4nien) - Buchen Sie zum besten Preis\",\"description\":\"Offizielle Seite\",\"potentialAction\":[{\"@type\":\"SearchAction\",\"target\":\"https:\/\/www.pensiuneambient.ro\/de\/?s={search_term_string}\",\"query-input\":\"required name=search_term_string\"}],\"inLanguage\":\"de\"},{\"@type\":\"WebPage\",\"@id\":\"https:\/\/www.pensiuneambient.ro\/es\/hotel_services\/breakfast\/#webpage\",\"url\":\"https:\/\/www.pensiuneambient.ro\/es\/hotel_services\/breakfast\/\",\"name\":\"[:ro]Mic Dejun[:en]Breakfast[:es]Desayuno[:de]Fr\\u00fchst\\u00fcck[:] - Ambient Pension - Brasov (Rum\\u00e4nien) - Buchen Sie zum besten Preis\",\"isPartOf\":{\"@id\":\"https:\/\/www.pensiuneambient.ro\/de\/#website\"},\"datePublished\":\"2016-06-23T11:59:29+00:00\",\"dateModified\":\"2017-04-10T21:54:42+00:00\",\"description\":\"Hotelul nostru este o bijuterie situata \\u00een centrul minunatului ora\\u0219, care invit\\u0103 oaspe\\u021bii s\\u0103 simt\\u0103 c\\u0103ldura unic\\u0103 a unei case \\u00een care tr\\u0103iesc lumina\",\"inLanguage\":\"de\",\"potentialAction\":[{\"@type\":\"ReadAction\",\"target\":[\"https:\/\/www.pensiuneambient.ro\/es\/hotel_services\/breakfast\/\"]}]}]}<\/script>\n<!-- \/ Yoast SEO Premium plugin. -->","_links":{"self":[{"href":"https:\/\/www.pensiuneambient.ro\/de\/wp-json\/wp\/v2\/pages\/3507","targetHints":{"allow":["GET"]}}],"collection":[{"href":"https:\/\/www.pensiuneambient.ro\/de\/wp-json\/wp\/v2\/pages"}],"about":[{"href":"https:\/\/www.pensiuneambient.ro\/de\/wp-json\/wp\/v2\/types\/page"}],"author":[{"embeddable":true,"href":"https:\/\/www.pensiuneambient.ro\/de\/wp-json\/wp\/v2\/users\/1"}],"replies":[{"embeddable":true,"href":"https:\/\/www.pensiuneambient.ro\/de\/wp-json\/wp\/v2\/comments?post=3507"}],"version-history":[{"count":11,"href":"https:\/\/www.pensiuneambient.ro\/de\/wp-json\/wp\/v2\/pages\/3507\/revisions"}],"predecessor-version":[{"id":7591,"href":"https:\/\/www.pensiuneambient.ro\/de\/wp-json\/wp\/v2\/pages\/3507\/revisions\/7591"}],"up":[{"embeddable":true,"href":"https:\/\/www.pensiuneambient.ro\/de\/wp-json\/wp\/v2\/pages\/11"}],"wp:attachment":[{"href":"https:\/\/www.pensiuneambient.ro\/de\/wp-json\/wp\/v2\/media?parent=3507"}],"wp:term":[{"taxonomy":"yst_prominent_words","embeddable":true,"href":"https:\/\/www.pensiuneambient.ro\/de\/wp-json\/wp\/v2\/yst_prominent_words?post=3507"}],"curies":[{"name":"wp","href":"https:\/\/api.w.org\/{rel}","templated":true}]}}