{"id":3499,"date":"2016-06-23T11:56:28","date_gmt":"2016-06-23T11:56:28","guid":{"rendered":"http:\/\/www.hotelsperformance.com\/sitehotper\/hotels\/ambient\/?page_id=3499"},"modified":"2022-05-26T21:53:31","modified_gmt":"2022-05-26T18:53:31","slug":"wellness","status":"publish","type":"page","link":"https:\/\/www.pensiuneambient.ro\/de\/hotel_services\/wellness\/","title":{"rendered":"Massage"},"content":{"rendered":"<p>[vc_row full_width=&#8221;stretch_row&#8221; position=&#8221;right center&#8221; css=&#8221;.vc_custom_1472810284476{margin-bottom: -100px !important;background-image: url(https:\/\/www.pensiuneambient.ro\/wp-content\/uploads\/2016\/06\/masajpensiuneambient1-1.jpg?id=6756) !important;background-position: 0 0 !important;background-repeat: no-repeat !important;}&#8221; el_class=&#8221;background-none-mobile&#8221;][vc_column width=&#8221;1\/2&#8243;][vc_column_text]<\/p>\n<h2><span style=\"color: #7c0021;\">ERFAHRUNG F\u00dcR DIE SINNE<\/span><\/h2>\n<p>Wir wissen, dass eine Reise, Neuheit, eine neue Stadtrundfahrt, Temperatur\u00e4nderungen uns manchmal Stress verursachen k\u00f6nnen.<\/p>\n<p>Weil Ambient immer \u00fcber das Wohlergehen seiner G\u00e4ste nachdenkt, freuen wir uns, Ihnen einen Moment des Friedens zu bieten.<\/p>\n<p>Um einen angenehmen Aufenthalt zu verbringen, laden wir Sie ein, unsere entspannende Massage zu genie\u00dfen, die Ihnen helfen wird, Spannungen zu l\u00f6sen und Ihnen zu erm\u00f6glichen, Ihre Reise noch mehr zu genie\u00dfen.[\/vc_column_text][\/vc_column][\/vc_row][vc_row css=&#8221;.vc_custom_1472402986330{margin-top: -210px !important;}&#8221;][vc_column css=&#8221;.vc_custom_1472400360957{margin-top: 130px !important;margin-bottom: -80px !important;}&#8221;][vc_separator color=&#8221;custom&#8221; style=&#8221;shadow&#8221; accent_color=&#8221;#7c0021&#8243;][\/vc_column][\/vc_row][vc_row][vc_column][vc_raw_html]JTNDYSUyMG5hbWUlM0QlMjJzYXVuYSUyMiUzRSUzQyUyRmElM0U=[\/vc_raw_html][\/vc_column][\/vc_row][vc_row full_width=&#8221;stretch_row&#8221; parallax=&#8221;content-moving&#8221; css=&#8221;.vc_custom_1472424763548{margin-top: -350px !important;margin-bottom: -160px !important;background-image: url(https:\/\/www.pensiuneambient.ro\/wp-content\/uploads\/2016\/06\/masaj3ambient.jpg?id=6352) !important;background-position: center;background-repeat: no-repeat !important;background-size: cover !important;}&#8221; el_class=&#8221;content-padding-mobile-none&#8221;][vc_column width=&#8221;1\/2&#8243; el_class=&#8221;white-box content-padding-xs&#8221;][vc_column_text]<\/p>\n<h1><small><span style=\"color: #7c0021;\">ENTSPANNUNGSMASSAGE<\/span><\/small><\/h1>\n<p>Durch unsere Massage erreichen Sie einen k\u00f6rperlichen und geistigen Zustand der Entspannung sch\u00f6n.<br \/>\nEs gilt f\u00fcr den ganzen K\u00f6rper, mit sanftem Druck und entlastet Spannung, leichte Muskelschmerzen, die eine angenehme Empfindung bieten. Dank der Anwendung mit \u00e4therischen \u00d6len hilft die Massage auch bei der Hydratation der Haut.<br \/>\nDie Massage dauert 50 Minuten und hat einen Kostenaufwand von \u20ac 40 pro Person, wird im G\u00e4stezimmer durchgef\u00fchrt und der Masseur kommt mit einem tragbaren Massagetisch[\/vc_column_text][\/vc_column][\/vc_row][vc_row][vc_column css=&#8221;.vc_custom_1472400413378{margin-top: 170px !important;margin-bottom: 10px !important;}&#8221;][vc_separator color=&#8221;custom&#8221; style=&#8221;shadow&#8221; accent_color=&#8221;#7c0021&#8243;][\/vc_column][\/vc_row][vc_row css=&#8221;.vc_custom_1470397530640{margin-bottom: -200px !important;}&#8221;][vc_column][vc_raw_html]JTNDc2NyaXB0JTIwdHlwZSUzRCUyMnRleHQlMkZqYXZhc2NyaXB0JTIyJTIwc3JjJTNEJTIyaHR0cHMlM0ElMkYlMkZvcGVuLnVwcGVyYm9va2luZy5jb20lMkZhbWJpZW50cGVuc2l1bmUlMkZCb29raW5nLmpzJTNGbG9jYWxlJTNEZGUlMjIlM0UlM0MlMkZzY3JpcHQlM0U=[\/vc_raw_html][\/vc_column][\/vc_row]<\/p>","protected":false},"excerpt":{"rendered":"<p>[vc_row full_width=&#8221;stretch_row&#8221; position=&#8221;right center&#8221; css=&#8221;.vc_custom_1472810284476{margin-bottom: -100px !important;background-image: url(https:\/\/www.pensiuneambient.ro\/wp-content\/uploads\/2016\/06\/masajpensiuneambient1-1.jpg?id=6756) !important;background-position: 0 0 !important;background-repeat: no-repeat !important;}&#8221; el_class=&#8221;background-none-mobile&#8221;][vc_column width=&#8221;1\/2&#8243;][vc_column_text] ERFAHRUNG F\u00dcR DIE SINNE [&hellip;]<\/p>\n","protected":false},"author":1,"featured_media":0,"parent":11,"menu_order":3,"comment_status":"closed","ping_status":"closed","template":"","meta":{"footnotes":""},"yst_prominent_words":[],"class_list":["post-3499","page","type-page","status-publish","hentry"],"yoast_head":"<!-- This site is optimized with the Yoast SEO Premium plugin v14.0.2 - https:\/\/yoast.com\/wordpress\/plugins\/seo\/ -->\n<title>Massage - Ambient Pension - Brasov (Rum\u00e4nien) - Buchen Sie zum besten Preis<\/title>\n<meta name=\"description\" content=\"{:ro}Micul nostru paradis v\u0103 a\u0219teapt\u0103 pentru a v\u0103 bucura de c\u00e2teva ore de odihn\u0103 \u0219i relax \u00een centrul nostru wellness, unde corpul \u0219i mintea sunt \u00een perfect\u0103 armonie.{:}\" \/>\n<meta name=\"robots\" content=\"index, follow\" \/>\n<meta name=\"googlebot\" content=\"index, follow, max-snippet:-1, max-image-preview:large, max-video-preview:-1\" \/>\n<meta name=\"bingbot\" content=\"index, follow, max-snippet:-1, max-image-preview:large, max-video-preview:-1\" \/>\n<link rel=\"canonical\" href=\"https:\/\/www.pensiuneambient.ro\/hotel_services\/wellness\/\" \/>\n<meta property=\"og:locale\" content=\"de_DE\" \/>\n<meta property=\"og:type\" content=\"article\" \/>\n<meta property=\"og:title\" content=\"[:ro]Masaje[:en]Massage[:es]Masajes[:de]Massage[:] - Ambient Pension - Brasov (Rum\u00e4nien) - Buchen Sie zum besten Preis\" \/>\n<meta property=\"og:description\" content=\"{:ro}Micul nostru paradis v\u0103 a\u0219teapt\u0103 pentru a v\u0103 bucura de c\u00e2teva ore de odihn\u0103 \u0219i relax \u00een centrul nostru wellness, unde corpul \u0219i mintea sunt \u00een perfect\u0103 armonie.{:}\" \/>\n<meta property=\"og:url\" content=\"https:\/\/www.pensiuneambient.ro\/hotel_services\/wellness\/\" \/>\n<meta property=\"og:site_name\" content=\"Ambient Pension - Brasov (Rum\u00e4nien) - Buchen Sie zum besten Preis\" \/>\n<meta property=\"article:modified_time\" content=\"2022-05-26T18:53:31+00:00\" \/>\n<meta name=\"twitter:card\" content=\"summary_large_image\" \/>\n<script type=\"application\/ld+json\" class=\"yoast-schema-graph\">{\"@context\":\"https:\/\/schema.org\",\"@graph\":[{\"@type\":\"WebSite\",\"@id\":\"https:\/\/www.pensiuneambient.ro\/de\/#website\",\"url\":\"https:\/\/www.pensiuneambient.ro\/de\/\",\"name\":\"Ambient Pension - Brasov (Rum\\u00e4nien) - Buchen Sie zum besten Preis\",\"description\":\"Offizielle Seite\",\"potentialAction\":[{\"@type\":\"SearchAction\",\"target\":\"https:\/\/www.pensiuneambient.ro\/de\/?s={search_term_string}\",\"query-input\":\"required name=search_term_string\"}],\"inLanguage\":\"de\"},{\"@type\":\"WebPage\",\"@id\":\"https:\/\/www.pensiuneambient.ro\/hotel_services\/wellness\/#webpage\",\"url\":\"https:\/\/www.pensiuneambient.ro\/hotel_services\/wellness\/\",\"name\":\"[:ro]Masaje[:en]Massage[:es]Masajes[:de]Massage[:] - Ambient Pension - Brasov (Rum\\u00e4nien) - Buchen Sie zum besten Preis\",\"isPartOf\":{\"@id\":\"https:\/\/www.pensiuneambient.ro\/de\/#website\"},\"datePublished\":\"2016-06-23T11:56:28+00:00\",\"dateModified\":\"2022-05-26T18:53:31+00:00\",\"description\":\"{:ro}Micul nostru paradis v\\u0103 a\\u0219teapt\\u0103 pentru a v\\u0103 bucura de c\\u00e2teva ore de odihn\\u0103 \\u0219i relax \\u00een centrul nostru wellness, unde corpul \\u0219i mintea sunt \\u00een perfect\\u0103 armonie.{:}\",\"inLanguage\":\"de\",\"potentialAction\":[{\"@type\":\"ReadAction\",\"target\":[\"https:\/\/www.pensiuneambient.ro\/hotel_services\/wellness\/\"]}]}]}<\/script>\n<!-- \/ Yoast SEO Premium plugin. -->","_links":{"self":[{"href":"https:\/\/www.pensiuneambient.ro\/de\/wp-json\/wp\/v2\/pages\/3499","targetHints":{"allow":["GET"]}}],"collection":[{"href":"https:\/\/www.pensiuneambient.ro\/de\/wp-json\/wp\/v2\/pages"}],"about":[{"href":"https:\/\/www.pensiuneambient.ro\/de\/wp-json\/wp\/v2\/types\/page"}],"author":[{"embeddable":true,"href":"https:\/\/www.pensiuneambient.ro\/de\/wp-json\/wp\/v2\/users\/1"}],"replies":[{"embeddable":true,"href":"https:\/\/www.pensiuneambient.ro\/de\/wp-json\/wp\/v2\/comments?post=3499"}],"version-history":[{"count":12,"href":"https:\/\/www.pensiuneambient.ro\/de\/wp-json\/wp\/v2\/pages\/3499\/revisions"}],"predecessor-version":[{"id":8275,"href":"https:\/\/www.pensiuneambient.ro\/de\/wp-json\/wp\/v2\/pages\/3499\/revisions\/8275"}],"up":[{"embeddable":true,"href":"https:\/\/www.pensiuneambient.ro\/de\/wp-json\/wp\/v2\/pages\/11"}],"wp:attachment":[{"href":"https:\/\/www.pensiuneambient.ro\/de\/wp-json\/wp\/v2\/media?parent=3499"}],"wp:term":[{"taxonomy":"yst_prominent_words","embeddable":true,"href":"https:\/\/www.pensiuneambient.ro\/de\/wp-json\/wp\/v2\/yst_prominent_words?post=3499"}],"curies":[{"name":"wp","href":"https:\/\/api.w.org\/{rel}","templated":true}]}}