{"id":31,"date":"2014-09-14T09:21:57","date_gmt":"2014-09-14T09:21:57","guid":{"rendered":"http:\/\/localhost\/final-leisure\/?page_id=31"},"modified":"2017-04-11T22:19:11","modified_gmt":"2017-04-11T19:19:11","slug":"meeting-rooms","status":"publish","type":"page","link":"https:\/\/www.pensiuneambient.ro\/de\/hotel_services\/meeting-rooms\/","title":{"rendered":"Konferenzr\u00e4ume"},"content":{"rendered":"<p>[vc_row disable_element=&#8221;yes&#8221;][vc_column width=&#8221;1\/2&#8243;][vc_column_text]<\/p>\n<h3><span style=\"color: #7c0021;\"><\/span><span style=\"color: #7c0021;\">Ambient &#8230; Ein vertrauter Freund f\u00fcr Ihre wichtigsten Events!<\/span><\/h3>\n<p>F\u00fcr eine ausgezeichnete Organisation von Gesch\u00e4ftstreffen, Konferenzen, Pr\u00e4sentationen und anderen Sonderveranstaltungen bieten wir Ihnen alle ben\u00f6tigten Dienstleistungen und Einrichtungen an und wir beraten Sie, alle f\u00fcr die Veranstaltung festgelegten Ziele zu decken.<\/p>\n<p>Wir stellen Ihnen 2 Konferenzr\u00e4ume mit Modulationskapazit\u00e4t bis zu 28 oder 42 Personen zur Verf\u00fcgung, die sowohl mit Videoprojektor, Multimedia, Flipchart und einem Raum f\u00fcr Kaffeepausen ausgestattet sind.[\/vc_column_text][\/vc_column][vc_column width=&#8221;1\/2&#8243; css=&#8221;.vc_custom_1472428572004{margin-top: -30px !important;}&#8221;][vc_images_carousel images=&#8221;6981&#8243; onclick=&#8221;link_no&#8221; speed=&#8221;8888&#8243; hide_pagination_control=&#8221;yes&#8221; hide_prev_next_buttons=&#8221;yes&#8221;][\/vc_column][\/vc_row][vc_row css=&#8221;.vc_custom_1491389157656{margin-top: -150px !important;margin-bottom: -200px !important;}&#8221;][vc_column css=&#8221;.vc_custom_1472428686171{margin-top: 20px !important;margin-bottom: 10px !important;}&#8221;][vc_separator color=&#8221;custom&#8221; style=&#8221;shadow&#8221; border_width=&#8221;3&#8243; accent_color=&#8221;#7c0021&#8243;][\/vc_column][\/vc_row][vc_row css=&#8221;.vc_custom_1491389113869{margin-bottom: -90px !important;}&#8221;][vc_column css=&#8221;.vc_custom_1472334578536{margin-top: 60px !important;}&#8221;][vc_column_text]<\/p>\n<h2 style=\"text-align: center;\"><span style=\"color: #7c0021;\">Gemeinsam f\u00fcr eine erfolgreiche Veranstaltung!<\/span><small><\/small><\/h2>\n<p>[\/vc_column_text][\/vc_column][\/vc_row][vc_row css=&#8221;.vc_custom_1472242805787{margin-top: -100px !important;}&#8221;][vc_column]<div class='services-carousel ' data-owl-items='2' data-owl-nav='false' data-owl-nav-text='[]' data-owl-loop='false' data-owl-autoplay='false' data-owl-speed='0' data-owl-hover='false' data-owl-mobile='1' data-owl-tablet='2' data-owl-dots='false'><div class='item'><a href=\"\/hotel_services\/meeting-rooms\/hall-1\/\" target=\"_self\" class=\"link-image\" title=\"Konferenzraum 1\"><img loading=\"lazy\" decoding=\"async\" width=\"750\" height=\"469\" src=\"https:\/\/www.pensiuneambient.ro\/wp-content\/uploads\/2014\/09\/conferintepensiuneambient-3-768x480.jpg\" class=\"attachment-large size-large\" alt=\"\" srcset=\"https:\/\/www.pensiuneambient.ro\/wp-content\/uploads\/2014\/09\/conferintepensiuneambient-3-768x480.jpg 768w, https:\/\/www.pensiuneambient.ro\/wp-content\/uploads\/2014\/09\/conferintepensiuneambient-3-768x480-300x188.jpg 300w\" sizes=\"auto, (max-width: 750px) 100vw, 750px\" \/><\/a><div class=\"item-content\"><h4><a href=\"\/hotel_services\/meeting-rooms\/hall-1\/\" target=\"_self\">Konferenzraum 1<\/a><\/h4><p>Kapazit\u00e4t f\u00fcr 42 Personen<\/p><\/div><\/div><div class='item'><a href=\"\/hotel_services\/meeting-rooms\/hall-2\/\" target=\"_self\" class=\"link-image\" title=\"Konferenzraum 2\"><img loading=\"lazy\" decoding=\"async\" width=\"750\" height=\"469\" src=\"https:\/\/www.pensiuneambient.ro\/wp-content\/uploads\/2014\/09\/conferinteambientpensiune-1-768x480.jpg\" class=\"attachment-large size-large\" alt=\"\" srcset=\"https:\/\/www.pensiuneambient.ro\/wp-content\/uploads\/2014\/09\/conferinteambientpensiune-1-768x480.jpg 768w, https:\/\/www.pensiuneambient.ro\/wp-content\/uploads\/2014\/09\/conferinteambientpensiune-1-768x480-300x188.jpg 300w\" sizes=\"auto, (max-width: 750px) 100vw, 750px\" \/><\/a><div class=\"item-content\"><h4><a href=\"\/hotel_services\/meeting-rooms\/hall-2\/\" target=\"_self\">Konferenzraum 2<\/a><\/h4><p>Kapazit\u00e4t f\u00fcr 28 Personen<\/p><\/div><\/div><\/div>[\/vc_column][\/vc_row][vc_row css=&#8221;.vc_custom_1472297937195{margin-top: -90px !important;margin-bottom: -300px !important;}&#8221;][vc_column][vc_separator color=&#8221;custom&#8221; style=&#8221;shadow&#8221; border_width=&#8221;3&#8243; accent_color=&#8221;#7c0021&#8243;][\/vc_column][\/vc_row][vc_row][vc_column][vc_raw_html]JTNDc2NyaXB0JTIwdHlwZSUzRCUyMnRleHQlMkZqYXZhc2NyaXB0JTIyJTIwc3JjJTNEJTIyaHR0cHMlM0ElMkYlMkZvcGVuLnVwcGVyYm9va2luZy5jb20lMkZhbWJpZW50cGVuc2l1bmUlMkZCb29raW5nLmpzJTNGbG9jYWxlJTNEZW4lMjIlM0UlM0MlMkZzY3JpcHQlM0U=[\/vc_raw_html][\/vc_column][\/vc_row]<\/p>","protected":false},"excerpt":{"rendered":"<p>[vc_row disable_element=&#8221;yes&#8221;][vc_column width=&#8221;1\/2&#8243;][vc_column_text] Ambient &#8230; Ein vertrauter Freund f\u00fcr Ihre wichtigsten Events! F\u00fcr eine ausgezeichnete Organisation von Gesch\u00e4ftstreffen, Konferenzen, Pr\u00e4sentationen [&hellip;]<\/p>\n","protected":false},"author":1,"featured_media":0,"parent":11,"menu_order":1,"comment_status":"closed","ping_status":"closed","template":"","meta":{"footnotes":""},"yst_prominent_words":[],"class_list":["post-31","page","type-page","status-publish","hentry"],"yoast_head":"<!-- This site is optimized with the Yoast SEO Premium plugin v14.0.2 - https:\/\/yoast.com\/wordpress\/plugins\/seo\/ -->\n<title>Konferenzr\u00e4ume - Ambient Pension - Brasov (Rum\u00e4nien) - Buchen Sie zum besten Preis<\/title>\n<meta name=\"robots\" content=\"index, follow\" \/>\n<meta name=\"googlebot\" content=\"index, follow, max-snippet:-1, max-image-preview:large, max-video-preview:-1\" \/>\n<meta name=\"bingbot\" content=\"index, follow, max-snippet:-1, max-image-preview:large, max-video-preview:-1\" \/>\n<link rel=\"canonical\" href=\"https:\/\/www.pensiuneambient.ro\/es\/hotel_services\/meeting-rooms\/\" \/>\n<meta property=\"og:locale\" content=\"de_DE\" \/>\n<meta property=\"og:type\" content=\"article\" \/>\n<meta property=\"og:title\" content=\"[:ro]S\u0103li de Conferin\u021be[:en]Conference Rooms[:es]Salas de Conferencias[:de]Konferenzr\u00e4ume[:] - Ambient Pension - Brasov (Rum\u00e4nien) - Buchen Sie zum besten Preis\" \/>\n<meta property=\"og:description\" content=\"[vc_row disable_element=&#8221;yes&#8221;][vc_column width=&#8221;1\/2&#8243;][vc_column_text] Ambient &#8230; Ein vertrauter Freund f\u00fcr Ihre wichtigsten Events! F\u00fcr eine ausgezeichnete Organisation von Gesch\u00e4ftstreffen, Konferenzen, Pr\u00e4sentationen [&hellip;]\" \/>\n<meta property=\"og:url\" content=\"https:\/\/www.pensiuneambient.ro\/es\/hotel_services\/meeting-rooms\/\" \/>\n<meta property=\"og:site_name\" content=\"Ambient Pension - Brasov (Rum\u00e4nien) - Buchen Sie zum besten Preis\" \/>\n<meta property=\"article:modified_time\" content=\"2017-04-11T19:19:11+00:00\" \/>\n<meta name=\"twitter:card\" content=\"summary_large_image\" \/>\n<script type=\"application\/ld+json\" class=\"yoast-schema-graph\">{\"@context\":\"https:\/\/schema.org\",\"@graph\":[{\"@type\":\"WebSite\",\"@id\":\"https:\/\/www.pensiuneambient.ro\/de\/#website\",\"url\":\"https:\/\/www.pensiuneambient.ro\/de\/\",\"name\":\"Ambient Pension - Brasov (Rum\\u00e4nien) - Buchen Sie zum besten Preis\",\"description\":\"Offizielle Seite\",\"potentialAction\":[{\"@type\":\"SearchAction\",\"target\":\"https:\/\/www.pensiuneambient.ro\/de\/?s={search_term_string}\",\"query-input\":\"required name=search_term_string\"}],\"inLanguage\":\"de\"},{\"@type\":\"WebPage\",\"@id\":\"https:\/\/www.pensiuneambient.ro\/es\/hotel_services\/meeting-rooms\/#webpage\",\"url\":\"https:\/\/www.pensiuneambient.ro\/es\/hotel_services\/meeting-rooms\/\",\"name\":\"[:ro]S\\u0103li de Conferin\\u021be[:en]Conference Rooms[:es]Salas de Conferencias[:de]Konferenzr\\u00e4ume[:] - Ambient Pension - Brasov (Rum\\u00e4nien) - Buchen Sie zum besten Preis\",\"isPartOf\":{\"@id\":\"https:\/\/www.pensiuneambient.ro\/de\/#website\"},\"datePublished\":\"2014-09-14T09:21:57+00:00\",\"dateModified\":\"2017-04-11T19:19:11+00:00\",\"inLanguage\":\"de\",\"potentialAction\":[{\"@type\":\"ReadAction\",\"target\":[\"https:\/\/www.pensiuneambient.ro\/es\/hotel_services\/meeting-rooms\/\"]}]}]}<\/script>\n<!-- \/ Yoast SEO Premium plugin. -->","_links":{"self":[{"href":"https:\/\/www.pensiuneambient.ro\/de\/wp-json\/wp\/v2\/pages\/31","targetHints":{"allow":["GET"]}}],"collection":[{"href":"https:\/\/www.pensiuneambient.ro\/de\/wp-json\/wp\/v2\/pages"}],"about":[{"href":"https:\/\/www.pensiuneambient.ro\/de\/wp-json\/wp\/v2\/types\/page"}],"author":[{"embeddable":true,"href":"https:\/\/www.pensiuneambient.ro\/de\/wp-json\/wp\/v2\/users\/1"}],"replies":[{"embeddable":true,"href":"https:\/\/www.pensiuneambient.ro\/de\/wp-json\/wp\/v2\/comments?post=31"}],"version-history":[{"count":16,"href":"https:\/\/www.pensiuneambient.ro\/de\/wp-json\/wp\/v2\/pages\/31\/revisions"}],"predecessor-version":[{"id":7602,"href":"https:\/\/www.pensiuneambient.ro\/de\/wp-json\/wp\/v2\/pages\/31\/revisions\/7602"}],"up":[{"embeddable":true,"href":"https:\/\/www.pensiuneambient.ro\/de\/wp-json\/wp\/v2\/pages\/11"}],"wp:attachment":[{"href":"https:\/\/www.pensiuneambient.ro\/de\/wp-json\/wp\/v2\/media?parent=31"}],"wp:term":[{"taxonomy":"yst_prominent_words","embeddable":true,"href":"https:\/\/www.pensiuneambient.ro\/de\/wp-json\/wp\/v2\/yst_prominent_words?post=31"}],"curies":[{"name":"wp","href":"https:\/\/api.w.org\/{rel}","templated":true}]}}