{"id":29,"date":"2014-09-14T09:21:44","date_gmt":"2014-09-14T09:21:44","guid":{"rendered":"http:\/\/localhost\/final-leisure\/?page_id=29"},"modified":"2017-04-11T00:56:31","modified_gmt":"2017-04-10T21:56:31","slug":"bar","status":"publish","type":"page","link":"https:\/\/www.pensiuneambient.ro\/de\/hotel_services\/bar\/","title":{"rendered":"Bar"},"content":{"rendered":"<p>[vc_row][vc_column width=&#8221;1\/3&#8243;][vc_column_text]<\/p>\n<h2><small><br \/>\n<\/small><span style=\"color: #7c0021;\">Spa\u00df und \u00dcberraschung f\u00fcr die Sinne<\/span><\/h2>\n<p>Wir freuen uns, unsere Bar vorzustellen, wo Sie die M\u00f6glichkeit haben, sich zu entspannen und sich in einer angenehmen Atmosph\u00e4re zu verw\u00f6hnen.<\/p>\n<p>Die Bar befindet sich im Erdgeschoss und bietet eine gro\u00dfe Auswahl an alkoholischen und alkoholfreien Cocktails, edle Weine, verschiedene Kaffeesorten.[\/vc_column_text][\/vc_column][vc_column width=&#8221;1\/3&#8243; css=&#8221;.vc_custom_1472470293580{margin-left: 20px !important;}&#8221;][vc_single_image image=&#8221;7000&#8243; img_size=&#8221;large&#8221; alignment=&#8221;center&#8221; css=&#8221;.vc_custom_1473782552780{margin-left: 40px !important;}&#8221;][\/vc_column][vc_column width=&#8221;1\/3&#8243;][vc_column_text css=&#8221;.vc_custom_1473433918543{margin-top: 280px !important;}&#8221;]<\/p>\n<h2 style=\"text-align: right;\"><small><br \/>\n<\/small><span style=\"color: #7c0021;\">Ein besonderer Ort\u2026<\/span><\/h2>\n<p style=\"text-align: right;\">\u00a0 \u00a0 \u00a0 \u00a0 \u00a0 \u00a0 \u00a0 \u00a0 \u00a0 \u00a0Auf dem gleichen raffinierten klassischen Stil erbaut, bietet die Bar die M\u00f6glichkeit, die Geheimnisse eines Getr\u00e4nks zu entdecken, der die Sinne in einer privaten Atmosph\u00e4re feiert.<\/p>\n<p>[\/vc_column_text][\/vc_column][\/vc_row][vc_row css=&#8221;.vc_custom_1472412534268{margin-top: -120px !important;margin-bottom: -110px !important;}&#8221;][vc_column css=&#8221;.vc_custom_1472411947038{margin-top: 120px !important;margin-bottom: -120px !important;}&#8221;][vc_separator color=&#8221;custom&#8221; style=&#8221;shadow&#8221; accent_color=&#8221;#7c0021&#8243; css=&#8221;.vc_custom_1472409763378{margin-top: -120px !important;}&#8221;][\/vc_column][\/vc_row][vc_row full_width=&#8221;stretch_row&#8221; full_height=&#8221;yes&#8221; parallax=&#8221;content-moving&#8221; parallax_layers=&#8221;yes&#8221; style_images=&#8221;yes&#8221; css=&#8221;.vc_custom_1472475843827{margin-top: 120px !important;margin-bottom: 28px !important;background-image: url(https:\/\/www.pensiuneambient.ro\/wp-content\/uploads\/2014\/09\/amigos1pensiuneambient.jpg?id=6332) !important;background-position: center;background-repeat: no-repeat !important;background-size: cover !important;}&#8221; parallax_offset=&#8221;150&#8243; layer_1=&#8221;6339&#8243; layer_2=&#8221;6337&#8243; layer_1_ratio=&#8221;1.25123&#8243; layer_2_ratio=&#8221;0.94456456&#8243; layer_1_vertical=&#8221;top: 18%&#8221; layer_1_horizontal=&#8221;left: 7%&#8221; layer_2_vertical=&#8221;top: 45%&#8221; layer_2_horizontal=&#8221;left: 20%&#8221; layer_1_z=&#8221;1&#8243; layer_2_z=&#8221;0&#8243; min_height=&#8221;800&#8243;][vc_column width=&#8221;1\/2&#8243; offset=&#8221;vc_col-sm-offset-6&#8243; css=&#8221;.vc_custom_1472473391300{border-top-width: 30px !important;border-bottom-width: 30px !important;padding-top: 30px !important;padding-right: 30px !important;padding-bottom: 30px !important;padding-left: 30px !important;background-color: rgba(255,255,255,0) !important;*background-color: rgb(255,255,255) !important;}&#8221;][\/vc_column][\/vc_row][vc_row css=&#8221;.vc_custom_1472163486395{margin-top: -240px !important;}&#8221;][vc_column css=&#8221;.vc_custom_1472412213333{margin-top: 130px !important;margin-bottom: 10px !important;}&#8221;][vc_separator color=&#8221;custom&#8221; style=&#8221;shadow&#8221; border_width=&#8221;2&#8243; accent_color=&#8221;#7c0021&#8243; css=&#8221;.vc_custom_1471820125045{margin-top: 80px !important;}&#8221;][\/vc_column][\/vc_row][vc_row css=&#8221;.vc_custom_1470397530640{margin-bottom: -200px !important;}&#8221;][vc_column][vc_raw_html]JTNDc2NyaXB0JTIwdHlwZSUzRCUyMnRleHQlMkZqYXZhc2NyaXB0JTIyJTIwc3JjJTNEJTIyaHR0cHMlM0ElMkYlMkZvcGVuLnVwcGVyYm9va2luZy5jb20lMkZhbWJpZW50cGVuc2l1bmUlMkZCb29raW5nLmpzJTNGbG9jYWxlJTNEZGUlMjIlM0UlM0MlMkZzY3JpcHQlM0U=[\/vc_raw_html][\/vc_column][\/vc_row]<\/p>","protected":false},"excerpt":{"rendered":"<p>[vc_row][vc_column width=&#8221;1\/3&#8243;][vc_column_text] Spa\u00df und \u00dcberraschung f\u00fcr die Sinne Wir freuen uns, unsere Bar vorzustellen, wo Sie die M\u00f6glichkeit haben, sich [&hellip;]<\/p>\n","protected":false},"author":1,"featured_media":0,"parent":11,"menu_order":5,"comment_status":"closed","ping_status":"closed","template":"","meta":{"footnotes":""},"yst_prominent_words":[],"class_list":["post-29","page","type-page","status-publish","hentry"],"yoast_head":"<!-- This site is optimized with the Yoast SEO Premium plugin v14.0.2 - https:\/\/yoast.com\/wordpress\/plugins\/seo\/ -->\n<title>Bar - Ambient Pension - Brasov (Rum\u00e4nien) - Buchen Sie zum besten Preis<\/title>\n<meta name=\"description\" content=\"Noi oferim servicii complete care includ o punere \u00een scen\u0103, pe deplin adaptat\u0103 nevoilor dumneavoastr\u0103, un serviciu de osp\u0103tari cu \u00eenalt\u0103 calificare \u0219i o linie de meniuri pe m\u0103sura ocaziei.\" \/>\n<meta name=\"robots\" content=\"index, follow\" \/>\n<meta name=\"googlebot\" content=\"index, follow, max-snippet:-1, max-image-preview:large, max-video-preview:-1\" \/>\n<meta name=\"bingbot\" content=\"index, follow, max-snippet:-1, max-image-preview:large, max-video-preview:-1\" \/>\n<link rel=\"canonical\" href=\"https:\/\/www.pensiuneambient.ro\/ro\/hotel_services\/bar\/\" \/>\n<meta property=\"og:locale\" content=\"de_DE\" \/>\n<meta property=\"og:type\" content=\"article\" \/>\n<meta property=\"og:title\" content=\"Bar - Ambient Pension - Brasov (Rum\u00e4nien) - Buchen Sie zum besten Preis\" \/>\n<meta property=\"og:description\" content=\"Noi oferim servicii complete care includ o punere \u00een scen\u0103, pe deplin adaptat\u0103 nevoilor dumneavoastr\u0103, un serviciu de osp\u0103tari cu \u00eenalt\u0103 calificare \u0219i o linie de meniuri pe m\u0103sura ocaziei.\" \/>\n<meta property=\"og:url\" content=\"https:\/\/www.pensiuneambient.ro\/ro\/hotel_services\/bar\/\" \/>\n<meta property=\"og:site_name\" content=\"Ambient Pension - Brasov (Rum\u00e4nien) - Buchen Sie zum besten Preis\" \/>\n<meta property=\"article:modified_time\" content=\"2017-04-10T21:56:31+00:00\" \/>\n<meta name=\"twitter:card\" content=\"summary_large_image\" \/>\n<script type=\"application\/ld+json\" class=\"yoast-schema-graph\">{\"@context\":\"https:\/\/schema.org\",\"@graph\":[{\"@type\":\"WebSite\",\"@id\":\"https:\/\/www.pensiuneambient.ro\/de\/#website\",\"url\":\"https:\/\/www.pensiuneambient.ro\/de\/\",\"name\":\"Ambient Pension - Brasov (Rum\\u00e4nien) - Buchen Sie zum besten Preis\",\"description\":\"Offizielle Seite\",\"potentialAction\":[{\"@type\":\"SearchAction\",\"target\":\"https:\/\/www.pensiuneambient.ro\/de\/?s={search_term_string}\",\"query-input\":\"required name=search_term_string\"}],\"inLanguage\":\"de\"},{\"@type\":\"WebPage\",\"@id\":\"https:\/\/www.pensiuneambient.ro\/ro\/hotel_services\/bar\/#webpage\",\"url\":\"https:\/\/www.pensiuneambient.ro\/ro\/hotel_services\/bar\/\",\"name\":\"Bar - Ambient Pension - Brasov (Rum\\u00e4nien) - Buchen Sie zum besten Preis\",\"isPartOf\":{\"@id\":\"https:\/\/www.pensiuneambient.ro\/de\/#website\"},\"datePublished\":\"2014-09-14T09:21:44+00:00\",\"dateModified\":\"2017-04-10T21:56:31+00:00\",\"description\":\"Noi oferim servicii complete care includ o punere \\u00een scen\\u0103, pe deplin adaptat\\u0103 nevoilor dumneavoastr\\u0103, un serviciu de osp\\u0103tari cu \\u00eenalt\\u0103 calificare \\u0219i o linie de meniuri pe m\\u0103sura ocaziei.\",\"inLanguage\":\"de\",\"potentialAction\":[{\"@type\":\"ReadAction\",\"target\":[\"https:\/\/www.pensiuneambient.ro\/ro\/hotel_services\/bar\/\"]}]}]}<\/script>\n<!-- \/ Yoast SEO Premium plugin. -->","_links":{"self":[{"href":"https:\/\/www.pensiuneambient.ro\/de\/wp-json\/wp\/v2\/pages\/29","targetHints":{"allow":["GET"]}}],"collection":[{"href":"https:\/\/www.pensiuneambient.ro\/de\/wp-json\/wp\/v2\/pages"}],"about":[{"href":"https:\/\/www.pensiuneambient.ro\/de\/wp-json\/wp\/v2\/types\/page"}],"author":[{"embeddable":true,"href":"https:\/\/www.pensiuneambient.ro\/de\/wp-json\/wp\/v2\/users\/1"}],"replies":[{"embeddable":true,"href":"https:\/\/www.pensiuneambient.ro\/de\/wp-json\/wp\/v2\/comments?post=29"}],"version-history":[{"count":5,"href":"https:\/\/www.pensiuneambient.ro\/de\/wp-json\/wp\/v2\/pages\/29\/revisions"}],"predecessor-version":[{"id":7592,"href":"https:\/\/www.pensiuneambient.ro\/de\/wp-json\/wp\/v2\/pages\/29\/revisions\/7592"}],"up":[{"embeddable":true,"href":"https:\/\/www.pensiuneambient.ro\/de\/wp-json\/wp\/v2\/pages\/11"}],"wp:attachment":[{"href":"https:\/\/www.pensiuneambient.ro\/de\/wp-json\/wp\/v2\/media?parent=29"}],"wp:term":[{"taxonomy":"yst_prominent_words","embeddable":true,"href":"https:\/\/www.pensiuneambient.ro\/de\/wp-json\/wp\/v2\/yst_prominent_words?post=29"}],"curies":[{"name":"wp","href":"https:\/\/api.w.org\/{rel}","templated":true}]}}