{"id":20,"date":"2014-09-14T09:20:26","date_gmt":"2014-09-14T09:20:26","guid":{"rendered":"http:\/\/localhost\/final-leisure\/?page_id=19"},"modified":"2025-04-03T23:43:51","modified_gmt":"2025-04-03T20:43:51","slug":"contact","status":"publish","type":"page","link":"https:\/\/www.pensiuneambient.ro\/de\/contact\/","title":{"rendered":"Kontakt"},"content":{"rendered":"<p>[vc_row][vc_column width=&#8221;7\/12&#8243;][vc_column_text]<strong>Wenn Sie eine Buchung vornehmen m\u00f6chten, tun Sie es auf unserer Website und direkt werden Sie den besten Preis und Bedingungen erhalten<\/strong>[\/vc_column_text]\t<div id=\"ninja_forms_form_29_cont\" class=\"ninja-forms-cont\">\n\t\t<div id=\"ninja_forms_form_29_wrap\" class=\"ninja-forms-form-wrap\">\n\t<div id=\"ninja_forms_form_29_response_msg\" style=\"\" class=\"ninja-forms-response-msg \"><\/div>\t<form id=\"ninja_forms_form_29\" enctype=\"multipart\/form-data\" method=\"post\" name=\"\" action=\"\" class=\"ninja-forms-form\">\n\n\t<input type=\"hidden\" id=\"_wpnonce\" name=\"_wpnonce\" value=\"acc054ab6e\" \/><input type=\"hidden\" name=\"_wp_http_referer\" value=\"\/de\/wp-json\/wp\/v2\/pages\/20\" \/>\t<input type=\"hidden\" name=\"_ninja_forms_display_submit\" value=\"1\">\n\t<input type=\"hidden\" name=\"_form_id\"  id=\"_form_id\" value=\"29\">\n\t\t<div class=\"hp-wrap\">\n\t\t<label>If you are a human and are seeing this field, please leave it blank.\t\t\t<input type=\"text\" value=\"\" name=\"_B62qo\">\n\t\t\t<input type=\"hidden\" value=\"_B62qo\" name=\"_hp_name\">\n\t\t<\/label>\n\t<\/div>\n\t\t<div id=\"ninja_forms_form_29_all_fields_wrap\" class=\"ninja-forms-all-fields-wrap\">\n\t\t\t<div class=\"ninja-forms-required-items\">Die mit <span class=\"ninja-forms-req-symbol\">*<\/span> gekennzeichneten Felder sind obligatorisch<\/div>\n\t\t\t\t\t\t\t\t<div class=\"field-wrap text-wrap label-above\"  id=\"ninja_forms_field_26_div_wrap\" data-visible=\"1\">\n\t\t\t\t\t\t\t<input type=\"hidden\" id=\"ninja_forms_field_26_type\" value=\"text\">\n\t\t<label for=\"ninja_forms_field_26\" id=\"ninja_forms_field_26_label\" class=\"\">Name <span class='ninja-forms-req-symbol'><strong>*<\/strong><\/span>\t\t\t\t<\/label>\n\t\t\t<input id=\"ninja_forms_field_26\" data-mask=\"\" data-input-limit=\"\" data-input-limit-type=\"char\" data-input-limit-msg=\"\" name=\"ninja_forms_field_26\" type=\"text\" placeholder=\"\" class=\"ninja-forms-field  ninja-forms-req \" value=\"\" rel=\"26\"   \/>\n\t\t<div id=\"ninja_forms_field_26_error\" style=\"display:none;\" class=\"ninja-forms-field-error\">\n\t\t<\/div>\n\t\t\t\t\t\t\t<\/div>\n\t\t\t\t\t\t\t\t\t\t\t\t<div class=\"field-wrap text-wrap label-above\"  id=\"ninja_forms_field_27_div_wrap\" data-visible=\"1\">\n\t\t\t\t\t\t\t<input type=\"hidden\" id=\"ninja_forms_field_27_type\" value=\"text\">\n\t\t<label for=\"ninja_forms_field_27\" id=\"ninja_forms_field_27_label\" class=\"\">Email <span class='ninja-forms-req-symbol'><strong>*<\/strong><\/span>\t\t\t\t<\/label>\n\t\t\t<input id=\"ninja_forms_field_27\" data-mask=\"\" data-input-limit=\"\" data-input-limit-type=\"char\" data-input-limit-msg=\"\" name=\"ninja_forms_field_27\" type=\"text\" placeholder=\"\" class=\"ninja-forms-field  ninja-forms-req email \" value=\"\" rel=\"27\"   \/>\n\t\t<div id=\"ninja_forms_field_27_error\" style=\"display:none;\" class=\"ninja-forms-field-error\">\n\t\t<\/div>\n\t\t\t\t\t\t\t<\/div>\n\t\t\t\t\t\t\t\t\t\t\t\t<div class=\"field-wrap text-wrap label-above\"  id=\"ninja_forms_field_28_div_wrap\" data-visible=\"1\">\n\t\t\t\t\t\t\t<input type=\"hidden\" id=\"ninja_forms_field_28_type\" value=\"text\">\n\t\t<label for=\"ninja_forms_field_28\" id=\"ninja_forms_field_28_label\" class=\"\">Telefon \t\t\t\t<\/label>\n\t\t\t<input id=\"ninja_forms_field_28\" data-mask=\"\" data-input-limit=\"\" data-input-limit-type=\"char\" data-input-limit-msg=\"\" name=\"ninja_forms_field_28\" type=\"text\" placeholder=\"\" class=\"ninja-forms-field  \" value=\"\" rel=\"28\"   \/>\n\t\t<div id=\"ninja_forms_field_28_error\" style=\"display:none;\" class=\"ninja-forms-field-error\">\n\t\t<\/div>\n\t\t\t\t\t\t\t<\/div>\n\t\t\t\t\t\t\t\t\t\t\t\t<div class=\"field-wrap textarea-wrap label-above\"  id=\"ninja_forms_field_29_div_wrap\" data-visible=\"1\">\n\t\t\t\t\t\t\t<input type=\"hidden\" id=\"ninja_forms_field_29_type\" value=\"textarea\">\n\t\t<label for=\"ninja_forms_field_29\" id=\"ninja_forms_field_29_label\" class=\"\">Nachricht <span class='ninja-forms-req-symbol'><strong>*<\/strong><\/span>\t\t\t\t<\/label>\n\t\t\t\t<textarea name=\"ninja_forms_field_29\" id=\"ninja_forms_field_29\" class=\"ninja-forms-field  ninja-forms-req\" rel=\"29\" data-input-limit=\"\" data-input-limit-type=\"char\" data-input-limit-msg=\"\"><\/textarea>\n\t\t\t<div id=\"ninja_forms_field_29_error\" style=\"display:none;\" class=\"ninja-forms-field-error\">\n\t\t<\/div>\n\t\t\t\t\t\t\t<\/div>\n\t\t\t\t\t\t\t\t\t\t\t\t<div class=\"field-wrap g_recaptcha-wrap label-above\"  id=\"ninja_forms_field_30_div_wrap\" data-visible=\"1\">\n\t\t\t\t\t\t\t<input type=\"hidden\" id=\"ninja_forms_field_30_type\" value=\"g_recaptcha\">\n\t\t<label for=\"ninja_forms_field_30\" id=\"ninja_forms_field_30_label\" class=\"\"> <span class='ninja-forms-req-symbol'><strong>*<\/strong><\/span>\t\t\t\t<\/label>\n\t\t\n\t<input id=\"ninja_forms_field_30\" name=\"ninja_forms_field_30\" type=\"hidden\" class=\"\" value=\"\" rel=\"30\" \/>\n\t\t<div class=\"g-recaptcha\" data-callback=\"recaptcha_set_value_1405117322\" data-sitekey=\"6Lc9WAoUAAAAAFJClyl3P3nJXyYmb2adN5i1MF74\"><\/div>\n            <script type=\"text\/javascript\" src=\"https:\/\/www.google.com\/recaptcha\/api.js?hl=en\">\n            <\/script>\n            <script type=\"text\/javascript\">\n            function recaptcha_set_value_1405117322(inpval){\n            \tjQuery(\"#ninja_forms_field_30\").val(inpval)\n\n            }\n            <\/script>\n\n\t\t\t<div id=\"ninja_forms_field_30_error\" style=\"display:none;\" class=\"ninja-forms-field-error\">\n\t\t<\/div>\n\t\t\t\t\t\t\t<\/div>\n\t\t\t\t\t\t\t\t\t\t\t\t<div class=\"field-wrap checkbox-wrap label-right\"  id=\"ninja_forms_field_40_div_wrap\" data-visible=\"1\">\n\t\t\t\t\t\t\t<input type=\"hidden\" id=\"ninja_forms_field_40_type\" value=\"checkbox\">\n<input id=\"\" name=\"ninja_forms_field_40\" type=\"hidden\" value=\"unchecked\" \/><input id=\"ninja_forms_field_40\" name=\"ninja_forms_field_40\" type=\"checkbox\" class=\"ninja-forms-field  ninja-forms-req\" value=\"checked\"  rel=\"40\"\/>\t\t<label for=\"ninja_forms_field_40\" id=\"ninja_forms_field_40_label\" class=\"\">Ich habe die <a href=\"\/de\/contact\/terms\/\">Datenschutzerkl\u00e4rung<\/a> gelesen und akzeptiere sie <span class='ninja-forms-req-symbol'><strong>*<\/strong><\/span>\t\t\t\t<\/label>\n\t\t\t<div id=\"ninja_forms_field_40_error\" style=\"display:none;\" class=\"ninja-forms-field-error\">\n\t\t<\/div>\n\t\t\t\t\t\t\t<\/div>\n\t\t\t\t\t\t\t\t\t\t\t\t<div class=\"field-wrap checkbox-wrap label-right\"  id=\"ninja_forms_field_41_div_wrap\" data-visible=\"1\">\n\t\t\t\t\t\t\t<input type=\"hidden\" id=\"ninja_forms_field_41_type\" value=\"checkbox\">\n<input id=\"\" name=\"ninja_forms_field_41\" type=\"hidden\" value=\"unchecked\" \/><input id=\"ninja_forms_field_41\" name=\"ninja_forms_field_41\" type=\"checkbox\" class=\"ninja-forms-field \" value=\"checked\"  rel=\"41\"\/>\t\t<label for=\"ninja_forms_field_41\" id=\"ninja_forms_field_41_label\" class=\"\">Ich erlaube die Einreichung elektronischer Informationsmitteilungen \u00fcber Aktivit\u00e4ten, Produkte oder Dienstleistungen per e-Mail oder andere gleichwertige elektronische Mittel \t\t\t\t<\/label>\n\t\t\t<div id=\"ninja_forms_field_41_error\" style=\"display:none;\" class=\"ninja-forms-field-error\">\n\t\t<\/div>\n\t\t\t\t\t\t\t<\/div>\n\t\t\t\t\t\t\t\t\t\t\t\t<div class=\"field-wrap submit-wrap label-above\"  id=\"ninja_forms_field_31_div_wrap\" data-visible=\"1\">\n\t\t\t\t\t\t\t<input type=\"hidden\" id=\"ninja_forms_field_31_type\" value=\"submit\">\n\t<div id=\"nf_submit_29\">\n\t\t<input type=\"submit\" name=\"_ninja_forms_field_31\" class=\"ninja-forms-field \" id=\"ninja_forms_field_31\" value=\"Senden\" rel=\"31\" >\n\t<\/div>\n\t<div id=\"nf_processing_29\" style=\"display:none;\">\n\t\t<input type=\"submit\" name=\"_ninja_forms_field_31\" class=\"ninja-forms-field \" id=\"ninja_forms_field_31\" value=\"Wird bearbeitet\" rel=\"31\" disabled>\n\t<\/div>\n\t\t<div id=\"ninja_forms_field_31_error\" style=\"display:none;\" class=\"ninja-forms-field-error\">\n\t\t<\/div>\n\t\t\t\t\t\t\t<\/div>\n\t\t\t\t\t\t\t<\/div>\n\t\t<\/form>\n\t\t<\/div>\n\t\t<\/div>\n\t[\/vc_column][vc_column width=&#8221;1\/3&#8243; offset=&#8221;vc_col-sm-offset-1&#8243;][vc_column_text]<\/p>\n<h3>Kontaktiere uns<\/h3>\n<p>Unser Team steht Ihnen f\u00fcr Fragen rund um Ihre Buchung, Veranstaltungen, Transfers, Tagungsr\u00e4ume oder andere Themen zur Verf\u00fcgung. Wir helfen Ihnen gerne weiter.<\/p>\n<h3>Abonnieren Sie unseren Newsletter<\/h3>\n\t<div id=\"ninja_forms_form_33_cont\" class=\"ninja-forms-cont\">\n\t\t<div id=\"ninja_forms_form_33_wrap\" class=\"ninja-forms-form-wrap\">\n\t<div id=\"ninja_forms_form_33_response_msg\" style=\"\" class=\"ninja-forms-response-msg \"><\/div>\t<form id=\"ninja_forms_form_33\" enctype=\"multipart\/form-data\" method=\"post\" name=\"\" action=\"\" class=\"ninja-forms-form\">\n\n\t<input type=\"hidden\" id=\"_wpnonce\" name=\"_wpnonce\" value=\"aae36e825b\" \/><input type=\"hidden\" name=\"_wp_http_referer\" value=\"\/de\/wp-json\/wp\/v2\/pages\/20\" \/>\t<input type=\"hidden\" name=\"_ninja_forms_display_submit\" value=\"1\">\n\t<input type=\"hidden\" name=\"_form_id\"  id=\"_form_id\" value=\"33\">\n\t\t<div class=\"hp-wrap\">\n\t\t<label>If you are a human and are seeing this field, please leave it blank.\t\t\t<input type=\"text\" value=\"\" name=\"_ZcydG\">\n\t\t\t<input type=\"hidden\" value=\"_ZcydG\" name=\"_hp_name\">\n\t\t<\/label>\n\t<\/div>\n\t\t<div id=\"ninja_forms_form_33_all_fields_wrap\" class=\"ninja-forms-all-fields-wrap\">\n\t\t\t<div class=\"ninja-forms-required-items\">Die mit <span class=\"ninja-forms-req-symbol\">*<\/span> gekennzeichneten Felder sind obligatorisch<\/div>\n\t\t\t\t\t\t\t\t<div class=\"field-wrap text-wrap label-above\"  id=\"ninja_forms_field_32_div_wrap\" data-visible=\"1\">\n\t\t\t\t\t\t\t<input type=\"hidden\" id=\"ninja_forms_field_32_type\" value=\"text\">\n\t\t<label for=\"ninja_forms_field_32\" id=\"ninja_forms_field_32_label\" class=\"\">Email <span class='ninja-forms-req-symbol'><strong>*<\/strong><\/span>\t\t\t\t<\/label>\n\t\t\t<input id=\"ninja_forms_field_32\" data-mask=\"\" data-input-limit=\"\" data-input-limit-type=\"char\" data-input-limit-msg=\"\" name=\"ninja_forms_field_32\" type=\"text\" placeholder=\"\" class=\"ninja-forms-field  ninja-forms-req email \" value=\"\" rel=\"32\"   \/>\n\t\t<div id=\"ninja_forms_field_32_error\" style=\"display:none;\" class=\"ninja-forms-field-error\">\n\t\t<\/div>\n\t\t\t\t\t\t\t<\/div>\n\t\t\t\t\t\t\t\t\t\t\t\t<div class=\"field-wrap checkbox-wrap label-right\"  id=\"ninja_forms_field_48_div_wrap\" data-visible=\"1\">\n\t\t\t\t\t\t\t<input type=\"hidden\" id=\"ninja_forms_field_48_type\" value=\"checkbox\">\n<input id=\"\" name=\"ninja_forms_field_48\" type=\"hidden\" value=\"unchecked\" \/><input id=\"ninja_forms_field_48\" name=\"ninja_forms_field_48\" type=\"checkbox\" class=\"ninja-forms-field  ninja-forms-req\" value=\"checked\"  rel=\"48\"\/>\t\t<label for=\"ninja_forms_field_48\" id=\"ninja_forms_field_48_label\" class=\"\">Ich habe die <a href=\"\/de\/contact\/terms\/\">Datenschutzerkl\u00e4rung<\/a> gelesen und akzeptiere sie <span class='ninja-forms-req-symbol'><strong>*<\/strong><\/span>\t\t\t\t<\/label>\n\t\t\t<div id=\"ninja_forms_field_48_error\" style=\"display:none;\" class=\"ninja-forms-field-error\">\n\t\t<\/div>\n\t\t\t\t\t\t\t<\/div>\n\t\t\t\t\t\t\t\t\t\t\t\t<div class=\"field-wrap checkbox-wrap label-right\"  id=\"ninja_forms_field_49_div_wrap\" data-visible=\"1\">\n\t\t\t\t\t\t\t<input type=\"hidden\" id=\"ninja_forms_field_49_type\" value=\"checkbox\">\n<input id=\"\" name=\"ninja_forms_field_49\" type=\"hidden\" value=\"unchecked\" \/><input id=\"ninja_forms_field_49\" name=\"ninja_forms_field_49\" type=\"checkbox\" class=\"ninja-forms-field  ninja-forms-req\" value=\"checked\"  rel=\"49\"\/>\t\t<label for=\"ninja_forms_field_49\" id=\"ninja_forms_field_49_label\" class=\"\">Ich erlaube die Einreichung elektronischer Informationsmitteilungen \u00fcber Aktivit\u00e4ten, Produkte oder Dienstleistungen per e-Mail oder andere gleichwertige elektronische Mittel <span class='ninja-forms-req-symbol'><strong>*<\/strong><\/span>\t\t\t\t<\/label>\n\t\t\t<div id=\"ninja_forms_field_49_error\" style=\"display:none;\" class=\"ninja-forms-field-error\">\n\t\t<\/div>\n\t\t\t\t\t\t\t<\/div>\n\t\t\t\t\t\t\t\t\t\t\t\t<div class=\"field-wrap g_recaptcha-wrap label-above\"  id=\"ninja_forms_field_52_div_wrap\" data-visible=\"1\">\n\t\t\t\t\t\t\t<input type=\"hidden\" id=\"ninja_forms_field_52_type\" value=\"g_recaptcha\">\n\t\t<label for=\"ninja_forms_field_52\" id=\"ninja_forms_field_52_label\" class=\"\"> <span class='ninja-forms-req-symbol'><strong>*<\/strong><\/span>\t\t\t\t<\/label>\n\t\t\n\t<input id=\"ninja_forms_field_52\" name=\"ninja_forms_field_52\" type=\"hidden\" class=\"\" value=\"\" rel=\"52\" \/>\n\t\t<div class=\"g-recaptcha\" data-callback=\"recaptcha_set_value_1501144741\" data-sitekey=\"6Lc9WAoUAAAAAFJClyl3P3nJXyYmb2adN5i1MF74\"><\/div>\n            <script type=\"text\/javascript\" src=\"https:\/\/www.google.com\/recaptcha\/api.js?hl=en\">\n            <\/script>\n            <script type=\"text\/javascript\">\n            function recaptcha_set_value_1501144741(inpval){\n            \tjQuery(\"#ninja_forms_field_52\").val(inpval)\n\n            }\n            <\/script>\n\n\t\t\t<div id=\"ninja_forms_field_52_error\" style=\"display:none;\" class=\"ninja-forms-field-error\">\n\t\t<\/div>\n\t\t\t\t\t\t\t<\/div>\n\t\t\t\t\t\t\t\t\t\t\t\t<div class=\"field-wrap submit-wrap label-above\"  id=\"ninja_forms_field_33_div_wrap\" data-visible=\"1\">\n\t\t\t\t\t\t\t<input type=\"hidden\" id=\"ninja_forms_field_33_type\" value=\"submit\">\n\t<div id=\"nf_submit_33\">\n\t\t<input type=\"submit\" name=\"_ninja_forms_field_33\" class=\"ninja-forms-field \" id=\"ninja_forms_field_33\" value=\"senden\" rel=\"33\" >\n\t<\/div>\n\t<div id=\"nf_processing_33\" style=\"display:none;\">\n\t\t<input type=\"submit\" name=\"_ninja_forms_field_33\" class=\"ninja-forms-field \" id=\"ninja_forms_field_33\" value=\"Wird bearbeitet\" rel=\"33\" disabled>\n\t<\/div>\n\t\t<div id=\"ninja_forms_field_33_error\" style=\"display:none;\" class=\"ninja-forms-field-error\">\n\t\t<\/div>\n\t\t\t\t\t\t\t<\/div>\n\t\t\t\t\t\t\t<\/div>\n\t\t<\/form>\n\t\t<\/div>\n\t\t<\/div>\n\t\n<h3>Oder besuchen Sie unser Team<\/h3>\n<p>Wir sind st\u00e4ndig auf der Suche nach begeisterten Menschen mit einem offenen Blick und Erfahrung, vor allem auf der Suche nach Menschen mit Studien im Bereich des Tourismus.\u00a0<a href=\"https:\/\/www.pensiuneambient.ro\/de\/contact\/trabaja-con-nosotros\/\"><strong>Know more<\/strong><\/a><\/p>\n<p>Steuerdaten:<br \/>\nSC Euro-Tour SRL<br \/>\nCUI \/ VAT : RO11371616<br \/>\nRegistrierungsnr. J1999000028080<br \/>\nSt. Aninoasa 5, Brasov, Romania<br \/>\nRON IBAN : RO60BACX0000003009655000<br \/>\nEURO IBAN : RO06BACX0000003009655002<br \/>\nUNICREDIT, BRASOV<br \/>\nSwift: BACXROBU<br \/>\nKlassifizierungszertifikat nummer: 9353\/5675<\/p>\n<figure id=\"attachment_8460\" aria-describedby=\"caption-attachment-8460\" style=\"width: 150px\" class=\"wp-caption alignnone\"><a href=\"https:\/\/www.pensiuneambient.ro\/contact\/certificat-clasificare-pensiune\/\" rel=\"attachment wp-att-8460\"><img loading=\"lazy\" decoding=\"async\" class=\"wp-image-8460 size-thumbnail\" title=\"Klassifizierung zertifikat\" src=\"https:\/\/www.pensiuneambient.ro\/wp-content\/uploads\/2024\/10\/Certificat-Clasificare-Pensiune-150x150.jpg\" alt=\"Klassifizierung zertifikat\" width=\"150\" height=\"150\" \/><\/a><figcaption id=\"caption-attachment-8460\" class=\"wp-caption-text\">Klassifizierung zertifikat<\/figcaption><\/figure>\n<p>[\/vc_column_text][\/vc_column][\/vc_row]<\/p>","protected":false},"excerpt":{"rendered":"<p>[vc_row][vc_column width=&#8221;7\/12&#8243;][vc_column_text]Wenn Sie eine Buchung vornehmen m\u00f6chten, tun Sie es auf unserer Website und direkt werden Sie den besten Preis [&hellip;]<\/p>\n","protected":false},"author":1,"featured_media":0,"parent":0,"menu_order":8,"comment_status":"open","ping_status":"closed","template":"page-templates\/contact-2.php","meta":{"footnotes":""},"yst_prominent_words":[],"class_list":["post-20","page","type-page","status-publish","hentry"],"yoast_head":"<!-- This site is optimized with the Yoast SEO Premium plugin v14.0.2 - https:\/\/yoast.com\/wordpress\/plugins\/seo\/ -->\n<title>Kontakt - Ambient Pension - Brasov (Rum\u00e4nien) - Buchen Sie zum besten Preis<\/title>\n<meta name=\"description\" content=\"{:ro}Echipa noastr\u0103 v\u0103 st\u0103 la dispozi\u021bie pentru \u00eentreb\u0103ri cu privire la rezervarea dvs., evenimente, transferuri, s\u0103li de reuniuni sau orice alt subiect. Vom fi incanta\u021bi s\u0103 v\u0103 putem ajuta.{:}\" \/>\n<meta name=\"robots\" content=\"index, follow\" \/>\n<meta name=\"googlebot\" content=\"index, follow, max-snippet:-1, max-image-preview:large, max-video-preview:-1\" \/>\n<meta name=\"bingbot\" content=\"index, follow, max-snippet:-1, max-image-preview:large, max-video-preview:-1\" \/>\n<link rel=\"canonical\" href=\"https:\/\/www.pensiuneambient.ro\/contact\/\" \/>\n<meta property=\"og:locale\" content=\"de_DE\" \/>\n<meta property=\"og:type\" content=\"article\" \/>\n<meta property=\"og:title\" content=\"[:ro]Contact[:en]Contact[:es]Contacto[:de]Kontakt[:] - Ambient Pension - Brasov (Rum\u00e4nien) - Buchen Sie zum besten Preis\" \/>\n<meta property=\"og:description\" content=\"{:ro}Echipa noastr\u0103 v\u0103 st\u0103 la dispozi\u021bie pentru \u00eentreb\u0103ri cu privire la rezervarea dvs., evenimente, transferuri, s\u0103li de reuniuni sau orice alt subiect. Vom fi incanta\u021bi s\u0103 v\u0103 putem ajuta.{:}\" \/>\n<meta property=\"og:url\" content=\"https:\/\/www.pensiuneambient.ro\/contact\/\" \/>\n<meta property=\"og:site_name\" content=\"Ambient Pension - Brasov (Rum\u00e4nien) - Buchen Sie zum besten Preis\" \/>\n<meta property=\"article:modified_time\" content=\"2025-04-03T20:43:51+00:00\" \/>\n<meta property=\"og:image\" content=\"https:\/\/www.pensiuneambient.ro\/wp-content\/uploads\/2024\/10\/Certificat-Clasificare-Pensiune-150x150.jpg\" \/>\n<meta name=\"twitter:card\" content=\"summary_large_image\" \/>\n<script type=\"application\/ld+json\" class=\"yoast-schema-graph\">{\"@context\":\"https:\/\/schema.org\",\"@graph\":[{\"@type\":\"WebSite\",\"@id\":\"https:\/\/www.pensiuneambient.ro\/de\/#website\",\"url\":\"https:\/\/www.pensiuneambient.ro\/de\/\",\"name\":\"Ambient Pension - Brasov (Rum\\u00e4nien) - Buchen Sie zum besten Preis\",\"description\":\"Offizielle Seite\",\"potentialAction\":[{\"@type\":\"SearchAction\",\"target\":\"https:\/\/www.pensiuneambient.ro\/de\/?s={search_term_string}\",\"query-input\":\"required name=search_term_string\"}],\"inLanguage\":\"de\"},{\"@type\":\"ImageObject\",\"@id\":\"https:\/\/www.pensiuneambient.ro\/contact\/#primaryimage\",\"inLanguage\":\"de\",\"url\":\"https:\/\/www.pensiuneambient.ro\/wp-content\/uploads\/2024\/10\/Certificat-Clasificare-Pensiune.jpg\",\"width\":1240,\"height\":1752,\"caption\":\"Certificat clasificare\"},{\"@type\":\"WebPage\",\"@id\":\"https:\/\/www.pensiuneambient.ro\/contact\/#webpage\",\"url\":\"https:\/\/www.pensiuneambient.ro\/contact\/\",\"name\":\"[:ro]Contact[:en]Contact[:es]Contacto[:de]Kontakt[:] - Ambient Pension - Brasov (Rum\\u00e4nien) - Buchen Sie zum besten Preis\",\"isPartOf\":{\"@id\":\"https:\/\/www.pensiuneambient.ro\/de\/#website\"},\"primaryImageOfPage\":{\"@id\":\"https:\/\/www.pensiuneambient.ro\/contact\/#primaryimage\"},\"datePublished\":\"2014-09-14T09:20:26+00:00\",\"dateModified\":\"2025-04-03T20:43:51+00:00\",\"description\":\"{:ro}Echipa noastr\\u0103 v\\u0103 st\\u0103 la dispozi\\u021bie pentru \\u00eentreb\\u0103ri cu privire la rezervarea dvs., evenimente, transferuri, s\\u0103li de reuniuni sau orice alt subiect. Vom fi incanta\\u021bi s\\u0103 v\\u0103 putem ajuta.{:}\",\"inLanguage\":\"de\",\"potentialAction\":[{\"@type\":\"ReadAction\",\"target\":[\"https:\/\/www.pensiuneambient.ro\/contact\/\"]}]}]}<\/script>\n<!-- \/ Yoast SEO Premium plugin. -->","_links":{"self":[{"href":"https:\/\/www.pensiuneambient.ro\/de\/wp-json\/wp\/v2\/pages\/20","targetHints":{"allow":["GET"]}}],"collection":[{"href":"https:\/\/www.pensiuneambient.ro\/de\/wp-json\/wp\/v2\/pages"}],"about":[{"href":"https:\/\/www.pensiuneambient.ro\/de\/wp-json\/wp\/v2\/types\/page"}],"author":[{"embeddable":true,"href":"https:\/\/www.pensiuneambient.ro\/de\/wp-json\/wp\/v2\/users\/1"}],"replies":[{"embeddable":true,"href":"https:\/\/www.pensiuneambient.ro\/de\/wp-json\/wp\/v2\/comments?post=20"}],"version-history":[{"count":34,"href":"https:\/\/www.pensiuneambient.ro\/de\/wp-json\/wp\/v2\/pages\/20\/revisions"}],"predecessor-version":[{"id":8486,"href":"https:\/\/www.pensiuneambient.ro\/de\/wp-json\/wp\/v2\/pages\/20\/revisions\/8486"}],"wp:attachment":[{"href":"https:\/\/www.pensiuneambient.ro\/de\/wp-json\/wp\/v2\/media?parent=20"}],"wp:term":[{"taxonomy":"yst_prominent_words","embeddable":true,"href":"https:\/\/www.pensiuneambient.ro\/de\/wp-json\/wp\/v2\/yst_prominent_words?post=20"}],"curies":[{"name":"wp","href":"https:\/\/api.w.org\/{rel}","templated":true}]}}